{"id":48375,"date":"2024-04-01T04:54:44","date_gmt":"2024-04-01T04:54:44","guid":{"rendered":"https:\/\/e.kosmolat.eu\/product\/cosmeplant-vir-mitrinosa-zeleja-pec-skus-ar-org-lavandas-ekstr-125-ml\/"},"modified":"2026-04-10T05:54:08","modified_gmt":"2026-04-10T05:54:08","slug":"cosmeplant-vir-mitrinosa-zeleja-pec-skus-ar-org-lavandas-ekstr-125-ml","status":"publish","type":"product","link":"https:\/\/e.kosmolat.eu\/lv\/product\/cosmeplant-vir-mitrinosa-zeleja-pec-skus-ar-org-lavandas-ekstr-125-ml\/","title":{"rendered":"Cosmeplant V\u012br. mitrino\u0161a \u017eeleja p\u0113c sk\u016bs. ar org. lavandas ekstr., 125 ml"},"content":{"rendered":"<p>L\u012bdzeklis ar ozola mizu un organisk\u0101s lavandas ekstraktu maigai \u0101das kop&scaron;anai. Nomierina, intens\u012bvi mitrina un m\u012bkstina \u0101du, pie&scaron;\u0137irot tai svaigumu.<\/p>\n<p><strong>Lieto&scaron;ana:<\/strong> p\u0113c sk\u016b&scaron;anas mas\u0113jo&scaron;\u0101m kust\u012bb\u0101m uzkl\u0101t pietiekamu \u017eelejas daudzumu uz sejas \u0101das, l\u012bdz piln\u012bb\u0101 ies\u016bcas.<\/p>\n<p>Uzglab\u0101t t&deg; no +5 &deg;\u0421 l\u012bdz +25 &deg;\u0421, sarg\u0101jot no tie&scaron;iem saules stariem.<\/p>\n<p><strong>Der\u012bguma termi\u0146&scaron;:<\/strong> 24 m\u0113n.&nbsp;<\/p>\n","protected":false},"excerpt":{"rendered":"<p>L\u012bdzeklis ar ozola mizu un organisk\u0101s lavandas ekstraktu maigai \u0101das kop&scaron;anai. Nomierina, intens\u012bvi mitrina un m\u012bkstina \u0101du, pie&scaron;\u0137irot tai svaigumu. Lieto&scaron;ana: p\u0113c sk\u016b&scaron;anas mas\u0113jo&scaron;\u0101m kust\u012bb\u0101m uzkl\u0101t pietiekamu \u017eelejas daudzumu uz sejas \u0101das, l\u012bdz piln\u012bb\u0101 ies\u016bcas. Uzglab\u0101t t&deg; no +5 &deg;\u0421 l\u012bdz +25 &deg;\u0421, sarg\u0101jot no tie&scaron;iem saules stariem. Der\u012bguma termi\u0146&scaron;: 24 m\u0113n.&nbsp;<\/p>\n","protected":false},"featured_media":91930,"template":"","meta":[],"product_cat":[1680],"product_tag":[],"class_list":{"0":"post-48375","1":"product","2":"type-product","3":"status-publish","4":"has-post-thumbnail","6":"product_brand-viorica-cosmeplant_bg","7":"product_cat-skusanas-kosmetika","9":"first","10":"outofstock","11":"taxable","12":"shipping-taxable","13":"product-type-simple"},"_links":{"self":[{"href":"https:\/\/e.kosmolat.eu\/lv\/wp-json\/wp\/v2\/product\/48375","targetHints":{"allow":["GET"]}}],"collection":[{"href":"https:\/\/e.kosmolat.eu\/lv\/wp-json\/wp\/v2\/product"}],"about":[{"href":"https:\/\/e.kosmolat.eu\/lv\/wp-json\/wp\/v2\/types\/product"}],"wp:featuredmedia":[{"embeddable":true,"href":"https:\/\/e.kosmolat.eu\/lv\/wp-json\/wp\/v2\/media\/91930"}],"wp:attachment":[{"href":"https:\/\/e.kosmolat.eu\/lv\/wp-json\/wp\/v2\/media?parent=48375"}],"wp:term":[{"taxonomy":"product_cat","embeddable":true,"href":"https:\/\/e.kosmolat.eu\/lv\/wp-json\/wp\/v2\/product_cat?post=48375"},{"taxonomy":"product_tag","embeddable":true,"href":"https:\/\/e.kosmolat.eu\/lv\/wp-json\/wp\/v2\/product_tag?post=48375"}],"curies":[{"name":"wp","href":"https:\/\/api.w.org\/{rel}","templated":true}]}}