{"id":48367,"date":"2024-04-01T04:54:30","date_gmt":"2024-04-01T04:54:30","guid":{"rendered":"https:\/\/e.kosmolat.eu\/product\/cosmeplant-vir-mitrin-zeleja-pec-skusanas-ar-organisko-melisas-ekstraktu-150-ml\/"},"modified":"2026-04-21T09:25:27","modified_gmt":"2026-04-21T09:25:27","slug":"cosmeplant-vir-mitrin-zeleja-pec-skusanas-ar-organisko-melisas-ekstraktu-150-ml","status":"publish","type":"product","link":"https:\/\/e.kosmolat.eu\/lv\/product\/cosmeplant-vir-mitrin-zeleja-pec-skusanas-ar-organisko-melisas-ekstraktu-150-ml\/","title":{"rendered":"Cosmeplant V\u012br. mitrin. \u017eeleja p\u0113c sk\u016bsanas ar organisko melisas ekstraktu, 150 ml"},"content":{"rendered":"<p>L\u012bdzeklis ar ozola mizu un organisk\u0101s melisas ekstraktu maigi nomierina un mitrina \u0101du, sniedzot komfortu un svaigumu.<\/p>\n<p><strong>Lieto&scaron;ana: <\/strong>p\u0113c sk\u016b&scaron;anas mas\u0113jo&scaron;\u0101m kust\u012bb\u0101m uzkl\u0101t pietiekamu \u017eelejas daudzumu uz sejas \u0101das, l\u012bdz piln\u012bb\u0101 ies\u016bcas.<\/p>\n<p>Uzglab\u0101t t&deg; no +5 &deg;\u0421 l\u012bdz +25 &deg;\u0421, sarg\u0101jot no tie&scaron;iem saules stariem.&nbsp;<\/p>\n<p><strong>Der\u012bguma termi\u0146&scaron;:<\/strong> 24 m\u0113n.&nbsp;<\/p>\n","protected":false},"excerpt":{"rendered":"<p>L\u012bdzeklis ar ozola mizu un organisk\u0101s melisas ekstraktu maigi nomierina un mitrina \u0101du, sniedzot komfortu un svaigumu. Lieto&scaron;ana: p\u0113c sk\u016b&scaron;anas mas\u0113jo&scaron;\u0101m kust\u012bb\u0101m uzkl\u0101t pietiekamu \u017eelejas daudzumu uz sejas \u0101das, l\u012bdz piln\u012bb\u0101 ies\u016bcas. Uzglab\u0101t t&deg; no +5 &deg;\u0421 l\u012bdz +25 &deg;\u0421, sarg\u0101jot no tie&scaron;iem saules stariem.&nbsp; Der\u012bguma termi\u0146&scaron;: 24 m\u0113n.&nbsp;<\/p>\n","protected":false},"featured_media":91926,"template":"","meta":[],"product_cat":[1999],"product_tag":[],"class_list":{"0":"post-48367","1":"product","2":"type-product","3":"status-publish","4":"has-post-thumbnail","6":"product_brand-viorica-cosmeplant_bg","7":"product_cat-bez-kategorijas","9":"first","10":"instock","11":"taxable","12":"shipping-taxable","13":"product-type-simple"},"_links":{"self":[{"href":"https:\/\/e.kosmolat.eu\/lv\/wp-json\/wp\/v2\/product\/48367","targetHints":{"allow":["GET"]}}],"collection":[{"href":"https:\/\/e.kosmolat.eu\/lv\/wp-json\/wp\/v2\/product"}],"about":[{"href":"https:\/\/e.kosmolat.eu\/lv\/wp-json\/wp\/v2\/types\/product"}],"wp:featuredmedia":[{"embeddable":true,"href":"https:\/\/e.kosmolat.eu\/lv\/wp-json\/wp\/v2\/media\/91926"}],"wp:attachment":[{"href":"https:\/\/e.kosmolat.eu\/lv\/wp-json\/wp\/v2\/media?parent=48367"}],"wp:term":[{"taxonomy":"product_cat","embeddable":true,"href":"https:\/\/e.kosmolat.eu\/lv\/wp-json\/wp\/v2\/product_cat?post=48367"},{"taxonomy":"product_tag","embeddable":true,"href":"https:\/\/e.kosmolat.eu\/lv\/wp-json\/wp\/v2\/product_tag?post=48367"}],"curies":[{"name":"wp","href":"https:\/\/api.w.org\/{rel}","templated":true}]}}