{"id":48359,"date":"2024-04-01T04:54:16","date_gmt":"2024-04-01T04:54:16","guid":{"rendered":"https:\/\/e.kosmolat.eu\/product\/cosmeplant-viriesu-skus-zel-ar-organisk-lavandas-ekstr-jut-adai-150-ml\/"},"modified":"2026-04-17T13:17:23","modified_gmt":"2026-04-17T13:17:23","slug":"cosmeplant-viriesu-skus-zel-ar-organisk-lavandas-ekstr-jut-adai-150-ml","status":"publish","type":"product","link":"https:\/\/e.kosmolat.eu\/lv\/product\/cosmeplant-viriesu-skus-zel-ar-organisk-lavandas-ekstr-jut-adai-150-ml\/","title":{"rendered":"Cosmeplant V\u012brie\u0161u sk\u016b\u0161. \u017eel. ar organisk. lavandas ekstr. jut. \u0101dai, 150 ml"},"content":{"rendered":"<p>L\u012bdzeklis ar ozola mizu un organisk\u0101s lavandas ekstraktu gludai un prec\u012bzai sk\u016b&scaron;anai. M\u012bkstina \u0101du un sniedz maiguma saj\u016btu.<\/p>\n<p><strong>Lieto&scaron;ana: <\/strong>mas\u0113jo&scaron;\u0101m kust\u012bb\u0101m uzkl\u0101jiet pietiekamu \u017eelejas daudzumu, l\u012bdz veidojas putas.<\/p>\n<p>Uzglab\u0101t t&deg; no +5 &deg;\u0421 l\u012bdz +25 &deg;\u0421, sarg\u0101jot no tie&scaron;iem saules stariem.<\/p>\n<p><strong>Der\u012bguma termi\u0146&scaron;:<\/strong> 36 m\u0113n.&nbsp;<\/p>\n","protected":false},"excerpt":{"rendered":"<p>L\u012bdzeklis ar ozola mizu un organisk\u0101s lavandas ekstraktu gludai un prec\u012bzai sk\u016b&scaron;anai. M\u012bkstina \u0101du un sniedz maiguma saj\u016btu. Lieto&scaron;ana: mas\u0113jo&scaron;\u0101m kust\u012bb\u0101m uzkl\u0101jiet pietiekamu \u017eelejas daudzumu, l\u012bdz veidojas putas. Uzglab\u0101t t&deg; no +5 &deg;\u0421 l\u012bdz +25 &deg;\u0421, sarg\u0101jot no tie&scaron;iem saules stariem. Der\u012bguma termi\u0146&scaron;: 36 m\u0113n.&nbsp;<\/p>\n","protected":false},"featured_media":91922,"template":"","meta":[],"product_cat":[1680],"product_tag":[],"class_list":{"0":"post-48359","1":"product","2":"type-product","3":"status-publish","4":"has-post-thumbnail","6":"product_brand-viorica-cosmeplant_bg","7":"product_cat-skusanas-kosmetika","9":"first","10":"instock","11":"taxable","12":"shipping-taxable","13":"product-type-simple"},"_links":{"self":[{"href":"https:\/\/e.kosmolat.eu\/lv\/wp-json\/wp\/v2\/product\/48359","targetHints":{"allow":["GET"]}}],"collection":[{"href":"https:\/\/e.kosmolat.eu\/lv\/wp-json\/wp\/v2\/product"}],"about":[{"href":"https:\/\/e.kosmolat.eu\/lv\/wp-json\/wp\/v2\/types\/product"}],"wp:featuredmedia":[{"embeddable":true,"href":"https:\/\/e.kosmolat.eu\/lv\/wp-json\/wp\/v2\/media\/91922"}],"wp:attachment":[{"href":"https:\/\/e.kosmolat.eu\/lv\/wp-json\/wp\/v2\/media?parent=48359"}],"wp:term":[{"taxonomy":"product_cat","embeddable":true,"href":"https:\/\/e.kosmolat.eu\/lv\/wp-json\/wp\/v2\/product_cat?post=48359"},{"taxonomy":"product_tag","embeddable":true,"href":"https:\/\/e.kosmolat.eu\/lv\/wp-json\/wp\/v2\/product_tag?post=48359"}],"curies":[{"name":"wp","href":"https:\/\/api.w.org\/{rel}","templated":true}]}}