{"id":48351,"date":"2024-04-01T04:53:59","date_gmt":"2024-04-01T04:53:59","guid":{"rendered":"https:\/\/e.kosmolat.eu\/product\/viorica-attiros-skidr-ziepes-roku-mazgasanai-500-ml\/"},"modified":"2025-09-20T04:28:29","modified_gmt":"2025-09-20T04:28:29","slug":"viorica-attiros-skidr-ziepes-roku-mazgasanai-500-ml","status":"publish","type":"product","link":"https:\/\/e.kosmolat.eu\/lv\/product\/viorica-attiros-skidr-ziepes-roku-mazgasanai-500-ml\/","title":{"rendered":"VIORICA Att\u012bro\u0161. \u0161\u0137idr. ziepes roku mazg\u0101\u0161anai, 500 ml"},"content":{"rendered":"<p>M\u012bkst\u0101s ziepes ar smalku v\u012bnogu arom\u0101tu lieliski att\u012bra, saglab\u0101jot jaun\u012bbu un koptu izskatu. Dab\u012bgs pH l\u012bmenis ir ide\u0101li piem\u0113rots jut\u012bgai un b\u0113rnu \u0101dai.<\/p>\n<p><strong>Lieto&scaron;ana:<\/strong> uzkl\u0101jiet uz mitras \u0101das un saputojiet. Noskalojiet ar \u016bdeni. Atk\u0101rtojiet p\u0113c vajadz\u012bbas. Nav test\u0113ts uz dz\u012bvniekiem.<\/p>\n<p>Uzglab\u0101t t&deg; no +5 &deg;\u0421 l\u012bdz +25 &deg;\u0421, sarg\u0101jot no tie&scaron;iem saules stariem.<\/p>\n<p><strong>Der\u012bguma termi\u0146&scaron;:<\/strong> 36 m\u0113n. P\u0113c atv\u0113r&scaron;anas izletot 12 m\u0113n. laik\u0101.&nbsp;<\/p>\n","protected":false},"excerpt":{"rendered":"<p>M\u012bkst\u0101s ziepes ar smalku v\u012bnogu arom\u0101tu lieliski att\u012bra, saglab\u0101jot jaun\u012bbu un koptu izskatu. Dab\u012bgs pH l\u012bmenis ir ide\u0101li piem\u0113rots jut\u012bgai un b\u0113rnu \u0101dai. Lieto&scaron;ana: uzkl\u0101jiet uz mitras \u0101das un saputojiet. Noskalojiet ar \u016bdeni. Atk\u0101rtojiet p\u0113c vajadz\u012bbas. Nav test\u0113ts uz dz\u012bvniekiem. Uzglab\u0101t t&deg; no +5 &deg;\u0421 l\u012bdz +25 &deg;\u0421, sarg\u0101jot no tie&scaron;iem saules stariem. Der\u012bguma termi\u0146&scaron;: [&#8230;]\n","protected":false},"featured_media":91918,"template":"","meta":[],"product_cat":[1746],"product_tag":[],"class_list":{"0":"post-48351","1":"product","2":"type-product","3":"status-publish","4":"has-post-thumbnail","6":"product_brand-viorica-cosmeplant_bg","7":"product_cat-skidras-ziepes","9":"first","10":"outofstock","11":"taxable","12":"shipping-taxable","13":"product-type-simple"},"_links":{"self":[{"href":"https:\/\/e.kosmolat.eu\/lv\/wp-json\/wp\/v2\/product\/48351","targetHints":{"allow":["GET"]}}],"collection":[{"href":"https:\/\/e.kosmolat.eu\/lv\/wp-json\/wp\/v2\/product"}],"about":[{"href":"https:\/\/e.kosmolat.eu\/lv\/wp-json\/wp\/v2\/types\/product"}],"wp:featuredmedia":[{"embeddable":true,"href":"https:\/\/e.kosmolat.eu\/lv\/wp-json\/wp\/v2\/media\/91918"}],"wp:attachment":[{"href":"https:\/\/e.kosmolat.eu\/lv\/wp-json\/wp\/v2\/media?parent=48351"}],"wp:term":[{"taxonomy":"product_cat","embeddable":true,"href":"https:\/\/e.kosmolat.eu\/lv\/wp-json\/wp\/v2\/product_cat?post=48351"},{"taxonomy":"product_tag","embeddable":true,"href":"https:\/\/e.kosmolat.eu\/lv\/wp-json\/wp\/v2\/product_tag?post=48351"}],"curies":[{"name":"wp","href":"https:\/\/api.w.org\/{rel}","templated":true}]}}