{"id":48343,"date":"2024-04-01T04:53:41","date_gmt":"2024-04-01T04:53:41","guid":{"rendered":"https:\/\/e.kosmolat.eu\/product\/viorica-essentielle-dusas-zeleja-400-ml\/"},"modified":"2026-04-10T05:53:28","modified_gmt":"2026-04-10T05:53:28","slug":"viorica-essentielle-dusas-zeleja-400-ml","status":"publish","type":"product","link":"https:\/\/e.kosmolat.eu\/lv\/product\/viorica-essentielle-dusas-zeleja-400-ml\/","title":{"rendered":"VIORICA ESSENTIELLE Du\u0161as \u017eeleja, 400  ml"},"content":{"rendered":"<p>&Scaron;\u012b du&scaron;as \u017eeleja, kas &nbsp;satur litseja kubeba, citronz\u0101les, citrona un eikalipta \u0113terisk\u0101s e\u013c\u013cas, pie&scaron;\u0137ir ener\u0123iju, nodro&scaron;ina svaiguma saj\u016btu un labu garast\u0101vokli visai dienai. Maigi att\u012bra, toniz\u0113 un ap\u0146em \u0137ermeni ar atsvaidzino&scaron;u arom\u0101tu ar notur\u012bg\u0101m citrusaug\u013cu un augu not\u012bm.<\/p>\n<p><strong>Lieto&scaron;ana: <\/strong>uzkl\u0101t uz mitras \u0101das, maigi iemas\u0113t un noskalot ar \u016bdeni. Nav test\u0113ts uz dz\u012bvniekiem.<\/p>\n<p>Uzglab\u0101t t&deg; no +5 &deg;\u0421 l\u012bdz +25 &deg;\u0421, sarg\u0101jot no tie&scaron;iem saules stariem.<\/p>\n<p><strong>Der\u012bguma termi\u0146&scaron;: <\/strong>36 m\u0113n.&nbsp;<\/p>\n","protected":false},"excerpt":{"rendered":"<p>&Scaron;\u012b du&scaron;as \u017eeleja, kas &nbsp;satur litseja kubeba, citronz\u0101les, citrona un eikalipta \u0113terisk\u0101s e\u013c\u013cas, pie&scaron;\u0137ir ener\u0123iju, nodro&scaron;ina svaiguma saj\u016btu un labu garast\u0101vokli visai dienai. Maigi att\u012bra, toniz\u0113 un ap\u0146em \u0137ermeni ar atsvaidzino&scaron;u arom\u0101tu ar notur\u012bg\u0101m citrusaug\u013cu un augu not\u012bm. Lieto&scaron;ana: uzkl\u0101t uz mitras \u0101das, maigi iemas\u0113t un noskalot ar \u016bdeni. Nav test\u0113ts uz dz\u012bvniekiem. Uzglab\u0101t t&deg; [&#8230;]\n","protected":false},"featured_media":91914,"template":"","meta":[],"product_cat":[1280],"product_tag":[],"class_list":{"0":"post-48343","1":"product","2":"type-product","3":"status-publish","4":"has-post-thumbnail","6":"product_brand-viorica-cosmeplant_bg","7":"product_cat-dusas-zelejas-un-dusas-ellas","9":"first","10":"outofstock","11":"taxable","12":"shipping-taxable","13":"product-type-simple"},"_links":{"self":[{"href":"https:\/\/e.kosmolat.eu\/lv\/wp-json\/wp\/v2\/product\/48343","targetHints":{"allow":["GET"]}}],"collection":[{"href":"https:\/\/e.kosmolat.eu\/lv\/wp-json\/wp\/v2\/product"}],"about":[{"href":"https:\/\/e.kosmolat.eu\/lv\/wp-json\/wp\/v2\/types\/product"}],"wp:featuredmedia":[{"embeddable":true,"href":"https:\/\/e.kosmolat.eu\/lv\/wp-json\/wp\/v2\/media\/91914"}],"wp:attachment":[{"href":"https:\/\/e.kosmolat.eu\/lv\/wp-json\/wp\/v2\/media?parent=48343"}],"wp:term":[{"taxonomy":"product_cat","embeddable":true,"href":"https:\/\/e.kosmolat.eu\/lv\/wp-json\/wp\/v2\/product_cat?post=48343"},{"taxonomy":"product_tag","embeddable":true,"href":"https:\/\/e.kosmolat.eu\/lv\/wp-json\/wp\/v2\/product_tag?post=48343"}],"curies":[{"name":"wp","href":"https:\/\/api.w.org\/{rel}","templated":true}]}}