{"id":48335,"date":"2024-04-01T04:53:26","date_gmt":"2024-04-01T04:53:26","guid":{"rendered":"https:\/\/e.kosmolat.eu\/product\/viorica-essentielle-dusas-zeleja-pilings-200-ml\/"},"modified":"2026-04-17T13:17:09","modified_gmt":"2026-04-17T13:17:09","slug":"viorica-essentielle-dusas-zeleja-pilings-200-ml","status":"publish","type":"product","link":"https:\/\/e.kosmolat.eu\/lv\/product\/viorica-essentielle-dusas-zeleja-pilings-200-ml\/","title":{"rendered":"VIORICA ESSENTIELLE Du\u0161as \u017eeleja-p\u012blings, 200 ml"},"content":{"rendered":"<p>K\u016bsto&scaron;a tekst\u016bra ar smalk\u0101m abraz\u012bv\u0101m da\u013ci\u0146\u0101m maigi att\u012bra un noloba. Saflora ekstrakta, apels\u012bnu un roz\u0101 piparu \u0113terisko e\u013c\u013cu kombin\u0101cija mitrina un m\u012bkstina \u0101du, ap\u0146emot \u0137ermeni ar juteklisku eksotisku arom\u0101tu. \u0100da k\u013c\u016bst samtaina un sagatavota n\u0101kamajiem kop&scaron;anas so\u013ciem.<\/p>\n<p><strong>Lieto&scaron;ana: <\/strong>uzkl\u0101t uz mitras \u0101das, maigi iemas\u0113t un noskalot ar \u016bdeni. Lietot 1-3 reizes ned\u0113\u013c\u0101. Nav test\u0113ts uz dz\u012bvniekiem.<\/p>\n<p>Uzglab\u0101t t&deg; no +5 &deg;\u0421 l\u012bdz +25 &deg;\u0421, sarg\u0101jot no tie&scaron;iem saules stariem.<\/p>\n<p><strong>Der\u012bguma termi\u0146&scaron;:<\/strong> 30 m\u0113n.&nbsp;<\/p>\n","protected":false},"excerpt":{"rendered":"<p>K\u016bsto&scaron;a tekst\u016bra ar smalk\u0101m abraz\u012bv\u0101m da\u013ci\u0146\u0101m maigi att\u012bra un noloba. Saflora ekstrakta, apels\u012bnu un roz\u0101 piparu \u0113terisko e\u013c\u013cu kombin\u0101cija mitrina un m\u012bkstina \u0101du, ap\u0146emot \u0137ermeni ar juteklisku eksotisku arom\u0101tu. \u0100da k\u013c\u016bst samtaina un sagatavota n\u0101kamajiem kop&scaron;anas so\u013ciem. Lieto&scaron;ana: uzkl\u0101t uz mitras \u0101das, maigi iemas\u0113t un noskalot ar \u016bdeni. Lietot 1-3 reizes ned\u0113\u013c\u0101. Nav test\u0113ts uz [&#8230;]\n","protected":false},"featured_media":91910,"template":"","meta":[],"product_cat":[1359],"product_tag":[],"class_list":{"0":"post-48335","1":"product","2":"type-product","3":"status-publish","4":"has-post-thumbnail","6":"product_brand-viorica-cosmeplant_bg","7":"product_cat-kuno-sveitikliai-ir-pilingai","9":"first","10":"instock","11":"taxable","12":"shipping-taxable","13":"product-type-simple"},"_links":{"self":[{"href":"https:\/\/e.kosmolat.eu\/lv\/wp-json\/wp\/v2\/product\/48335","targetHints":{"allow":["GET"]}}],"collection":[{"href":"https:\/\/e.kosmolat.eu\/lv\/wp-json\/wp\/v2\/product"}],"about":[{"href":"https:\/\/e.kosmolat.eu\/lv\/wp-json\/wp\/v2\/types\/product"}],"wp:featuredmedia":[{"embeddable":true,"href":"https:\/\/e.kosmolat.eu\/lv\/wp-json\/wp\/v2\/media\/91910"}],"wp:attachment":[{"href":"https:\/\/e.kosmolat.eu\/lv\/wp-json\/wp\/v2\/media?parent=48335"}],"wp:term":[{"taxonomy":"product_cat","embeddable":true,"href":"https:\/\/e.kosmolat.eu\/lv\/wp-json\/wp\/v2\/product_cat?post=48335"},{"taxonomy":"product_tag","embeddable":true,"href":"https:\/\/e.kosmolat.eu\/lv\/wp-json\/wp\/v2\/product_tag?post=48335"}],"curies":[{"name":"wp","href":"https:\/\/api.w.org\/{rel}","templated":true}]}}