{"id":48327,"date":"2024-04-01T04:53:11","date_gmt":"2024-04-01T04:53:11","guid":{"rendered":"https:\/\/e.kosmolat.eu\/product\/cosmeplant-vir-dusas-zeleja-3-in-1-kermenim-sejai-un-mat-ar-org-melisas-ekstraktu-400-ml\/"},"modified":"2026-04-17T07:43:19","modified_gmt":"2026-04-17T07:43:19","slug":"cosmeplant-vir-dusas-zeleja-3-in-1-kermenim-sejai-un-mat-ar-org-melisas-ekstraktu-400-ml","status":"publish","type":"product","link":"https:\/\/e.kosmolat.eu\/lv\/product\/cosmeplant-vir-dusas-zeleja-3-in-1-kermenim-sejai-un-mat-ar-org-melisas-ekstraktu-400-ml\/","title":{"rendered":"Cosmeplant V\u012br. du\u0161as \u017eeleja 3 in 1 \u0136ermenim, sejai un mat. ar org. melisas ekstraktu, 400 ml"},"content":{"rendered":"<p>\u012apa&scaron;i izstr\u0101d\u0101ts produkts v\u012brie&scaron;u \u0101das att\u012br\u012b&scaron;anai ar ozola mizu un organisk\u0101s melisas ekstraktu maigi att\u012bra sejas un \u0137erme\u0146a \u0101du, nesausinot to un padarot matus m\u012bkst\u0101kus.<\/p>\n<p><strong>Lieto&scaron;ana:<\/strong> uzkl\u0101t nelielu produkta daudzumu uz mitras sejas \u0101das, \u0137erme\u0146a un matiem, saputot un izskalot ar \u016bdeni. Ja nepiecie&scaron;ams, atk\u0101rtot.<\/p>\n<p>Uzglab\u0101t t&deg; no +5 &deg;\u0421 l\u012bdz +25 &deg;\u0421, sarg\u0101jot no tie&scaron;iem saules stariem.<\/p>\n","protected":false},"excerpt":{"rendered":"<p>\u012apa&scaron;i izstr\u0101d\u0101ts produkts v\u012brie&scaron;u \u0101das att\u012br\u012b&scaron;anai ar ozola mizu un organisk\u0101s melisas ekstraktu maigi att\u012bra sejas un \u0137erme\u0146a \u0101du, nesausinot to un padarot matus m\u012bkst\u0101kus. Lieto&scaron;ana: uzkl\u0101t nelielu produkta daudzumu uz mitras sejas \u0101das, \u0137erme\u0146a un matiem, saputot un izskalot ar \u016bdeni. Ja nepiecie&scaron;ams, atk\u0101rtot. Uzglab\u0101t t&deg; no +5 &deg;\u0421 l\u012bdz +25 &deg;\u0421, sarg\u0101jot no [&#8230;]\n","protected":false},"featured_media":91906,"template":"","meta":[],"product_cat":[1999],"product_tag":[],"class_list":{"0":"post-48327","1":"product","2":"type-product","3":"status-publish","4":"has-post-thumbnail","6":"product_brand-viorica-cosmeplant_bg","7":"product_cat-bez-kategorijas","9":"first","10":"instock","11":"taxable","12":"shipping-taxable","13":"product-type-simple"},"_links":{"self":[{"href":"https:\/\/e.kosmolat.eu\/lv\/wp-json\/wp\/v2\/product\/48327","targetHints":{"allow":["GET"]}}],"collection":[{"href":"https:\/\/e.kosmolat.eu\/lv\/wp-json\/wp\/v2\/product"}],"about":[{"href":"https:\/\/e.kosmolat.eu\/lv\/wp-json\/wp\/v2\/types\/product"}],"wp:featuredmedia":[{"embeddable":true,"href":"https:\/\/e.kosmolat.eu\/lv\/wp-json\/wp\/v2\/media\/91906"}],"wp:attachment":[{"href":"https:\/\/e.kosmolat.eu\/lv\/wp-json\/wp\/v2\/media?parent=48327"}],"wp:term":[{"taxonomy":"product_cat","embeddable":true,"href":"https:\/\/e.kosmolat.eu\/lv\/wp-json\/wp\/v2\/product_cat?post=48327"},{"taxonomy":"product_tag","embeddable":true,"href":"https:\/\/e.kosmolat.eu\/lv\/wp-json\/wp\/v2\/product_tag?post=48327"}],"curies":[{"name":"wp","href":"https:\/\/api.w.org\/{rel}","templated":true}]}}