{"id":48319,"date":"2024-04-01T04:52:53","date_gmt":"2024-04-01T04:52:53","guid":{"rendered":"https:\/\/e.kosmolat.eu\/product\/viorica-vie-230c-matu-sprejs-termoaizsardzibai-200-ml\/"},"modified":"2026-04-24T05:28:56","modified_gmt":"2026-04-24T05:28:56","slug":"viorica-vie-230c-matu-sprejs-termoaizsardzibai-200-ml","status":"publish","type":"product","link":"https:\/\/e.kosmolat.eu\/lv\/product\/viorica-vie-230c-matu-sprejs-termoaizsardzibai-200-ml\/","title":{"rendered":"VIORICA VIE 230C Matu sprejs termoaizsardz\u012bbai, 200 ml"},"content":{"rendered":"<p>Efekt\u012bva kop&scaron;ana matiem bie\u017ei pak\u013cautiem termiskai apstr\u0101dei. <strong>Viephenol<\/strong> efekt\u012bvi pal\u0113nina matu noveco&scaron;an\u0101s procesu. <strong>Termoakt\u012bv\u0101 sist\u0113ma<\/strong> aizsarg\u0101 matus pret augst\u0101m temperat\u016br\u0101m un atvieglo matu veido&scaron;anu. <strong>Augu olbaltumvielas, beta\u012bns un aminosk\u0101bes<\/strong> mitrina un izl\u012bdzina matus.<\/p>\n<p><strong>Lieto&scaron;ana: <\/strong>sakratiet pudeli un izsmidziniet uz mitriem vai sausiem matiem pirms karst\u0101s veido&scaron;anas. Nav test\u0113ts uz dz\u012bvniekiem. Uzglab\u0101t t&deg; no +5 &deg;\u0421 l\u012bdz +25 &deg;\u0421, sarg\u0101jot no tie&scaron;iem saules stariem.<\/p>\n<p><strong>Der\u012bguma termi\u0146&scaron;: <\/strong>36 m\u0113n.<\/p>\n","protected":false},"excerpt":{"rendered":"<p>Efekt\u012bva kop&scaron;ana matiem bie\u017ei pak\u013cautiem termiskai apstr\u0101dei. Viephenol efekt\u012bvi pal\u0113nina matu noveco&scaron;an\u0101s procesu. Termoakt\u012bv\u0101 sist\u0113ma aizsarg\u0101 matus pret augst\u0101m temperat\u016br\u0101m un atvieglo matu veido&scaron;anu. Augu olbaltumvielas, beta\u012bns un aminosk\u0101bes mitrina un izl\u012bdzina matus. Lieto&scaron;ana: sakratiet pudeli un izsmidziniet uz mitriem vai sausiem matiem pirms karst\u0101s veido&scaron;anas. Nav test\u0113ts uz dz\u012bvniekiem. Uzglab\u0101t t&deg; no +5 &deg;\u0421 [&#8230;]\n","protected":false},"featured_media":91902,"template":"","meta":[],"product_cat":[1404],"product_tag":[],"class_list":{"0":"post-48319","1":"product","2":"type-product","3":"status-publish","4":"has-post-thumbnail","6":"product_brand-viorica-cosmeplant_bg","7":"product_cat-silumine-apsauga","9":"first","10":"instock","11":"taxable","12":"shipping-taxable","13":"product-type-simple"},"_links":{"self":[{"href":"https:\/\/e.kosmolat.eu\/lv\/wp-json\/wp\/v2\/product\/48319","targetHints":{"allow":["GET"]}}],"collection":[{"href":"https:\/\/e.kosmolat.eu\/lv\/wp-json\/wp\/v2\/product"}],"about":[{"href":"https:\/\/e.kosmolat.eu\/lv\/wp-json\/wp\/v2\/types\/product"}],"wp:featuredmedia":[{"embeddable":true,"href":"https:\/\/e.kosmolat.eu\/lv\/wp-json\/wp\/v2\/media\/91902"}],"wp:attachment":[{"href":"https:\/\/e.kosmolat.eu\/lv\/wp-json\/wp\/v2\/media?parent=48319"}],"wp:term":[{"taxonomy":"product_cat","embeddable":true,"href":"https:\/\/e.kosmolat.eu\/lv\/wp-json\/wp\/v2\/product_cat?post=48319"},{"taxonomy":"product_tag","embeddable":true,"href":"https:\/\/e.kosmolat.eu\/lv\/wp-json\/wp\/v2\/product_tag?post=48319"}],"curies":[{"name":"wp","href":"https:\/\/api.w.org\/{rel}","templated":true}]}}