{"id":48311,"date":"2024-04-01T04:52:39","date_gmt":"2024-04-01T04:52:39","guid":{"rendered":"https:\/\/e.kosmolat.eu\/product\/viorica-vie-mitrin-maska-saus-un-dehidr-matiem-200-ml\/"},"modified":"2026-05-08T20:42:11","modified_gmt":"2026-05-08T20:42:11","slug":"viorica-vie-mitrin-maska-saus-un-dehidr-matiem-150-ml","status":"publish","type":"product","link":"https:\/\/e.kosmolat.eu\/lv\/product\/viorica-vie-mitrin-maska-saus-un-dehidr-matiem-150-ml\/","title":{"rendered":"VIORICA VIE Mitrin. maska saus. un dehidr. matiem, 150 ml"},"content":{"rendered":"<p>Iev\u0113rojami uzlabo matu strukt\u016bru un atgrie\u017e matiem dz\u012bv\u012bgumu. <strong>Antioksidantu komplekss Viephenol<\/strong> efekt\u012bvi pal\u0113nina matu noveco&scaron;an\u0101s procesu. <strong>Avokado e\u013c\u013ca un alvejas sula<\/strong> mitrina, baro un stiprina matus. <strong>Kam\u0113lijas e\u013c\u013ca <\/strong>atjauno boj\u0101t\u0101s matu kutikulas, padarot matus glud\u0101kus un elast\u012bg\u0101kus.<\/p>\n<p><strong>Lieto&scaron;ana: <\/strong>uzkl\u0101jiet masku uz t\u012briem mitriem matiem. Sadaliet to vis\u0101 matu garum\u0101, izvairoties no sakn\u0113m. P\u0113c 3-5 min\u016bt\u0113m r\u016bp\u012bgi izskalojiet ar \u016bdeni. Lab\u0101kam rezult\u0101tam lietojiet kop\u0101 ar Viorica Vie Mitrino&scaron;u &scaron;amp\u016bnu un balzamu.&nbsp;Nav test\u0113ts uz dz\u012bvniekiem.<\/p>\n<p>Uzglab\u0101t t&deg; no +5 &deg;\u0421 l\u012bdz +25 &deg;\u0421, sarg\u0101jot no tie&scaron;iem saules stariem.<\/p>\n<p><strong>Der\u012bguma termi\u0146&scaron;: <\/strong>30 m\u0113n.&nbsp;<\/p>\n","protected":false},"excerpt":{"rendered":"<p>Iev\u0113rojami uzlabo matu strukt\u016bru un atgrie\u017e matiem dz\u012bv\u012bgumu. Antioksidantu komplekss Viephenol efekt\u012bvi pal\u0113nina matu noveco&scaron;an\u0101s procesu. Avokado e\u013c\u013ca un alvejas sula mitrina, baro un stiprina matus. Kam\u0113lijas e\u013c\u013ca atjauno boj\u0101t\u0101s matu kutikulas, padarot matus glud\u0101kus un elast\u012bg\u0101kus. Lieto&scaron;ana: uzkl\u0101jiet masku uz t\u012briem mitriem matiem. Sadaliet to vis\u0101 matu garum\u0101, izvairoties no sakn\u0113m. P\u0113c 3-5 min\u016bt\u0113m [&#8230;]\n","protected":false},"featured_media":91898,"template":"","meta":[],"product_cat":[1256],"product_tag":[],"class_list":{"0":"post-48311","1":"product","2":"type-product","3":"status-publish","4":"has-post-thumbnail","6":"product_brand-viorica-cosmeplant_bg","7":"product_cat-plauku-kaukes","9":"first","10":"instock","11":"taxable","12":"shipping-taxable","13":"product-type-simple"},"_links":{"self":[{"href":"https:\/\/e.kosmolat.eu\/lv\/wp-json\/wp\/v2\/product\/48311","targetHints":{"allow":["GET"]}}],"collection":[{"href":"https:\/\/e.kosmolat.eu\/lv\/wp-json\/wp\/v2\/product"}],"about":[{"href":"https:\/\/e.kosmolat.eu\/lv\/wp-json\/wp\/v2\/types\/product"}],"wp:featuredmedia":[{"embeddable":true,"href":"https:\/\/e.kosmolat.eu\/lv\/wp-json\/wp\/v2\/media\/91898"}],"wp:attachment":[{"href":"https:\/\/e.kosmolat.eu\/lv\/wp-json\/wp\/v2\/media?parent=48311"}],"wp:term":[{"taxonomy":"product_cat","embeddable":true,"href":"https:\/\/e.kosmolat.eu\/lv\/wp-json\/wp\/v2\/product_cat?post=48311"},{"taxonomy":"product_tag","embeddable":true,"href":"https:\/\/e.kosmolat.eu\/lv\/wp-json\/wp\/v2\/product_tag?post=48311"}],"curies":[{"name":"wp","href":"https:\/\/api.w.org\/{rel}","templated":true}]}}