{"id":48303,"date":"2024-04-01T04:50:53","date_gmt":"2024-04-01T04:50:53","guid":{"rendered":"https:\/\/e.kosmolat.eu\/product\/viorica-vie-mitr-matu-balzams-normal-un-saus-matiem-200-ml\/"},"modified":"2026-04-22T11:24:29","modified_gmt":"2026-04-22T11:24:29","slug":"viorica-vie-mitr-matu-balzams-normal-un-saus-matiem-200-ml","status":"publish","type":"product","link":"https:\/\/e.kosmolat.eu\/lv\/product\/viorica-vie-mitr-matu-balzams-normal-un-saus-matiem-200-ml\/","title":{"rendered":"VIORICA VIE Mitr. matu balzams norm\u0101l. un saus. matiem, 200 ml"},"content":{"rendered":"<p>Nodro&scaron;ina papildu matu kop&scaron;anu, padara matus biezus, sp\u012bd\u012bgus un z\u012bdainus. <strong>Antioksidantu komplekss Viephenol<\/strong> pal\u0113nina matu noveco&scaron;an\u0101s procesus. <strong>Kvie&scaron;u asnu e\u013c\u013ca un kvie&scaron;u kliju ekstrakts <\/strong>intens\u012bvi mitrina matus, mazinot sprogo&scaron;anos. <strong>Augu keram\u012bdi <\/strong>saglab\u0101 mitrumu matos un nov\u0113r&scaron; matu l\u016b&scaron;anu.<\/p>\n<p><strong>Lieto&scaron;ana:<\/strong> uzkl\u0101jiet balzamu uz t\u012briem mitriem matiem. Sadaliet to vis\u0101 matu garum\u0101, izvairoties no sakn\u0113m. P\u0113c 1-2 min\u016bt\u0113m r\u016bp\u012bgi izskalojiet ar \u016bdeni. Lab\u0101kam rezult\u0101tam lietojiet kop\u0101 ar Viorica Vie Mitrino&scaron;u &scaron;amp\u016bnu un masku. Nav test\u0113ts uz dz\u012bvniekiem.<\/p>\n<p>Uzglab\u0101t t&deg; no +5 &deg;\u0421 l\u012bdz +25 &deg;\u0421, sarg\u0101jot no tie&scaron;iem saules stariem.<\/p>\n<p><strong>Der\u012bguma termi\u0146&scaron;: <\/strong>30 m\u0113n.&nbsp;<\/p>\n","protected":false},"excerpt":{"rendered":"<p>Nodro&scaron;ina papildu matu kop&scaron;anu, padara matus biezus, sp\u012bd\u012bgus un z\u012bdainus. Antioksidantu komplekss Viephenol pal\u0113nina matu noveco&scaron;an\u0101s procesus. Kvie&scaron;u asnu e\u013c\u013ca un kvie&scaron;u kliju ekstrakts intens\u012bvi mitrina matus, mazinot sprogo&scaron;anos. Augu keram\u012bdi saglab\u0101 mitrumu matos un nov\u0113r&scaron; matu l\u016b&scaron;anu. Lieto&scaron;ana: uzkl\u0101jiet balzamu uz t\u012briem mitriem matiem. Sadaliet to vis\u0101 matu garum\u0101, izvairoties no sakn\u0113m. P\u0113c 1-2 [&#8230;]\n","protected":false},"featured_media":91894,"template":"","meta":[],"product_cat":[2181],"product_tag":[],"class_list":{"0":"post-48303","1":"product","2":"type-product","3":"status-publish","4":"has-post-thumbnail","6":"product_brand-viorica-cosmeplant_bg","7":"product_cat-bez-kategorijas-lt","9":"first","10":"instock","11":"taxable","12":"shipping-taxable","13":"product-type-simple"},"_links":{"self":[{"href":"https:\/\/e.kosmolat.eu\/lv\/wp-json\/wp\/v2\/product\/48303","targetHints":{"allow":["GET"]}}],"collection":[{"href":"https:\/\/e.kosmolat.eu\/lv\/wp-json\/wp\/v2\/product"}],"about":[{"href":"https:\/\/e.kosmolat.eu\/lv\/wp-json\/wp\/v2\/types\/product"}],"wp:featuredmedia":[{"embeddable":true,"href":"https:\/\/e.kosmolat.eu\/lv\/wp-json\/wp\/v2\/media\/91894"}],"wp:attachment":[{"href":"https:\/\/e.kosmolat.eu\/lv\/wp-json\/wp\/v2\/media?parent=48303"}],"wp:term":[{"taxonomy":"product_cat","embeddable":true,"href":"https:\/\/e.kosmolat.eu\/lv\/wp-json\/wp\/v2\/product_cat?post=48303"},{"taxonomy":"product_tag","embeddable":true,"href":"https:\/\/e.kosmolat.eu\/lv\/wp-json\/wp\/v2\/product_tag?post=48303"}],"curies":[{"name":"wp","href":"https:\/\/api.w.org\/{rel}","templated":true}]}}