{"id":48295,"date":"2024-04-01T04:50:34","date_gmt":"2024-04-01T04:50:34","guid":{"rendered":"https:\/\/e.kosmolat.eu\/product\/viorica-vie-mitrinoss-sampuns-normaliem-un-sausiem-matiem-400-ml\/"},"modified":"2026-04-10T05:52:01","modified_gmt":"2026-04-10T05:52:01","slug":"viorica-vie-mitrinoss-sampuns-normaliem-un-sausiem-matiem-400-ml","status":"publish","type":"product","link":"https:\/\/e.kosmolat.eu\/lv\/product\/viorica-vie-mitrinoss-sampuns-normaliem-un-sausiem-matiem-400-ml\/","title":{"rendered":"VIORICA VIE Mitrino\u0161s \u0161amp\u016bns norm\u0101liem un sausiem matiem, 400 ml"},"content":{"rendered":"<p>Maigi att\u012bra un mitrina matus, padarot tos paklaus\u012bgus un sp\u012bd\u012bgus. <strong>Antioksidantu komplekss Viephenol<\/strong> pal\u0113nina matu noveco&scaron;an\u0101s procesu. <strong>Kam\u0113lijas e\u013c\u013ca un kvie&scaron;u asnu ekstrakts<\/strong> mitrina un izl\u012bdzina matus.<strong> Augu keram\u012bdi <\/strong>saglab\u0101 mitrumu matos un nov\u0113r&scaron; matu l\u016b&scaron;anu.<\/p>\n<p><strong>Lieto&scaron;ana:<\/strong> uzkl\u0101jiet &scaron;amp\u016bnu uz mitriem matiem un saputojiet. R\u016bp\u012bgi izskalojiet ar siltu \u016bdeni. Nepiecie&scaron;am\u012bbas gad\u012bjum\u0101 atk\u0101rtojiet proced\u016bru. Lab\u0101kam rezult\u0101tam lietot kop\u0101 ar Viorica Vie Mitrino&scaron;u balzamu-masku. Nav test\u0113ts uz dz\u012bvniekiem.<\/p>\n<p>Uzglab\u0101t t&deg; no +5 &deg;\u0421 l\u012bdz +25 &deg;\u0421, sarg\u0101jot no tie&scaron;iem saules stariem.<\/p>\n<p><strong>Der\u012bguma termi\u0146&scaron;:<\/strong> 30 m\u0113n.&nbsp;<\/p>\n","protected":false},"excerpt":{"rendered":"<p>Maigi att\u012bra un mitrina matus, padarot tos paklaus\u012bgus un sp\u012bd\u012bgus. Antioksidantu komplekss Viephenol pal\u0113nina matu noveco&scaron;an\u0101s procesu. Kam\u0113lijas e\u013c\u013ca un kvie&scaron;u asnu ekstrakts mitrina un izl\u012bdzina matus. Augu keram\u012bdi saglab\u0101 mitrumu matos un nov\u0113r&scaron; matu l\u016b&scaron;anu. Lieto&scaron;ana: uzkl\u0101jiet &scaron;amp\u016bnu uz mitriem matiem un saputojiet. R\u016bp\u012bgi izskalojiet ar siltu \u016bdeni. Nepiecie&scaron;am\u012bbas gad\u012bjum\u0101 atk\u0101rtojiet proced\u016bru. Lab\u0101kam rezult\u0101tam [&#8230;]\n","protected":false},"featured_media":91890,"template":"","meta":[],"product_cat":[2181],"product_tag":[],"class_list":{"0":"post-48295","1":"product","2":"type-product","3":"status-publish","4":"has-post-thumbnail","6":"product_brand-viorica-cosmeplant_bg","7":"product_cat-bez-kategorijas-lt","9":"first","10":"instock","11":"taxable","12":"shipping-taxable","13":"product-type-simple"},"_links":{"self":[{"href":"https:\/\/e.kosmolat.eu\/lv\/wp-json\/wp\/v2\/product\/48295","targetHints":{"allow":["GET"]}}],"collection":[{"href":"https:\/\/e.kosmolat.eu\/lv\/wp-json\/wp\/v2\/product"}],"about":[{"href":"https:\/\/e.kosmolat.eu\/lv\/wp-json\/wp\/v2\/types\/product"}],"wp:featuredmedia":[{"embeddable":true,"href":"https:\/\/e.kosmolat.eu\/lv\/wp-json\/wp\/v2\/media\/91890"}],"wp:attachment":[{"href":"https:\/\/e.kosmolat.eu\/lv\/wp-json\/wp\/v2\/media?parent=48295"}],"wp:term":[{"taxonomy":"product_cat","embeddable":true,"href":"https:\/\/e.kosmolat.eu\/lv\/wp-json\/wp\/v2\/product_cat?post=48295"},{"taxonomy":"product_tag","embeddable":true,"href":"https:\/\/e.kosmolat.eu\/lv\/wp-json\/wp\/v2\/product_tag?post=48295"}],"curies":[{"name":"wp","href":"https:\/\/api.w.org\/{rel}","templated":true}]}}