{"id":48287,"date":"2024-04-01T04:50:15","date_gmt":"2024-04-01T04:50:15","guid":{"rendered":"https:\/\/e.kosmolat.eu\/product\/cosmeplant-vir-stiprin-sampuns-balzams-2-in-1-ar-sark-piparu-ekst-400-ml\/"},"modified":"2026-04-17T13:16:54","modified_gmt":"2026-04-17T13:16:54","slug":"cosmeplant-vir-stiprin-sampuns-balzams-2-in-1-ar-sark-piparu-ekst-400-ml","status":"publish","type":"product","link":"https:\/\/e.kosmolat.eu\/lv\/product\/cosmeplant-vir-stiprin-sampuns-balzams-2-in-1-ar-sark-piparu-ekst-400-ml\/","title":{"rendered":"Cosmeplant  V\u012br. stiprin. \u0161amp\u016bns +  balzams 2 in 1 ar sark. piparu ekst., 400 ml"},"content":{"rendered":"<p>\u012apa&scaron;i izstr\u0101d\u0101ts produkts v\u012brie&scaron;u matu kop&scaron;anai ar ozola mizu un sarkano piparu ekstraktu stiprina matus un stimul\u0113 matu aug&scaron;anu, pie&scaron;\u0137irot tiem vesel\u012bgu izskatu.&nbsp;<\/p>\n<p><strong>Lieto&scaron;ana: <\/strong>uzkl\u0101t nelielu produkta daudzumu uz mitras galvas \u0101das un matiem, saputot un izskalot. Ja nepiecie&scaron;ams, atk\u0101rtot.<\/p>\n<p>Uzglab\u0101t t&deg; no +5 &deg;\u0421 l\u012bdz +25 &deg;\u0421, sarg\u0101jot no tie&scaron;iem saules stariem.&nbsp;<\/p>\n","protected":false},"excerpt":{"rendered":"<p>\u012apa&scaron;i izstr\u0101d\u0101ts produkts v\u012brie&scaron;u matu kop&scaron;anai ar ozola mizu un sarkano piparu ekstraktu stiprina matus un stimul\u0113 matu aug&scaron;anu, pie&scaron;\u0137irot tiem vesel\u012bgu izskatu.&nbsp; Lieto&scaron;ana: uzkl\u0101t nelielu produkta daudzumu uz mitras galvas \u0101das un matiem, saputot un izskalot. Ja nepiecie&scaron;ams, atk\u0101rtot. Uzglab\u0101t t&deg; no +5 &deg;\u0421 l\u012bdz +25 &deg;\u0421, sarg\u0101jot no tie&scaron;iem saules stariem.&nbsp;<\/p>\n","protected":false},"featured_media":91886,"template":"","meta":[],"product_cat":[1686],"product_tag":[],"class_list":{"0":"post-48287","1":"product","2":"type-product","3":"status-publish","4":"has-post-thumbnail","6":"product_brand-viorica-cosmeplant_bg","7":"product_cat-matu-kopsanai","9":"first","10":"instock","11":"taxable","12":"shipping-taxable","13":"product-type-simple"},"_links":{"self":[{"href":"https:\/\/e.kosmolat.eu\/lv\/wp-json\/wp\/v2\/product\/48287","targetHints":{"allow":["GET"]}}],"collection":[{"href":"https:\/\/e.kosmolat.eu\/lv\/wp-json\/wp\/v2\/product"}],"about":[{"href":"https:\/\/e.kosmolat.eu\/lv\/wp-json\/wp\/v2\/types\/product"}],"wp:featuredmedia":[{"embeddable":true,"href":"https:\/\/e.kosmolat.eu\/lv\/wp-json\/wp\/v2\/media\/91886"}],"wp:attachment":[{"href":"https:\/\/e.kosmolat.eu\/lv\/wp-json\/wp\/v2\/media?parent=48287"}],"wp:term":[{"taxonomy":"product_cat","embeddable":true,"href":"https:\/\/e.kosmolat.eu\/lv\/wp-json\/wp\/v2\/product_cat?post=48287"},{"taxonomy":"product_tag","embeddable":true,"href":"https:\/\/e.kosmolat.eu\/lv\/wp-json\/wp\/v2\/product_tag?post=48287"}],"curies":[{"name":"wp","href":"https:\/\/api.w.org\/{rel}","templated":true}]}}