{"id":48279,"date":"2024-04-01T04:49:54","date_gmt":"2024-04-01T04:49:54","guid":{"rendered":"https:\/\/e.kosmolat.eu\/product\/viorica-essentielle-roku-un-kermena-losjons-300-ml\/"},"modified":"2026-04-10T05:51:33","modified_gmt":"2026-04-10T05:51:33","slug":"viorica-essentielle-roku-un-kermena-losjons-300-ml","status":"publish","type":"product","link":"https:\/\/e.kosmolat.eu\/lv\/product\/viorica-essentielle-roku-un-kermena-losjons-300-ml\/","title":{"rendered":"VIORICA ESSENTIELLE Roku un \u0137erme\u0146a losjons, 300 ml"},"content":{"rendered":"<p>&Scaron;is losjons, kas satur litseja kubeba, citronz\u0101les, citrona un eikalipta \u0113terisk\u0101s e\u013c\u013cas, p\u0101rv\u0113rt\u012bs J\u016bsu \u0101das kop&scaron;anu par aromterapeitisku ritu\u0101lu. Tas mitrina, m\u012bkstina un ap\u0146em \u0137ermeni ar intens\u012bvu citrusaug\u013cu un z\u0101\u013caugu arom\u0101tu. Losjonam ir viegla tekst\u016bra, kas \u0101tri uzs\u016bcas \u0101d\u0101.<\/p>\n<p><strong>Lieto&scaron;ana: <\/strong>uzkl\u0101jiet uz \u0101das p\u0113c roku mazg\u0101&scaron;anas, du&scaron;as vai vannas. Iemas\u0113jiet, l\u012bdz piln\u012bb\u0101 uzs\u016bcas. Lab\u0101kam efektam kombin\u0113jiet ar Essentielle du&scaron;as \u017eeleju. Nav test\u0113ts uz dz\u012bvniekiem.<\/p>\n<p>Uzglab\u0101t t&deg; no +5 &deg;\u0421 l\u012bdz +25 &deg;\u0421, sarg\u0101jot no tie&scaron;iem saules stariem.<\/p>\n<p><strong>Der\u012bguma termi\u0146&scaron;:<\/strong> 24 m\u0113n.&nbsp;<\/p>\n","protected":false},"excerpt":{"rendered":"<p>&Scaron;is losjons, kas satur litseja kubeba, citronz\u0101les, citrona un eikalipta \u0113terisk\u0101s e\u013c\u013cas, p\u0101rv\u0113rt\u012bs J\u016bsu \u0101das kop&scaron;anu par aromterapeitisku ritu\u0101lu. Tas mitrina, m\u012bkstina un ap\u0146em \u0137ermeni ar intens\u012bvu citrusaug\u013cu un z\u0101\u013caugu arom\u0101tu. Losjonam ir viegla tekst\u016bra, kas \u0101tri uzs\u016bcas \u0101d\u0101. Lieto&scaron;ana: uzkl\u0101jiet uz \u0101das p\u0113c roku mazg\u0101&scaron;anas, du&scaron;as vai vannas. Iemas\u0113jiet, l\u012bdz piln\u012bb\u0101 uzs\u016bcas. Lab\u0101kam efektam [&#8230;]\n","protected":false},"featured_media":91882,"template":"","meta":[],"product_cat":[1388],"product_tag":[],"class_list":{"0":"post-48279","1":"product","2":"type-product","3":"status-publish","4":"has-post-thumbnail","6":"product_brand-viorica-cosmeplant_bg","7":"product_cat-kermena-kremi-pienini-sviesti","9":"first","10":"outofstock","11":"taxable","12":"shipping-taxable","13":"product-type-simple"},"_links":{"self":[{"href":"https:\/\/e.kosmolat.eu\/lv\/wp-json\/wp\/v2\/product\/48279","targetHints":{"allow":["GET"]}}],"collection":[{"href":"https:\/\/e.kosmolat.eu\/lv\/wp-json\/wp\/v2\/product"}],"about":[{"href":"https:\/\/e.kosmolat.eu\/lv\/wp-json\/wp\/v2\/types\/product"}],"wp:featuredmedia":[{"embeddable":true,"href":"https:\/\/e.kosmolat.eu\/lv\/wp-json\/wp\/v2\/media\/91882"}],"wp:attachment":[{"href":"https:\/\/e.kosmolat.eu\/lv\/wp-json\/wp\/v2\/media?parent=48279"}],"wp:term":[{"taxonomy":"product_cat","embeddable":true,"href":"https:\/\/e.kosmolat.eu\/lv\/wp-json\/wp\/v2\/product_cat?post=48279"},{"taxonomy":"product_tag","embeddable":true,"href":"https:\/\/e.kosmolat.eu\/lv\/wp-json\/wp\/v2\/product_tag?post=48279"}],"curies":[{"name":"wp","href":"https:\/\/api.w.org\/{rel}","templated":true}]}}