{"id":48271,"date":"2024-04-01T04:49:35","date_gmt":"2024-04-01T04:49:35","guid":{"rendered":"https:\/\/e.kosmolat.eu\/product\/viorica-elixir-floral-lacramioara-alba-parfimets-kerm-pienins-200-ml\/"},"modified":"2026-04-10T05:51:19","modified_gmt":"2026-04-10T05:51:19","slug":"viorica-elixir-floral-lacramioara-alba-parfimets-kerm-pienins-200-ml","status":"publish","type":"product","link":"https:\/\/e.kosmolat.eu\/lv\/product\/viorica-elixir-floral-lacramioara-alba-parfimets-kerm-pienins-200-ml\/","title":{"rendered":"VIORICA Elixir Floral Lacramioara Alba Parfim\u0113ts \u0137erm. pieni\u0146s, 200 ml"},"content":{"rendered":"<p>Pieni\u0146&scaron; ap\u0146ems J\u016bsu \u0137ermeni ar maijpu\u0137\u012btes saldo arom\u0101tu, un t\u0101 z\u012bdain\u0101 tekst\u016bra nodro&scaron;in\u0101s J\u016bsu \u0101dai \u012bstu baud\u012bjumu.<\/p>\n<p><strong>Lieto&scaron;ana:<\/strong> uzkl\u0101jiet uz \u0101das uzreiz p\u0113c du&scaron;as vai vannas. Iemas\u0113jiet l\u012bdz piln\u012bb\u0101 uzs\u016bcas. Nav test\u0113ts uz dz\u012bvniekiem.<\/p>\n<p>Uzglab\u0101t t&deg; no +5 &deg;\u0421 l\u012bdz +25 &deg;\u0421, sarg\u0101jot no tie&scaron;iem saules stariem.<\/p>\n<p><strong>Der\u012bguma termi\u0146&scaron;:<\/strong> 24 m\u0113n.&nbsp;<\/p>\n","protected":false},"excerpt":{"rendered":"<p>Pieni\u0146&scaron; ap\u0146ems J\u016bsu \u0137ermeni ar maijpu\u0137\u012btes saldo arom\u0101tu, un t\u0101 z\u012bdain\u0101 tekst\u016bra nodro&scaron;in\u0101s J\u016bsu \u0101dai \u012bstu baud\u012bjumu. Lieto&scaron;ana: uzkl\u0101jiet uz \u0101das uzreiz p\u0113c du&scaron;as vai vannas. Iemas\u0113jiet l\u012bdz piln\u012bb\u0101 uzs\u016bcas. Nav test\u0113ts uz dz\u012bvniekiem. Uzglab\u0101t t&deg; no +5 &deg;\u0421 l\u012bdz +25 &deg;\u0421, sarg\u0101jot no tie&scaron;iem saules stariem. Der\u012bguma termi\u0146&scaron;: 24 m\u0113n.&nbsp;<\/p>\n","protected":false},"featured_media":91878,"template":"","meta":[],"product_cat":[1388],"product_tag":[],"class_list":{"0":"post-48271","1":"product","2":"type-product","3":"status-publish","4":"has-post-thumbnail","6":"product_brand-sale","7":"product_cat-kermena-kremi-pienini-sviesti","9":"first","10":"outofstock","11":"taxable","12":"shipping-taxable","13":"product-type-simple"},"_links":{"self":[{"href":"https:\/\/e.kosmolat.eu\/lv\/wp-json\/wp\/v2\/product\/48271","targetHints":{"allow":["GET"]}}],"collection":[{"href":"https:\/\/e.kosmolat.eu\/lv\/wp-json\/wp\/v2\/product"}],"about":[{"href":"https:\/\/e.kosmolat.eu\/lv\/wp-json\/wp\/v2\/types\/product"}],"wp:featuredmedia":[{"embeddable":true,"href":"https:\/\/e.kosmolat.eu\/lv\/wp-json\/wp\/v2\/media\/91878"}],"wp:attachment":[{"href":"https:\/\/e.kosmolat.eu\/lv\/wp-json\/wp\/v2\/media?parent=48271"}],"wp:term":[{"taxonomy":"product_cat","embeddable":true,"href":"https:\/\/e.kosmolat.eu\/lv\/wp-json\/wp\/v2\/product_cat?post=48271"},{"taxonomy":"product_tag","embeddable":true,"href":"https:\/\/e.kosmolat.eu\/lv\/wp-json\/wp\/v2\/product_tag?post=48271"}],"curies":[{"name":"wp","href":"https:\/\/api.w.org\/{rel}","templated":true}]}}