{"id":48255,"date":"2024-04-01T04:49:02","date_gmt":"2024-04-01T04:49:02","guid":{"rendered":"https:\/\/e.kosmolat.eu\/product\/viorica-a0-matejoss-dienas-krems-spf-10-50-ml\/"},"modified":"2026-04-17T13:03:33","modified_gmt":"2026-04-17T13:03:33","slug":"viorica-a0-matejoss-dienas-krems-spf-10-50-ml","status":"publish","type":"product","link":"https:\/\/e.kosmolat.eu\/lv\/product\/viorica-a0-matejoss-dienas-krems-spf-10-50-ml\/","title":{"rendered":"VIORICA A0 Mat\u0113jo\u0161s dienas kr\u0113ms SPF 10, 50 ml"},"content":{"rendered":"<p>&Scaron;\u012b sebuma regul\u0113jo&scaron;\u0101 formula ir \u012bpa&scaron;i izstr\u0101d\u0101ta taukainai un pinn\u0113m pak\u013cautai \u0101dai. Nodro&scaron;ina optim\u0101lu \u0101das mitrin\u0101&scaron;anas l\u012bmeni, regul\u0113 tauku dziedzeru darb\u012bbu un vizu\u0101li samazina poras, pasarg\u0101jot \u0101du pret negat\u012bvo apk\u0101rt\u0113j\u0101s vides ietekmi. Ilgtermi\u0146\u0101 tas saglab\u0101 \u0101du mat\u0113tu un izl\u012bdzina to. Sebaril&reg; regul\u0113 sebuma izdal\u012b&scaron;anos, mazina taukainu sp\u012bdumu un savelk poras. Alanto\u012bns atjauno \u0101du, uzlabo t\u0101s elast\u012bbu un stiprina \u0101das barjeru. Kli\u0146\u0123er\u012btes, sun\u012b&scaron;a, kumel\u012btes un alvejas ekstraktu kompleksam piem\u012bt nomierino&scaron;a un mitrino&scaron;a iedarb\u012bba.<\/p>\n<p><strong>Lieto&scaron;ana: <\/strong>uzkl\u0101jiet uz t\u012bras, sausas \u0101das ar ap\u013cveida kust\u012bb\u0101m. Lietojet tikai no r\u012bta k\u0101 p\u0113d\u0113jo soli r\u012bta sejas \u0101das kop&scaron;an\u0101.<\/p>\n<p>Nav test\u0113ts uz dz\u012bvniekiem.<\/p>\n<p><strong>Der\u012bguma termi\u0146&scaron;:<\/strong> 24 m\u0113n. P\u0113c atv\u0113r&scaron;anas izletot 6 m\u0113n. laik\u0101.&nbsp;<\/p>\n","protected":false},"excerpt":{"rendered":"<p>&Scaron;\u012b sebuma regul\u0113jo&scaron;\u0101 formula ir \u012bpa&scaron;i izstr\u0101d\u0101ta taukainai un pinn\u0113m pak\u013cautai \u0101dai. Nodro&scaron;ina optim\u0101lu \u0101das mitrin\u0101&scaron;anas l\u012bmeni, regul\u0113 tauku dziedzeru darb\u012bbu un vizu\u0101li samazina poras, pasarg\u0101jot \u0101du pret negat\u012bvo apk\u0101rt\u0113j\u0101s vides ietekmi. Ilgtermi\u0146\u0101 tas saglab\u0101 \u0101du mat\u0113tu un izl\u012bdzina to. Sebaril&reg; regul\u0113 sebuma izdal\u012b&scaron;anos, mazina taukainu sp\u012bdumu un savelk poras. Alanto\u012bns atjauno \u0101du, uzlabo t\u0101s [&#8230;]\n","protected":false},"featured_media":91870,"template":"","meta":[],"product_cat":[1322],"product_tag":[],"class_list":{"0":"post-48255","1":"product","2":"type-product","3":"status-publish","4":"has-post-thumbnail","6":"product_brand-sale","7":"product_cat-veido-kremai","9":"first","10":"instock","11":"taxable","12":"shipping-taxable","13":"product-type-simple"},"_links":{"self":[{"href":"https:\/\/e.kosmolat.eu\/lv\/wp-json\/wp\/v2\/product\/48255","targetHints":{"allow":["GET"]}}],"collection":[{"href":"https:\/\/e.kosmolat.eu\/lv\/wp-json\/wp\/v2\/product"}],"about":[{"href":"https:\/\/e.kosmolat.eu\/lv\/wp-json\/wp\/v2\/types\/product"}],"wp:featuredmedia":[{"embeddable":true,"href":"https:\/\/e.kosmolat.eu\/lv\/wp-json\/wp\/v2\/media\/91870"}],"wp:attachment":[{"href":"https:\/\/e.kosmolat.eu\/lv\/wp-json\/wp\/v2\/media?parent=48255"}],"wp:term":[{"taxonomy":"product_cat","embeddable":true,"href":"https:\/\/e.kosmolat.eu\/lv\/wp-json\/wp\/v2\/product_cat?post=48255"},{"taxonomy":"product_tag","embeddable":true,"href":"https:\/\/e.kosmolat.eu\/lv\/wp-json\/wp\/v2\/product_tag?post=48255"}],"curies":[{"name":"wp","href":"https:\/\/api.w.org\/{rel}","templated":true}]}}