{"id":48247,"date":"2024-04-01T04:48:15","date_gmt":"2024-04-01T04:48:15","guid":{"rendered":"https:\/\/e.kosmolat.eu\/product\/viorica-a0-sos-anti-acne-serums-30-ml\/"},"modified":"2026-04-10T05:50:39","modified_gmt":"2026-04-10T05:50:39","slug":"viorica-a0-sos-anti-acne-serums-30-ml","status":"publish","type":"product","link":"https:\/\/e.kosmolat.eu\/lv\/product\/viorica-a0-sos-anti-acne-serums-30-ml\/","title":{"rendered":"VIORICA A0 SOS Anti-acne serums, 30 ml"},"content":{"rendered":"<p>&Scaron;\u012b formula ir \u012bpa&scaron;i izstr\u0101d\u0101ta cilv\u0113kiem ar &nbsp;taukainu un p\u016bt\u012bt\u0113m pak\u013cautu \u0101du. Serums mazina izsitumus un pigmenta plankumus. <strong>Dabisk\u0101 salicilsk\u0101be<\/strong> efekt\u012bvi noloba \u0101das atmiru&scaron;\u0101s &scaron;\u016bnas att\u012bra poras no liek\u0101 sebuma un net\u012brumiem. <strong>\u0421inks <\/strong>regul\u0113 sebuma izdal\u012b&scaron;anos. <strong>Kli\u0146\u0123er\u012btes, sun\u012b&scaron;a, kumel\u012btes un alvejas ekstraktu kompleksam<\/strong> piem\u012bt nomierino&scaron;a un mitrino&scaron;a iedarb\u012bba.<br \/>\n<strong>D-pantenols<\/strong> atjauno \u0101du, uzlabojot t\u0101s tekst\u016bru.<\/p>\n<p><strong>Lieto&scaron;ana: <\/strong>uzkl\u0101t uz problem\u0101tisk\u0101m zon\u0101m no r\u012bta un vakar\u0101, uzreiz p\u0113c \u0101das att\u012br\u012b&scaron;anas un toniz\u0113&scaron;anas. P\u0113c 15-20 min\u016bt\u0113m pabeigt kop&scaron;anas rut\u012bnu ar kr\u0113mu &ndash; dienas laik\u0101 ieteicams lietot SPF.&nbsp;<\/p>\n<p>Nav test\u0113ts uz dz\u012bvniekiem.<\/p>\n<p>Uzglab\u0101t t&deg; no +5 &deg;\u0421 l\u012bdz +25 &deg;\u0421, sarg\u0101jot no tie&scaron;iem saules stariem.<\/p>\n<p><strong>Der\u012bguma termi\u0146&scaron;: <\/strong>24 m\u0113n. P\u0113c atv\u0113r&scaron;anas izletot 6 m\u0113n. laik\u0101.&nbsp;<\/p>\n","protected":false},"excerpt":{"rendered":"<p>&Scaron;\u012b formula ir \u012bpa&scaron;i izstr\u0101d\u0101ta cilv\u0113kiem ar &nbsp;taukainu un p\u016bt\u012bt\u0113m pak\u013cautu \u0101du. Serums mazina izsitumus un pigmenta plankumus. Dabisk\u0101 salicilsk\u0101be efekt\u012bvi noloba \u0101das atmiru&scaron;\u0101s &scaron;\u016bnas att\u012bra poras no liek\u0101 sebuma un net\u012brumiem. \u0421inks regul\u0113 sebuma izdal\u012b&scaron;anos. Kli\u0146\u0123er\u012btes, sun\u012b&scaron;a, kumel\u012btes un alvejas ekstraktu kompleksam piem\u012bt nomierino&scaron;a un mitrino&scaron;a iedarb\u012bba. D-pantenols atjauno \u0101du, uzlabojot t\u0101s tekst\u016bru. Lieto&scaron;ana: [&#8230;]\n","protected":false},"featured_media":91866,"template":"","meta":[],"product_cat":[1325],"product_tag":[],"class_list":{"0":"post-48247","1":"product","2":"type-product","3":"status-publish","4":"has-post-thumbnail","6":"product_brand-sale","7":"product_cat-serumi","9":"first","10":"outofstock","11":"taxable","12":"shipping-taxable","13":"product-type-simple"},"_links":{"self":[{"href":"https:\/\/e.kosmolat.eu\/lv\/wp-json\/wp\/v2\/product\/48247","targetHints":{"allow":["GET"]}}],"collection":[{"href":"https:\/\/e.kosmolat.eu\/lv\/wp-json\/wp\/v2\/product"}],"about":[{"href":"https:\/\/e.kosmolat.eu\/lv\/wp-json\/wp\/v2\/types\/product"}],"wp:featuredmedia":[{"embeddable":true,"href":"https:\/\/e.kosmolat.eu\/lv\/wp-json\/wp\/v2\/media\/91866"}],"wp:attachment":[{"href":"https:\/\/e.kosmolat.eu\/lv\/wp-json\/wp\/v2\/media?parent=48247"}],"wp:term":[{"taxonomy":"product_cat","embeddable":true,"href":"https:\/\/e.kosmolat.eu\/lv\/wp-json\/wp\/v2\/product_cat?post=48247"},{"taxonomy":"product_tag","embeddable":true,"href":"https:\/\/e.kosmolat.eu\/lv\/wp-json\/wp\/v2\/product_tag?post=48247"}],"curies":[{"name":"wp","href":"https:\/\/api.w.org\/{rel}","templated":true}]}}