{"id":48239,"date":"2024-04-01T04:47:57","date_gmt":"2024-04-01T04:47:57","guid":{"rendered":"https:\/\/e.kosmolat.eu\/product\/viorica-a0-lidzsvarojoss-toneris-200-ml\/"},"modified":"2026-04-21T09:25:09","modified_gmt":"2026-04-21T09:25:09","slug":"viorica-a0-lidzsvarojoss-toneris-200-ml","status":"publish","type":"product","link":"https:\/\/e.kosmolat.eu\/lv\/product\/viorica-a0-lidzsvarojoss-toneris-200-ml\/","title":{"rendered":"VIORICA A0 L\u012bdzsvarojo\u0161s toneris, 200 ml"},"content":{"rendered":"<p>&Scaron;\u012b alkoholu nesaturo&scaron;\u0101 formula ir \u012bpa&scaron;i izstr\u0101d\u0101ta cilv\u0113kiem ar &nbsp;taukainu un p\u016bt\u012bt\u0113m pak\u013cautu \u0101du. Toneris efekt\u012bvi l\u012bdzsvaro \u0101das pH l\u012bmeni un pasarg\u0101 to no \u0101r\u0113jo faktoru nelabv\u0113l\u012bg\u0101s ietekmes, vienlaikus mitrinot un uzlabojot \u0101das izskatu. Regul\u0101ri lietojot, J\u016bsu \u0101da b\u016bs glud\u0101ka un mat\u0113ta.<strong> Sebaril&reg;<\/strong> regul\u0113 sebuma izdal\u012b&scaron;anos, mazina taukainu sp\u012bdumu un savelk poras. <strong>Niacinam\u012bds <\/strong>savelk poras un nostiprina \u0101das hidrolip\u012bdu barjeru, izl\u012bdzinot \u0101du. <strong>Propolisa ekstraktam<\/strong> piem\u012bt pretnoveco&scaron;an\u0101s \u012bpa&scaron;\u012bbas. <strong>Kli\u0146\u0123er\u012btes, sun\u012b&scaron;a, kumel\u012btes un alvejas ekstraktu kompleksam <\/strong>piem\u012bt nomierino&scaron;a un mitrino&scaron;a iedarb\u012bba.<\/p>\n<p><strong>Lieto&scaron;ana:<\/strong> uzkl\u0101jiet uz vates diska un maigi noslaukiet seju, izvairoties no acu zonas. Lab\u0101kam efektam lietojiet katru dienu, no r\u012bta un vakar\u0101 pirms kr\u0113ma vai seruma lieto&scaron;anas. Nav test\u0113ts uz dz\u012bvniekiem.<\/p>\n<p>Uzglab\u0101t t&deg; no +5 &deg;\u0421 l\u012bdz +25 &deg;\u0421, sarg\u0101jot no tie&scaron;iem saules stariem. &nbsp;<\/p>\n<p><strong>Der\u012bguma termi\u0146&scaron;:<\/strong> 24 m\u0113n. P\u0113c atv\u0113r&scaron;anas izletot 6 m\u0113n. laik\u0101.&nbsp;<\/p>\n<p>&nbsp;<\/p>\n","protected":false},"excerpt":{"rendered":"<p>&Scaron;\u012b alkoholu nesaturo&scaron;\u0101 formula ir \u012bpa&scaron;i izstr\u0101d\u0101ta cilv\u0113kiem ar &nbsp;taukainu un p\u016bt\u012bt\u0113m pak\u013cautu \u0101du. Toneris efekt\u012bvi l\u012bdzsvaro \u0101das pH l\u012bmeni un pasarg\u0101 to no \u0101r\u0113jo faktoru nelabv\u0113l\u012bg\u0101s ietekmes, vienlaikus mitrinot un uzlabojot \u0101das izskatu. Regul\u0101ri lietojot, J\u016bsu \u0101da b\u016bs glud\u0101ka un mat\u0113ta. Sebaril&reg; regul\u0113 sebuma izdal\u012b&scaron;anos, mazina taukainu sp\u012bdumu un savelk poras. Niacinam\u012bds savelk poras [&#8230;]\n","protected":false},"featured_media":91862,"template":"","meta":[],"product_cat":[2181],"product_tag":[],"class_list":{"0":"post-48239","1":"product","2":"type-product","3":"status-publish","4":"has-post-thumbnail","6":"product_brand-sale","7":"product_cat-bez-kategorijas-lt","9":"first","10":"instock","11":"taxable","12":"shipping-taxable","13":"product-type-simple"},"_links":{"self":[{"href":"https:\/\/e.kosmolat.eu\/lv\/wp-json\/wp\/v2\/product\/48239","targetHints":{"allow":["GET"]}}],"collection":[{"href":"https:\/\/e.kosmolat.eu\/lv\/wp-json\/wp\/v2\/product"}],"about":[{"href":"https:\/\/e.kosmolat.eu\/lv\/wp-json\/wp\/v2\/types\/product"}],"wp:featuredmedia":[{"embeddable":true,"href":"https:\/\/e.kosmolat.eu\/lv\/wp-json\/wp\/v2\/media\/91862"}],"wp:attachment":[{"href":"https:\/\/e.kosmolat.eu\/lv\/wp-json\/wp\/v2\/media?parent=48239"}],"wp:term":[{"taxonomy":"product_cat","embeddable":true,"href":"https:\/\/e.kosmolat.eu\/lv\/wp-json\/wp\/v2\/product_cat?post=48239"},{"taxonomy":"product_tag","embeddable":true,"href":"https:\/\/e.kosmolat.eu\/lv\/wp-json\/wp\/v2\/product_tag?post=48239"}],"curies":[{"name":"wp","href":"https:\/\/api.w.org\/{rel}","templated":true}]}}