{"id":48231,"date":"2024-04-01T04:47:21","date_gmt":"2024-04-01T04:47:21","guid":{"rendered":"https:\/\/e.kosmolat.eu\/product\/viorica-a0-attirosa-zeleja-sejas-mazgasanai-200-ml\/"},"modified":"2026-04-15T14:04:16","modified_gmt":"2026-04-15T14:04:16","slug":"viorica-a0-attirosa-zeleja-sejas-mazgasanai-200-ml","status":"publish","type":"product","link":"https:\/\/e.kosmolat.eu\/lv\/product\/viorica-a0-attirosa-zeleja-sejas-mazgasanai-200-ml\/","title":{"rendered":"VIORICA A0  Att\u012bro\u0161a \u017eeleja sejas mazg\u0101\u0161anai, 200 ml"},"content":{"rendered":"<p>\u012apa&scaron;i izstr\u0101d\u0101ta formula ir piem\u0113rota cilv\u0113kiem ar p\u016bt\u012bt\u0113m pak\u013cautu \u0101du. \u017deleja ir piem\u0113rota ikdienas sejas att\u012br\u012b&scaron;anai. Efekt\u012bvi samazina \u0101das nepiln\u012bbas un regul\u0113 sebuma izdal\u012b&scaron;anos, kas iev\u0113rojami samazina p\u016bt\u012btes. Regul\u0101ri lietojot, \u0101da izskat\u012bsies vesel\u012bg\u0101ka. <strong>Sebaril&reg;<\/strong> regul\u0113 sebuma izdal\u012b&scaron;anos, mazina taukainu sp\u012bdumu un savelk poras. <strong>Dabisk\u0101 salicilsk\u0101be <\/strong>samazina izsitumu risku. <strong>Kli\u0146\u0123er\u012btes, sun\u012b&scaron;a, kumel\u012btes un alvejas ekstraktu kompleksam<\/strong> piem\u012bt nomierino&scaron;a un mitrino&scaron;a iedarb\u012bba.<\/p>\n<p><strong>Lieto&scaron;ana:<\/strong> uzkl\u0101t &nbsp;\u017eeleju uz mitras sejas \u0101das, saputot un noskalot ar siltu \u016bdeni. Lietot no r\u012bta k\u0101 pirmo soli sejas \u0101das att\u012br\u012b&scaron;an\u0101. Nav test\u0113ts uz dz\u012bvniekiem.<\/p>\n<p>Uzglab\u0101t t&deg; no +5 &deg;\u0421 l\u012bdz +25 &deg;\u0421, sarg\u0101jot no tie&scaron;iem saules stariem.<\/p>\n<p><strong>Der\u012bguma termi\u0146&scaron;:<\/strong> 36 m\u0113n. P\u0113c atv\u0113r&scaron;anas izletot 12 m\u0113n. laik\u0101.&nbsp;<\/p>\n","protected":false},"excerpt":{"rendered":"<p>\u012apa&scaron;i izstr\u0101d\u0101ta formula ir piem\u0113rota cilv\u0113kiem ar p\u016bt\u012bt\u0113m pak\u013cautu \u0101du. \u017deleja ir piem\u0113rota ikdienas sejas att\u012br\u012b&scaron;anai. Efekt\u012bvi samazina \u0101das nepiln\u012bbas un regul\u0113 sebuma izdal\u012b&scaron;anos, kas iev\u0113rojami samazina p\u016bt\u012btes. Regul\u0101ri lietojot, \u0101da izskat\u012bsies vesel\u012bg\u0101ka. Sebaril&reg; regul\u0113 sebuma izdal\u012b&scaron;anos, mazina taukainu sp\u012bdumu un savelk poras. Dabisk\u0101 salicilsk\u0101be samazina izsitumu risku. Kli\u0146\u0123er\u012btes, sun\u012b&scaron;a, kumel\u012btes un alvejas ekstraktu kompleksam [&#8230;]\n","protected":false},"featured_media":91858,"template":"","meta":[],"product_cat":[2181],"product_tag":[],"class_list":{"0":"post-48231","1":"product","2":"type-product","3":"status-publish","4":"has-post-thumbnail","6":"product_brand-sale","7":"product_cat-bez-kategorijas-lt","9":"first","10":"instock","11":"taxable","12":"shipping-taxable","13":"product-type-simple"},"_links":{"self":[{"href":"https:\/\/e.kosmolat.eu\/lv\/wp-json\/wp\/v2\/product\/48231","targetHints":{"allow":["GET"]}}],"collection":[{"href":"https:\/\/e.kosmolat.eu\/lv\/wp-json\/wp\/v2\/product"}],"about":[{"href":"https:\/\/e.kosmolat.eu\/lv\/wp-json\/wp\/v2\/types\/product"}],"wp:featuredmedia":[{"embeddable":true,"href":"https:\/\/e.kosmolat.eu\/lv\/wp-json\/wp\/v2\/media\/91858"}],"wp:attachment":[{"href":"https:\/\/e.kosmolat.eu\/lv\/wp-json\/wp\/v2\/media?parent=48231"}],"wp:term":[{"taxonomy":"product_cat","embeddable":true,"href":"https:\/\/e.kosmolat.eu\/lv\/wp-json\/wp\/v2\/product_cat?post=48231"},{"taxonomy":"product_tag","embeddable":true,"href":"https:\/\/e.kosmolat.eu\/lv\/wp-json\/wp\/v2\/product_tag?post=48231"}],"curies":[{"name":"wp","href":"https:\/\/api.w.org\/{rel}","templated":true}]}}