{"id":48223,"date":"2024-04-01T04:47:06","date_gmt":"2024-04-01T04:47:06","guid":{"rendered":"https:\/\/e.kosmolat.eu\/product\/viorica-vie-anti-age-depigmentejoss-sejas-toneris-200-ml\/"},"modified":"2026-04-24T05:28:41","modified_gmt":"2026-04-24T05:28:41","slug":"viorica-vie-anti-age-depigmentejoss-sejas-toneris-200-ml","status":"publish","type":"product","link":"https:\/\/e.kosmolat.eu\/lv\/product\/viorica-vie-anti-age-depigmentejoss-sejas-toneris-200-ml\/","title":{"rendered":"VIORICA VIE Anti-age Depigment\u0113jo\u0161s sejas toneris, 200 ml"},"content":{"rendered":"<p>Unik\u0101la antioksidantu kombin\u0101cija ar izteiktu atjaunojo&scaron;u un depigment\u0113jo&scaron;u iedarb\u012bbu pie&scaron;\u0137ir nobriedu&scaron;ai \u0101dai vienm\u0113r\u012bgu toni un sp\u012bd\u012bgu, svaigu izskatu. <strong>Antioksidantu komplekss Viephenol <\/strong>veicina &scaron;\u016bnu atjauno&scaron;an\u0101s procesu. <strong>Kojas sk\u0101be un lakricas ekstrakts <\/strong>samazina pigmenta plankumus. <strong>Resveratrols<\/strong> veicina kolag\u0113na sint\u0113zi un \u0101das atjauno&scaron;anos, uzlabojot t\u0101s kr\u0101su un tekst\u016bru. <strong>Dabisk\u0101s sk\u0101bes no organisk\u0101m v\u012bnog\u0101m <\/strong>maigi noloba \u0101das atmiru&scaron;\u0101s &scaron;\u016bnas un samazina smalk\u0101s grumbi\u0146as un citas \u0101das nepiln\u012bbas.<\/p>\n<p><strong>Lieto&scaron;ana:<\/strong> uzkl\u0101jiet uz vates diska un maigi noslaukiet seju, izvairoties no acu zonas. Ilgsto&scaron;am efektam, lietojiet katru dienu, no r\u012bta un vakar\u0101. P\u0113c dienas sejas \u0101das kop&scaron;anas ir ieteicams lietot Aizsarg\u0101jo&scaron;u Pretnoveco&scaron;an\u0101s kr\u0113mu ar SPF 20 Viorica Vie. Pirms lieto&scaron;anas p\u0101rbaudiet l\u012bdzekli uz apak&scaron;delma iek&scaron;\u0113j\u0101s virsmas. Nav test\u0113ts uz dz\u012bvniekiem.<\/p>\n<p>Uzglab\u0101t t&deg; no +5 &deg;\u0421 l\u012bdz +25 &deg;\u0421, sarg\u0101jot no tie&scaron;iem saules stariem.<\/p>\n<p><strong>Der\u012bguma termi\u0146&scaron;:<\/strong> 24 m\u0113n.&nbsp;<\/p>\n","protected":false},"excerpt":{"rendered":"<p>Unik\u0101la antioksidantu kombin\u0101cija ar izteiktu atjaunojo&scaron;u un depigment\u0113jo&scaron;u iedarb\u012bbu pie&scaron;\u0137ir nobriedu&scaron;ai \u0101dai vienm\u0113r\u012bgu toni un sp\u012bd\u012bgu, svaigu izskatu. Antioksidantu komplekss Viephenol veicina &scaron;\u016bnu atjauno&scaron;an\u0101s procesu. Kojas sk\u0101be un lakricas ekstrakts samazina pigmenta plankumus. Resveratrols veicina kolag\u0113na sint\u0113zi un \u0101das atjauno&scaron;anos, uzlabojot t\u0101s kr\u0101su un tekst\u016bru. Dabisk\u0101s sk\u0101bes no organisk\u0101m v\u012bnog\u0101m maigi noloba \u0101das atmiru&scaron;\u0101s &scaron;\u016bnas [&#8230;]\n","protected":false},"featured_media":91854,"template":"","meta":[],"product_cat":[1580],"product_tag":[],"class_list":{"0":"post-48223","1":"product","2":"type-product","3":"status-publish","4":"has-post-thumbnail","6":"product_brand-sale","7":"product_cat-losjonai-ir-tonikai","9":"first","10":"instock","11":"taxable","12":"shipping-taxable","13":"product-type-simple"},"_links":{"self":[{"href":"https:\/\/e.kosmolat.eu\/lv\/wp-json\/wp\/v2\/product\/48223","targetHints":{"allow":["GET"]}}],"collection":[{"href":"https:\/\/e.kosmolat.eu\/lv\/wp-json\/wp\/v2\/product"}],"about":[{"href":"https:\/\/e.kosmolat.eu\/lv\/wp-json\/wp\/v2\/types\/product"}],"wp:featuredmedia":[{"embeddable":true,"href":"https:\/\/e.kosmolat.eu\/lv\/wp-json\/wp\/v2\/media\/91854"}],"wp:attachment":[{"href":"https:\/\/e.kosmolat.eu\/lv\/wp-json\/wp\/v2\/media?parent=48223"}],"wp:term":[{"taxonomy":"product_cat","embeddable":true,"href":"https:\/\/e.kosmolat.eu\/lv\/wp-json\/wp\/v2\/product_cat?post=48223"},{"taxonomy":"product_tag","embeddable":true,"href":"https:\/\/e.kosmolat.eu\/lv\/wp-json\/wp\/v2\/product_tag?post=48223"}],"curies":[{"name":"wp","href":"https:\/\/api.w.org\/{rel}","templated":true}]}}