{"id":48215,"date":"2024-04-01T04:46:43","date_gmt":"2024-04-01T04:46:43","guid":{"rendered":"https:\/\/e.kosmolat.eu\/product\/viorica-pedu-krems-atjaunojoss-75-ml\/"},"modified":"2026-04-18T12:55:01","modified_gmt":"2026-04-18T12:55:01","slug":"viorica-pedu-krems-atjaunojoss-75-ml","status":"publish","type":"product","link":"https:\/\/e.kosmolat.eu\/lv\/product\/viorica-pedu-krems-atjaunojoss-75-ml\/","title":{"rendered":"VIORICA P\u0113du kr\u0113ms Atjaunojo\u0161s, 75 ml"},"content":{"rendered":"<p>Kr\u0113ms akt\u012bvi m\u012bkstina un baro p\u0113du \u0101du, nov\u0113r&scaron;ot plais\u0101&scaron;anu un tulznu veido&scaron;anos.<\/p>\n<p><strong>Lieto&scaron;ana: <\/strong>uzkl\u0101jiet uz t\u012bras p\u0113du \u0101das, \u012bpa&scaron;i piev\u0113r&scaron;ot uzman\u012bbu pap\u0113\u017eiem. Lai ieg\u016btu ilgsto&scaron;u efektu, lietojiet katru vakaru. P\u0113c nepiecie&scaron;am\u012bbas lietojiet vair\u0101kas reizes dien\u0101.&nbsp;Nav test\u0113ts uz dz\u012bvniekiem.<\/p>\n<p>Uzglab\u0101t t&deg; no +5 &deg;\u0421 l\u012bdz +25 &deg;\u0421, sarg\u0101jot no tie&scaron;iem saules stariem.<\/p>\n<p><strong>Der\u012bguma termi\u0146&scaron;:<\/strong> 30 m\u0113n.&nbsp;<\/p>\n","protected":false},"excerpt":{"rendered":"<p>Kr\u0113ms akt\u012bvi m\u012bkstina un baro p\u0113du \u0101du, nov\u0113r&scaron;ot plais\u0101&scaron;anu un tulznu veido&scaron;anos. Lieto&scaron;ana: uzkl\u0101jiet uz t\u012bras p\u0113du \u0101das, \u012bpa&scaron;i piev\u0113r&scaron;ot uzman\u012bbu pap\u0113\u017eiem. Lai ieg\u016btu ilgsto&scaron;u efektu, lietojiet katru vakaru. P\u0113c nepiecie&scaron;am\u012bbas lietojiet vair\u0101kas reizes dien\u0101.&nbsp;Nav test\u0113ts uz dz\u012bvniekiem. Uzglab\u0101t t&deg; no +5 &deg;\u0421 l\u012bdz +25 &deg;\u0421, sarg\u0101jot no tie&scaron;iem saules stariem. Der\u012bguma termi\u0146&scaron;: 30 m\u0113n.&nbsp;<\/p>\n","protected":false},"featured_media":91850,"template":"","meta":[],"product_cat":[1763],"product_tag":[],"class_list":{"0":"post-48215","1":"product","2":"type-product","3":"status-publish","4":"has-post-thumbnail","6":"product_brand-viorica-cosmeplant_bg","7":"product_cat-koju-prieziuros-kosmetika","9":"first","10":"instock","11":"taxable","12":"shipping-taxable","13":"product-type-simple"},"_links":{"self":[{"href":"https:\/\/e.kosmolat.eu\/lv\/wp-json\/wp\/v2\/product\/48215","targetHints":{"allow":["GET"]}}],"collection":[{"href":"https:\/\/e.kosmolat.eu\/lv\/wp-json\/wp\/v2\/product"}],"about":[{"href":"https:\/\/e.kosmolat.eu\/lv\/wp-json\/wp\/v2\/types\/product"}],"wp:featuredmedia":[{"embeddable":true,"href":"https:\/\/e.kosmolat.eu\/lv\/wp-json\/wp\/v2\/media\/91850"}],"wp:attachment":[{"href":"https:\/\/e.kosmolat.eu\/lv\/wp-json\/wp\/v2\/media?parent=48215"}],"wp:term":[{"taxonomy":"product_cat","embeddable":true,"href":"https:\/\/e.kosmolat.eu\/lv\/wp-json\/wp\/v2\/product_cat?post=48215"},{"taxonomy":"product_tag","embeddable":true,"href":"https:\/\/e.kosmolat.eu\/lv\/wp-json\/wp\/v2\/product_tag?post=48215"}],"curies":[{"name":"wp","href":"https:\/\/api.w.org\/{rel}","templated":true}]}}