{"id":48207,"date":"2024-04-01T04:46:25","date_gmt":"2024-04-01T04:46:25","guid":{"rendered":"https:\/\/e.kosmolat.eu\/product\/viorica-roku-krems-mitrinoss-75-ml\/"},"modified":"2026-04-15T06:19:58","modified_gmt":"2026-04-15T06:19:58","slug":"viorica-roku-krems-mitrinoss-75-ml","status":"publish","type":"product","link":"https:\/\/e.kosmolat.eu\/lv\/product\/viorica-roku-krems-mitrinoss-75-ml\/","title":{"rendered":"VIORICA Roku kr\u0113ms Mitrino\u0161s, 75 ml"},"content":{"rendered":"<p>&Scaron;is maigs kr\u0113ms ar bag\u0101t\u012bgu sast\u0101vu \u0101tri uzs\u016bcas \u0101d\u0101, it k\u0101 ietinot rokas maig\u0101 ziedo&scaron;a aprikoza arom\u0101t\u0101. Mitrina, m\u012bkstina un nomierina \u0101du, veidojot uz t\u0101s aizsargbarjeru. Nav test\u0113ts uz dz\u012bvniekiem.<\/p>\n<p><strong>Lieto&scaron;ana:<\/strong> uzkl\u0101jiet uz t\u012bras, sausas roku \u0101das un iemas\u0113jiet, l\u012bdz piln\u012bb\u0101 uzs\u016bcas. P\u0113c nepiecie&scaron;am\u012bbas lietojiet vair\u0101kas reizes dien\u0101.<\/p>\n<p>Uzglab\u0101t t&deg; no +5 &deg;\u0421 l\u012bdz +25 &deg;\u0421, sarg\u0101jot no tie&scaron;iem saules stariem.<\/p>\n<p><strong>Der\u012bguma termi\u0146&scaron;:<\/strong> 30 m\u0113n.&nbsp;<\/p>\n","protected":false},"excerpt":{"rendered":"<p>&Scaron;is maigs kr\u0113ms ar bag\u0101t\u012bgu sast\u0101vu \u0101tri uzs\u016bcas \u0101d\u0101, it k\u0101 ietinot rokas maig\u0101 ziedo&scaron;a aprikoza arom\u0101t\u0101. Mitrina, m\u012bkstina un nomierina \u0101du, veidojot uz t\u0101s aizsargbarjeru. Nav test\u0113ts uz dz\u012bvniekiem. Lieto&scaron;ana: uzkl\u0101jiet uz t\u012bras, sausas roku \u0101das un iemas\u0113jiet, l\u012bdz piln\u012bb\u0101 uzs\u016bcas. P\u0113c nepiecie&scaron;am\u012bbas lietojiet vair\u0101kas reizes dien\u0101. Uzglab\u0101t t&deg; no +5 &deg;\u0421 l\u012bdz +25 [&#8230;]\n","protected":false},"featured_media":91846,"template":"","meta":[],"product_cat":[1304],"product_tag":[],"class_list":{"0":"post-48207","1":"product","2":"type-product","3":"status-publish","4":"has-post-thumbnail","6":"product_brand-viorica-cosmeplant_bg","7":"product_cat-ranku-prieziuros-kosmetika","9":"first","10":"outofstock","11":"taxable","12":"shipping-taxable","13":"product-type-simple"},"_links":{"self":[{"href":"https:\/\/e.kosmolat.eu\/lv\/wp-json\/wp\/v2\/product\/48207","targetHints":{"allow":["GET"]}}],"collection":[{"href":"https:\/\/e.kosmolat.eu\/lv\/wp-json\/wp\/v2\/product"}],"about":[{"href":"https:\/\/e.kosmolat.eu\/lv\/wp-json\/wp\/v2\/types\/product"}],"wp:featuredmedia":[{"embeddable":true,"href":"https:\/\/e.kosmolat.eu\/lv\/wp-json\/wp\/v2\/media\/91846"}],"wp:attachment":[{"href":"https:\/\/e.kosmolat.eu\/lv\/wp-json\/wp\/v2\/media?parent=48207"}],"wp:term":[{"taxonomy":"product_cat","embeddable":true,"href":"https:\/\/e.kosmolat.eu\/lv\/wp-json\/wp\/v2\/product_cat?post=48207"},{"taxonomy":"product_tag","embeddable":true,"href":"https:\/\/e.kosmolat.eu\/lv\/wp-json\/wp\/v2\/product_tag?post=48207"}],"curies":[{"name":"wp","href":"https:\/\/api.w.org\/{rel}","templated":true}]}}