{"id":48199,"date":"2024-04-01T04:45:46","date_gmt":"2024-04-01T04:45:46","guid":{"rendered":"https:\/\/e.kosmolat.eu\/product\/viorica-multivitaminu-sejas-maska-75-ml\/"},"modified":"2026-04-10T05:49:10","modified_gmt":"2026-04-10T05:49:10","slug":"viorica-multivitaminu-sejas-maska-75-ml","status":"publish","type":"product","link":"https:\/\/e.kosmolat.eu\/lv\/product\/viorica-multivitaminu-sejas-maska-75-ml\/","title":{"rendered":"VIORICA Multivitam\u012bnu sejas maska, 75 ml"},"content":{"rendered":"<p>Akt\u012bv\u0101 maska dzi\u013cai mitrin\u0101&scaron;anai, baro&scaron;anai un \u0101das atjauno&scaron;anai. Pies\u0101tina \u0101du ar vitam\u012bniem un atjauno to. <strong>Valriekstu e\u013c\u013ca i<\/strong>ntens\u012bvi baro un atjauno \u0101du. <strong>Vitam\u012bnu komplekss A, E, B3, B5<\/strong> stiprina \u0101das aizsargbarjeru.<\/p>\n<p><strong>Lieto&scaron;ana: <\/strong>uzkl\u0101jiet nelielu maskas daudzumu uz sejas un dekolt\u0113 zonas, izvairoties no acu zonas. Atst\u0101jiet uz 20-30 min\u016bt\u0113m, p\u0113c tam nomazg\u0101jiet ar siltu \u016bdeni. Lietojiet reizi ned\u0113\u013c\u0101. Ja \u0101da ir p\u0101r\u0101k sausa, lietojiet 2-3 reizes ned\u0113\u013c\u0101. Nav test\u0113ts uz dz\u012bvniekiem.<\/p>\n<p>Uzglab\u0101t t&deg; no +5 &deg;\u0421 l\u012bdz +25 &deg;\u0421, sarg\u0101jot no tie&scaron;iem saules stariem.<\/p>\n<p><strong>Der\u012bguma termi\u0146&scaron;:<\/strong> 30 m\u0113n. P\u0113c atv\u0113r&scaron;anas izletot 12 m\u0113n. laik\u0101.&nbsp;<\/p>\n","protected":false},"excerpt":{"rendered":"<p>Akt\u012bv\u0101 maska dzi\u013cai mitrin\u0101&scaron;anai, baro&scaron;anai un \u0101das atjauno&scaron;anai. Pies\u0101tina \u0101du ar vitam\u012bniem un atjauno to. Valriekstu e\u013c\u013ca intens\u012bvi baro un atjauno \u0101du. Vitam\u012bnu komplekss A, E, B3, B5 stiprina \u0101das aizsargbarjeru. Lieto&scaron;ana: uzkl\u0101jiet nelielu maskas daudzumu uz sejas un dekolt\u0113 zonas, izvairoties no acu zonas. Atst\u0101jiet uz 20-30 min\u016bt\u0113m, p\u0113c tam nomazg\u0101jiet ar siltu \u016bdeni. [&#8230;]\n","protected":false},"featured_media":91842,"template":"","meta":[],"product_cat":[1369],"product_tag":[],"class_list":{"0":"post-48199","1":"product","2":"type-product","3":"status-publish","4":"has-post-thumbnail","6":"product_brand-viorica-cosmeplant_bg","7":"product_cat-veido-kaukes","9":"first","10":"outofstock","11":"taxable","12":"shipping-taxable","13":"product-type-simple"},"_links":{"self":[{"href":"https:\/\/e.kosmolat.eu\/lv\/wp-json\/wp\/v2\/product\/48199","targetHints":{"allow":["GET"]}}],"collection":[{"href":"https:\/\/e.kosmolat.eu\/lv\/wp-json\/wp\/v2\/product"}],"about":[{"href":"https:\/\/e.kosmolat.eu\/lv\/wp-json\/wp\/v2\/types\/product"}],"wp:featuredmedia":[{"embeddable":true,"href":"https:\/\/e.kosmolat.eu\/lv\/wp-json\/wp\/v2\/media\/91842"}],"wp:attachment":[{"href":"https:\/\/e.kosmolat.eu\/lv\/wp-json\/wp\/v2\/media?parent=48199"}],"wp:term":[{"taxonomy":"product_cat","embeddable":true,"href":"https:\/\/e.kosmolat.eu\/lv\/wp-json\/wp\/v2\/product_cat?post=48199"},{"taxonomy":"product_tag","embeddable":true,"href":"https:\/\/e.kosmolat.eu\/lv\/wp-json\/wp\/v2\/product_tag?post=48199"}],"curies":[{"name":"wp","href":"https:\/\/api.w.org\/{rel}","templated":true}]}}