{"id":48191,"date":"2024-04-01T04:45:21","date_gmt":"2024-04-01T04:45:21","guid":{"rendered":"https:\/\/e.kosmolat.eu\/product\/viorica-ipasi-mitrinoss-nakts-krems-50-ml\/"},"modified":"2026-04-21T09:24:49","modified_gmt":"2026-04-21T09:24:49","slug":"viorica-ipasi-mitrinoss-nakts-krems-50-ml","status":"publish","type":"product","link":"https:\/\/e.kosmolat.eu\/lv\/product\/viorica-ipasi-mitrinoss-nakts-krems-50-ml\/","title":{"rendered":"VIORICA \u012apa\u0161i mitrino\u0161s nakts kr\u0113ms, 50 ml"},"content":{"rendered":"<p>Akt\u012bv\u0101 formula intens\u012bvai nakts mitrin\u0101&scaron;anai un \u0101das atjauno&scaron;anai.<\/p>\n<p><strong>Lieto&scaron;ana: <\/strong>uzkl\u0101jiet kr\u0113mu ar viegl\u0101m mas\u0113jo&scaron;\u0101m kust\u012bb\u0101m uz att\u012br\u012btas sejas, kakla un dekolt\u0113 zonas. Ilgsto&scaron;am, notur\u012bgam efektam lietojiet kr\u0113mu katru vakaru, 1 stundu pirms gul\u0113tie&scaron;anas un kombin\u0113jiet to ar \u012bpa&scaron;i mitrino&scaron;u kr\u0113mu Viorica. Nav test\u0113ts uz dz\u012bvniekiem.<\/p>\n<p>Uzglab\u0101t t&deg; no +5 &deg;\u0421 l\u012bdz +25 &deg;\u0421, sarg\u0101jot no tie&scaron;iem saules stariem.<\/p>\n<p><strong>Der\u012bguma termi\u0146&scaron;:<\/strong> 30 m\u0113n.&nbsp;P\u0113c atv\u0113r&scaron;anas izletot 12 m\u0113n. laik\u0101.&nbsp;<\/p>\n","protected":false},"excerpt":{"rendered":"<p>Akt\u012bv\u0101 formula intens\u012bvai nakts mitrin\u0101&scaron;anai un \u0101das atjauno&scaron;anai. Lieto&scaron;ana: uzkl\u0101jiet kr\u0113mu ar viegl\u0101m mas\u0113jo&scaron;\u0101m kust\u012bb\u0101m uz att\u012br\u012btas sejas, kakla un dekolt\u0113 zonas. Ilgsto&scaron;am, notur\u012bgam efektam lietojiet kr\u0113mu katru vakaru, 1 stundu pirms gul\u0113tie&scaron;anas un kombin\u0113jiet to ar \u012bpa&scaron;i mitrino&scaron;u kr\u0113mu Viorica. Nav test\u0113ts uz dz\u012bvniekiem. Uzglab\u0101t t&deg; no +5 &deg;\u0421 l\u012bdz +25 &deg;\u0421, sarg\u0101jot no [&#8230;]\n","protected":false},"featured_media":91838,"template":"","meta":[],"product_cat":[1999],"product_tag":[],"class_list":{"0":"post-48191","1":"product","2":"type-product","3":"status-publish","4":"has-post-thumbnail","6":"product_brand-viorica-cosmeplant_bg","7":"product_cat-bez-kategorijas","9":"first","10":"outofstock","11":"taxable","12":"shipping-taxable","13":"product-type-simple"},"_links":{"self":[{"href":"https:\/\/e.kosmolat.eu\/lv\/wp-json\/wp\/v2\/product\/48191","targetHints":{"allow":["GET"]}}],"collection":[{"href":"https:\/\/e.kosmolat.eu\/lv\/wp-json\/wp\/v2\/product"}],"about":[{"href":"https:\/\/e.kosmolat.eu\/lv\/wp-json\/wp\/v2\/types\/product"}],"wp:featuredmedia":[{"embeddable":true,"href":"https:\/\/e.kosmolat.eu\/lv\/wp-json\/wp\/v2\/media\/91838"}],"wp:attachment":[{"href":"https:\/\/e.kosmolat.eu\/lv\/wp-json\/wp\/v2\/media?parent=48191"}],"wp:term":[{"taxonomy":"product_cat","embeddable":true,"href":"https:\/\/e.kosmolat.eu\/lv\/wp-json\/wp\/v2\/product_cat?post=48191"},{"taxonomy":"product_tag","embeddable":true,"href":"https:\/\/e.kosmolat.eu\/lv\/wp-json\/wp\/v2\/product_tag?post=48191"}],"curies":[{"name":"wp","href":"https:\/\/api.w.org\/{rel}","templated":true}]}}