{"id":48183,"date":"2024-04-01T04:42:40","date_gmt":"2024-04-01T04:42:40","guid":{"rendered":"https:\/\/e.kosmolat.eu\/product\/viorica-nakts-pretgrumbu-krems-45-50-ml\/"},"modified":"2026-04-10T05:48:41","modified_gmt":"2026-04-10T05:48:41","slug":"viorica-nakts-pretgrumbu-krems-45-50-ml","status":"publish","type":"product","link":"https:\/\/e.kosmolat.eu\/lv\/product\/viorica-nakts-pretgrumbu-krems-45-50-ml\/","title":{"rendered":"VIORICA Nakts pretgrumbu kr\u0113ms 45+, 50 ml"},"content":{"rendered":"<p>Kompleksa formula ir izstr\u0101d\u0101ta, lai uzlabotu izskatu un atjaunotu nobriedu&scaron;u \u0101du. <strong>Smilts\u0113rk&scaron;\u0137u e\u013c\u013ca<\/strong> samazina statisko un m\u012bmisko grumbu par\u0101d\u012b&scaron;anos.<strong> Tamarinda polisahar\u012bdi <\/strong>intens\u012bvi mitrina, padarot \u0101du tvirtu un gludu. <strong>\u0136irbju s\u0113klu e\u013c\u013ca<\/strong> baro un pies\u0101tina \u0101du ar vitam\u012bniem.<strong> <\/strong><\/p>\n<p><strong>Lieto&scaron;ana:<\/strong> uzkl\u0101jiet kr\u0113mu ar viegl\u0101m mas\u0113jo&scaron;\u0101m kust\u012bb\u0101m uz att\u012br\u012btas sejas, kakla un dekolt\u0113 zonas. Ilgsto&scaron;am, notur\u012bgam efektam lietojiet kr\u0113mu katru vakaru, 1 stundu pirms gul\u0113tie&scaron;anas un kombin\u0113jiet to ar pretgrumbu kr\u0113mu 45+ Viorica. Nav test\u0113ts uz dz\u012bvniekiem.<\/p>\n<p>Uzglab\u0101t t&deg; no +5 &deg;\u0421 l\u012bdz +25 &deg;\u0421, sarg\u0101jot no tie&scaron;iem saules stariem.<\/p>\n<p><strong>Der\u012bguma termi\u0146&scaron;: <\/strong>30 m\u0113n. P\u0113c atv\u0113r&scaron;anas izletot 12 m\u0113n. laik\u0101<\/p>\n","protected":false},"excerpt":{"rendered":"<p>Kompleksa formula ir izstr\u0101d\u0101ta, lai uzlabotu izskatu un atjaunotu nobriedu&scaron;u \u0101du. Smilts\u0113rk&scaron;\u0137u e\u013c\u013ca samazina statisko un m\u012bmisko grumbu par\u0101d\u012b&scaron;anos. Tamarinda polisahar\u012bdi intens\u012bvi mitrina, padarot \u0101du tvirtu un gludu. \u0136irbju s\u0113klu e\u013c\u013ca baro un pies\u0101tina \u0101du ar vitam\u012bniem. Lieto&scaron;ana: uzkl\u0101jiet kr\u0113mu ar viegl\u0101m mas\u0113jo&scaron;\u0101m kust\u012bb\u0101m uz att\u012br\u012btas sejas, kakla un dekolt\u0113 zonas. Ilgsto&scaron;am, notur\u012bgam efektam lietojiet [&#8230;]\n","protected":false},"featured_media":91834,"template":"","meta":[],"product_cat":[1320],"product_tag":[],"class_list":{"0":"post-48183","1":"product","2":"type-product","3":"status-publish","4":"has-post-thumbnail","6":"product_brand-viorica-cosmeplant_bg","7":"product_cat-sejas-kremi","9":"first","10":"outofstock","11":"taxable","12":"shipping-taxable","13":"product-type-simple"},"_links":{"self":[{"href":"https:\/\/e.kosmolat.eu\/lv\/wp-json\/wp\/v2\/product\/48183","targetHints":{"allow":["GET"]}}],"collection":[{"href":"https:\/\/e.kosmolat.eu\/lv\/wp-json\/wp\/v2\/product"}],"about":[{"href":"https:\/\/e.kosmolat.eu\/lv\/wp-json\/wp\/v2\/types\/product"}],"wp:featuredmedia":[{"embeddable":true,"href":"https:\/\/e.kosmolat.eu\/lv\/wp-json\/wp\/v2\/media\/91834"}],"wp:attachment":[{"href":"https:\/\/e.kosmolat.eu\/lv\/wp-json\/wp\/v2\/media?parent=48183"}],"wp:term":[{"taxonomy":"product_cat","embeddable":true,"href":"https:\/\/e.kosmolat.eu\/lv\/wp-json\/wp\/v2\/product_cat?post=48183"},{"taxonomy":"product_tag","embeddable":true,"href":"https:\/\/e.kosmolat.eu\/lv\/wp-json\/wp\/v2\/product_tag?post=48183"}],"curies":[{"name":"wp","href":"https:\/\/api.w.org\/{rel}","templated":true}]}}