{"id":48167,"date":"2024-04-01T04:41:59","date_gmt":"2024-04-01T04:41:59","guid":{"rendered":"https:\/\/e.kosmolat.eu\/product\/cosmeplant-anti-acne-losjons-toniks-sejai-200-ml\/"},"modified":"2026-04-22T13:17:18","modified_gmt":"2026-04-22T13:17:18","slug":"cosmeplant-anti-acne-losjons-toniks-sejai-200-ml","status":"publish","type":"product","link":"https:\/\/e.kosmolat.eu\/lv\/product\/cosmeplant-anti-acne-losjons-toniks-sejai-200-ml\/","title":{"rendered":"Cosmeplant Anti-Acne Losjons-toniks sejai, 200 ml"},"content":{"rendered":"<p>L\u012bdzeklis, bag\u0101tin\u0101ts ar pretpin\u0146u sast\u0101vda\u013cu ar pier\u0101d\u012btu efektivit\u0101ti AC.NET un ekstraktiem no organiskaj\u0101m z\u0101l\u0113m, lai r\u016bp\u0113tos par \u0101du ar noslieci uz pinn\u0113m. Tas regul\u0113 sebuma izdal\u012b&scaron;anos, sa&scaron;aurina poras, iev\u0113rojami uzlabo \u0101das st\u0101vokli.<\/p>\n<p><strong>Lieto&scaron;ana: <\/strong>uzkl\u0101jiet uz vates diska un maigi not\u012briet sejas \u0101du, izvairoties no \u0101das ap ac\u012bm un l\u016bp\u0101m.<\/p>\n<p>Uzglab\u0101t t&deg; no +5 &deg;\u0421 l\u012bdz +25 &deg;\u0421, sarg\u0101jot no tie&scaron;iem saules stariem.<\/p>\n<p><strong>Der\u012bguma termi\u0146&scaron;:<\/strong> 36 m\u0113n.&nbsp;<br \/>\n&nbsp;<\/p>\n","protected":false},"excerpt":{"rendered":"<p>L\u012bdzeklis, bag\u0101tin\u0101ts ar pretpin\u0146u sast\u0101vda\u013cu ar pier\u0101d\u012btu efektivit\u0101ti AC.NET un ekstraktiem no organiskaj\u0101m z\u0101l\u0113m, lai r\u016bp\u0113tos par \u0101du ar noslieci uz pinn\u0113m. Tas regul\u0113 sebuma izdal\u012b&scaron;anos, sa&scaron;aurina poras, iev\u0113rojami uzlabo \u0101das st\u0101vokli. Lieto&scaron;ana: uzkl\u0101jiet uz vates diska un maigi not\u012briet sejas \u0101du, izvairoties no \u0101das ap ac\u012bm un l\u016bp\u0101m. Uzglab\u0101t t&deg; no +5 &deg;\u0421 l\u012bdz [&#8230;]\n","protected":false},"featured_media":91826,"template":"","meta":[],"product_cat":[2181],"product_tag":[],"class_list":{"0":"post-48167","1":"product","2":"type-product","3":"status-publish","4":"has-post-thumbnail","6":"product_brand-viorica-cosmeplant_bg","7":"product_cat-bez-kategorijas-lt","9":"first","10":"instock","11":"taxable","12":"shipping-taxable","13":"product-type-simple"},"_links":{"self":[{"href":"https:\/\/e.kosmolat.eu\/lv\/wp-json\/wp\/v2\/product\/48167","targetHints":{"allow":["GET"]}}],"collection":[{"href":"https:\/\/e.kosmolat.eu\/lv\/wp-json\/wp\/v2\/product"}],"about":[{"href":"https:\/\/e.kosmolat.eu\/lv\/wp-json\/wp\/v2\/types\/product"}],"wp:featuredmedia":[{"embeddable":true,"href":"https:\/\/e.kosmolat.eu\/lv\/wp-json\/wp\/v2\/media\/91826"}],"wp:attachment":[{"href":"https:\/\/e.kosmolat.eu\/lv\/wp-json\/wp\/v2\/media?parent=48167"}],"wp:term":[{"taxonomy":"product_cat","embeddable":true,"href":"https:\/\/e.kosmolat.eu\/lv\/wp-json\/wp\/v2\/product_cat?post=48167"},{"taxonomy":"product_tag","embeddable":true,"href":"https:\/\/e.kosmolat.eu\/lv\/wp-json\/wp\/v2\/product_tag?post=48167"}],"curies":[{"name":"wp","href":"https:\/\/api.w.org\/{rel}","templated":true}]}}