{"id":48159,"date":"2024-04-01T04:41:38","date_gmt":"2024-04-01T04:41:38","guid":{"rendered":"https:\/\/e.kosmolat.eu\/product\/cosmeplant-anti-acne-nolobosa-dzilas-iedarb-sejas-gomaza-150-ml\/"},"modified":"2026-03-21T10:40:24","modified_gmt":"2026-03-21T10:40:24","slug":"cosmeplant-anti-acne-nolobosa-dzilas-iedarb-sejas-gomaza-150-ml","status":"publish","type":"product","link":"https:\/\/e.kosmolat.eu\/lv\/product\/cosmeplant-anti-acne-nolobosa-dzilas-iedarb-sejas-gomaza-150-ml\/","title":{"rendered":"Cosmeplant Anti-acne Nolobo\u0161a dzi\u013cas iedarb. sejas gom\u0101\u017ea, 150 ml"},"content":{"rendered":"<p>Produkts ar t\u0113jas koka e\u013c\u013cu, hohobas mikrogranul\u0101m un organiskiem augu ekstraktiem maigai sejas \u0101das kop&scaron;anai. &nbsp;Nolobo&scaron;a gom\u0101\u017ea ir piem\u0113rota \u0101dai ar noslieci uz pinn\u0113m. Efekt\u012bvi att\u012bra poras no atmiru&scaron;aj\u0101m \u0101das &scaron;\u016bn\u0101m un net\u012brumiem, stimul\u0113 \u0101das atjauno&scaron;anos, m\u012bkstina un izl\u012bdzina \u0101das virsmu.<\/p>\n<p><strong>Lieto&scaron;ana:<\/strong> uzkl\u0101jiet uz mitras \u0101das, izvairoties no acu zonas. Viegli iemas\u0113jiet, p\u0113c tam noskalojiet ar siltu \u016bdeni. Maksim\u0101lam un ilgsto&scaron;am efektam lietot 2-3 reizes ned\u0113\u013c\u0101.<\/p>\n<p>Uzglab\u0101t t&deg; no +5 &deg;\u0421 l\u012bdz +25 &deg;\u0421, sarg\u0101jot no tie&scaron;iem saules stariem.<\/p>\n<p><strong>Der\u012bguma termi\u0146&scaron;:<\/strong> 30 m\u0113n.&nbsp;<\/p>\n","protected":false},"excerpt":{"rendered":"<p>Produkts ar t\u0113jas koka e\u013c\u013cu, hohobas mikrogranul\u0101m un organiskiem augu ekstraktiem maigai sejas \u0101das kop&scaron;anai. &nbsp;Nolobo&scaron;a gom\u0101\u017ea ir piem\u0113rota \u0101dai ar noslieci uz pinn\u0113m. Efekt\u012bvi att\u012bra poras no atmiru&scaron;aj\u0101m \u0101das &scaron;\u016bn\u0101m un net\u012brumiem, stimul\u0113 \u0101das atjauno&scaron;anos, m\u012bkstina un izl\u012bdzina \u0101das virsmu. Lieto&scaron;ana: uzkl\u0101jiet uz mitras \u0101das, izvairoties no acu zonas. Viegli iemas\u0113jiet, p\u0113c tam noskalojiet [&#8230;]\n","protected":false},"featured_media":91822,"template":"","meta":[],"product_cat":[1394],"product_tag":[],"class_list":{"0":"post-48159","1":"product","2":"type-product","3":"status-publish","4":"has-post-thumbnail","6":"product_brand-viorica-cosmeplant_bg","7":"product_cat-skrubji-un-pilingi-sejai","9":"first","10":"instock","11":"taxable","12":"shipping-taxable","13":"product-type-simple"},"_links":{"self":[{"href":"https:\/\/e.kosmolat.eu\/lv\/wp-json\/wp\/v2\/product\/48159","targetHints":{"allow":["GET"]}}],"collection":[{"href":"https:\/\/e.kosmolat.eu\/lv\/wp-json\/wp\/v2\/product"}],"about":[{"href":"https:\/\/e.kosmolat.eu\/lv\/wp-json\/wp\/v2\/types\/product"}],"wp:featuredmedia":[{"embeddable":true,"href":"https:\/\/e.kosmolat.eu\/lv\/wp-json\/wp\/v2\/media\/91822"}],"wp:attachment":[{"href":"https:\/\/e.kosmolat.eu\/lv\/wp-json\/wp\/v2\/media?parent=48159"}],"wp:term":[{"taxonomy":"product_cat","embeddable":true,"href":"https:\/\/e.kosmolat.eu\/lv\/wp-json\/wp\/v2\/product_cat?post=48159"},{"taxonomy":"product_tag","embeddable":true,"href":"https:\/\/e.kosmolat.eu\/lv\/wp-json\/wp\/v2\/product_tag?post=48159"}],"curies":[{"name":"wp","href":"https:\/\/api.w.org\/{rel}","templated":true}]}}