{"id":48151,"date":"2024-04-01T04:41:20","date_gmt":"2024-04-01T04:41:20","guid":{"rendered":"https:\/\/e.kosmolat.eu\/product\/cosmeplant-anti-acne-cleansing-gel\/"},"modified":"2026-04-22T13:17:01","modified_gmt":"2026-04-22T13:17:01","slug":"cosmeplant-anti-acne-attirosa-zeleja-sejas-mazgas-150-ml","status":"publish","type":"product","link":"https:\/\/e.kosmolat.eu\/lv\/product\/cosmeplant-anti-acne-attirosa-zeleja-sejas-mazgas-150-ml\/","title":{"rendered":"Cosmeplant Anti-acne Att\u012bro\u0161a \u017eeleja sejas mazg\u0101\u0161., 150 ml"},"content":{"rendered":"<p>L\u012bdzeklis ar salicilsk\u0101bi, t\u0113jas koka e\u013c\u013cu un organiskiem augu ekstraktiem ikdienas \u0101das att\u012br\u012b&scaron;anai. Piem\u0113rots \u0101dai ar noslieci uz pinn\u0113m. Atbr\u012bvo poras no liek\u0101 sebuma un net\u012brumiem, mazinot &nbsp;taukainu sp\u012bdumu. Nesausina \u0101du.<\/p>\n<p><strong>Lieto&scaron;ana: <\/strong>uzkl\u0101jiet uz mitras \u0101das, maigi iemas\u0113jiet, l\u012bdz veidojas putas. Noskalojiet ar siltu \u016bdeni. Lietojiet no r\u012bta un vakar\u0101.<\/p>\n<p>Uzglab\u0101t t&deg; no +5 &deg;\u0421 l\u012bdz +25 &deg;\u0421, sarg\u0101jot no tie&scaron;iem saules stariem.<\/p>\n<p><strong>Der\u012bguma termi\u0146&scaron;:<\/strong> 36 m\u0113n.&nbsp;<\/p>\n","protected":false},"excerpt":{"rendered":"<p>L\u012bdzeklis ar salicilsk\u0101bi, t\u0113jas koka e\u013c\u013cu un organiskiem augu ekstraktiem ikdienas \u0101das att\u012br\u012b&scaron;anai. Piem\u0113rots \u0101dai ar noslieci uz pinn\u0113m. Atbr\u012bvo poras no liek\u0101 sebuma un net\u012brumiem, mazinot &nbsp;taukainu sp\u012bdumu. Nesausina \u0101du. Lieto&scaron;ana: uzkl\u0101jiet uz mitras \u0101das, maigi iemas\u0113jiet, l\u012bdz veidojas putas. Noskalojiet ar siltu \u016bdeni. Lietojiet no r\u012bta un vakar\u0101. Uzglab\u0101t t&deg; no +5 &deg;\u0421 [&#8230;]\n","protected":false},"featured_media":91818,"template":"","meta":[],"product_cat":[2181],"product_tag":[],"class_list":{"0":"post-48151","1":"product","2":"type-product","3":"status-publish","4":"has-post-thumbnail","6":"product_brand-viorica-cosmeplant_bg","7":"product_cat-bez-kategorijas-lt","9":"first","10":"instock","11":"taxable","12":"shipping-taxable","13":"product-type-simple"},"_links":{"self":[{"href":"https:\/\/e.kosmolat.eu\/lv\/wp-json\/wp\/v2\/product\/48151","targetHints":{"allow":["GET"]}}],"collection":[{"href":"https:\/\/e.kosmolat.eu\/lv\/wp-json\/wp\/v2\/product"}],"about":[{"href":"https:\/\/e.kosmolat.eu\/lv\/wp-json\/wp\/v2\/types\/product"}],"wp:featuredmedia":[{"embeddable":true,"href":"https:\/\/e.kosmolat.eu\/lv\/wp-json\/wp\/v2\/media\/91818"}],"wp:attachment":[{"href":"https:\/\/e.kosmolat.eu\/lv\/wp-json\/wp\/v2\/media?parent=48151"}],"wp:term":[{"taxonomy":"product_cat","embeddable":true,"href":"https:\/\/e.kosmolat.eu\/lv\/wp-json\/wp\/v2\/product_cat?post=48151"},{"taxonomy":"product_tag","embeddable":true,"href":"https:\/\/e.kosmolat.eu\/lv\/wp-json\/wp\/v2\/product_tag?post=48151"}],"curies":[{"name":"wp","href":"https:\/\/api.w.org\/{rel}","templated":true}]}}