{"id":48127,"date":"2024-04-01T04:39:24","date_gmt":"2024-04-01T04:39:24","guid":{"rendered":"https:\/\/e.kosmolat.eu\/product\/aquafruit-dusas-zeleja-relax-420-ml\/"},"modified":"2025-09-19T18:42:07","modified_gmt":"2025-09-19T18:42:07","slug":"aquafruit-dusas-zeleja-relax-420-ml","status":"publish","type":"product","link":"https:\/\/e.kosmolat.eu\/lv\/product\/aquafruit-dusas-zeleja-relax-420-ml\/","title":{"rendered":"AQUAFRUIT Du\u0161as \u017eeleja RELAX, 420 ml"},"content":{"rendered":"<p>\u00a0Sast\u0101v\u0101 ietilpst persiku e\u013c\u013ca, kura ir bag\u0101ta ar miner\u0101liem un A, B un C vitam\u012bnu grup\u0101m. E vitam\u012bns vecina \u0101das tvirtuma paaugstin\u0101\u0161anu, k\u0101 ar\u012b stimul\u0113 re\u0123ener\u0101cijas un atjauno\u0161anas procesus. Lieto\u0161ana: nelielu \u017eelejas daudzumu uzkl\u0101t uz \u0161vammes vai plaukstas, saputot un vienm\u0113r\u012bgi izsm\u0113r\u0113t uz \u0101das, tad r\u016bp\u012bgi nomazg\u0101t ar siltu \u016bdeni. Piem\u0113rota visiem \u0101das tipiem. Piem\u0113rota ikdienas lieto\u0161anai.\u00a0<\/p>\n","protected":false},"excerpt":{"rendered":"<p>\u00a0Sast\u0101v\u0101 ietilpst persiku e\u013c\u013ca, kura ir bag\u0101ta ar miner\u0101liem un A, B un C vitam\u012bnu grup\u0101m. E vitam\u012bns vecina \u0101das tvirtuma paaugstin\u0101\u0161anu, k\u0101 ar\u012b stimul\u0113 re\u0123ener\u0101cijas un atjauno\u0161anas procesus. Lieto\u0161ana: nelielu \u017eelejas daudzumu uzkl\u0101t uz \u0161vammes vai plaukstas, saputot un vienm\u0113r\u012bgi izsm\u0113r\u0113t uz \u0101das, tad r\u016bp\u012bgi nomazg\u0101t ar siltu \u016bdeni. Piem\u0113rota visiem \u0101das tipiem. Piem\u0113rota [&#8230;]\n","protected":false},"featured_media":82042,"template":"","meta":[],"product_cat":[1280],"product_tag":[],"class_list":{"0":"post-48127","1":"product","2":"type-product","3":"status-publish","4":"has-post-thumbnail","6":"product_brand-vecie-kodi","7":"product_cat-dusas-zelejas-un-dusas-ellas","9":"first","10":"outofstock","11":"taxable","12":"shipping-taxable","13":"product-type-simple"},"_links":{"self":[{"href":"https:\/\/e.kosmolat.eu\/lv\/wp-json\/wp\/v2\/product\/48127","targetHints":{"allow":["GET"]}}],"collection":[{"href":"https:\/\/e.kosmolat.eu\/lv\/wp-json\/wp\/v2\/product"}],"about":[{"href":"https:\/\/e.kosmolat.eu\/lv\/wp-json\/wp\/v2\/types\/product"}],"wp:featuredmedia":[{"embeddable":true,"href":"https:\/\/e.kosmolat.eu\/lv\/wp-json\/wp\/v2\/media\/82042"}],"wp:attachment":[{"href":"https:\/\/e.kosmolat.eu\/lv\/wp-json\/wp\/v2\/media?parent=48127"}],"wp:term":[{"taxonomy":"product_cat","embeddable":true,"href":"https:\/\/e.kosmolat.eu\/lv\/wp-json\/wp\/v2\/product_cat?post=48127"},{"taxonomy":"product_tag","embeddable":true,"href":"https:\/\/e.kosmolat.eu\/lv\/wp-json\/wp\/v2\/product_tag?post=48127"}],"curies":[{"name":"wp","href":"https:\/\/api.w.org\/{rel}","templated":true}]}}