{"id":48107,"date":"2024-04-01T04:38:29","date_gmt":"2024-04-01T04:38:29","guid":{"rendered":"https:\/\/e.kosmolat.eu\/product\/i_dd-balzams-eikalipts-un-kampars-42-ml\/"},"modified":"2026-04-14T15:46:56","modified_gmt":"2026-04-14T15:46:56","slug":"i_dd-balzams-eikalipts-un-kampars-42-ml","status":"publish","type":"product","link":"https:\/\/e.kosmolat.eu\/lv\/product\/i_dd-balzams-eikalipts-un-kampars-42-ml\/","title":{"rendered":"I_&#8221;DD&#8221; Balzams &#8220;Eikalipts un kampars&#8221;, 42 ml"},"content":{"rendered":"<p>Nav \u0101rstniecisks l\u012bdzeklis. <\/p>\n<p>Lieto\u0161ana: <\/p>\n<p>Uzkl\u0101t viegl\u0101m mas\u0101\u017eas kust\u012bb\u0101m. Var atk\u0101rtot da\u017eas reizes dien\u0101. Tikai \u0101r\u012bgai lieto\u0161anai. Izvair\u012bties no iek\u013c\u016b\u0161anas uz g\u013cot\u0101das (deguns, acis), atv\u0113rt\u0101m br\u016bc\u0113m.&nbsp;<\/p>\n<div>\n<\/div>\n","protected":false},"excerpt":{"rendered":"<p>Nav \u0101rstniecisks l\u012bdzeklis. Lieto\u0161ana: Uzkl\u0101t viegl\u0101m mas\u0101\u017eas kust\u012bb\u0101m. Var atk\u0101rtot da\u017eas reizes dien\u0101. Tikai \u0101r\u012bgai lieto\u0161anai. Izvair\u012bties no iek\u013c\u016b\u0161anas uz g\u013cot\u0101das (deguns, acis), atv\u0113rt\u0101m br\u016bc\u0113m.&nbsp;<\/p>\n","protected":false},"featured_media":96610,"template":"","meta":[],"product_cat":[1388],"product_tag":[],"class_list":{"0":"post-48107","1":"product","2":"type-product","3":"status-publish","4":"has-post-thumbnail","6":"product_brand-elfa_ua","7":"product_cat-kermena-kremi-pienini-sviesti","9":"first","10":"outofstock","11":"taxable","12":"shipping-taxable","13":"product-type-simple"},"_links":{"self":[{"href":"https:\/\/e.kosmolat.eu\/lv\/wp-json\/wp\/v2\/product\/48107","targetHints":{"allow":["GET"]}}],"collection":[{"href":"https:\/\/e.kosmolat.eu\/lv\/wp-json\/wp\/v2\/product"}],"about":[{"href":"https:\/\/e.kosmolat.eu\/lv\/wp-json\/wp\/v2\/types\/product"}],"wp:featuredmedia":[{"embeddable":true,"href":"https:\/\/e.kosmolat.eu\/lv\/wp-json\/wp\/v2\/media\/96610"}],"wp:attachment":[{"href":"https:\/\/e.kosmolat.eu\/lv\/wp-json\/wp\/v2\/media?parent=48107"}],"wp:term":[{"taxonomy":"product_cat","embeddable":true,"href":"https:\/\/e.kosmolat.eu\/lv\/wp-json\/wp\/v2\/product_cat?post=48107"},{"taxonomy":"product_tag","embeddable":true,"href":"https:\/\/e.kosmolat.eu\/lv\/wp-json\/wp\/v2\/product_tag?post=48107"}],"curies":[{"name":"wp","href":"https:\/\/api.w.org\/{rel}","templated":true}]}}