{"id":48099,"date":"2024-04-01T04:38:12","date_gmt":"2024-04-01T04:38:12","guid":{"rendered":"https:\/\/e.kosmolat.eu\/product\/i_dd-balzams-sinepju-42-ml\/"},"modified":"2026-04-22T10:36:37","modified_gmt":"2026-04-22T10:36:37","slug":"i_dd-balzams-sinepju-42-ml","status":"publish","type":"product","link":"https:\/\/e.kosmolat.eu\/lv\/product\/i_dd-balzams-sinepju-42-ml\/","title":{"rendered":"I_&#8221;DD&#8221; Balz\u0101ms &#8220;Sinepju&#8221;, 42 ml"},"content":{"rendered":"<p>Sinepju iedarb\u012bba:<br \/>\n-pretiekaisuma iedarb\u012bba pret saaukst\u0113\u0161an\u0101s un bronhu &#8211; plau\u0161u slim\u012bb\u0101m, gripu.<\/p>\n<p>Sildo\u0161s.<\/p>\n<p>Indik\u0101cijas: Balz\u0101ma efektivit\u0101tes pamat\u0101 ir atsevi\u0161\u0137u sast\u0101vda\u013cu \u012bpa\u0161\u012bbas, kas ietilpst balzama sast\u0101v\u0101.<br \/>\nSinepes izmanto k\u0101 sildo\u0161u l\u012bdzekli p\u0101rsal\u0161anas, saaukst\u0113\u0161an\u0101s un gripas gad\u012bjumos. Piem\u012bt \u0101du kairino\u0161a iedarb\u012bba, veicina viet\u0113jo asinsriti.<\/p>\n<p>LIETO\u0160ANA:  uzkl\u0101t ar viegl\u0101m mas\u0113jo\u0161\u0101m kust\u012bb\u0101m. P\u0101rsal\u0161anas gad\u012bjum\u0101 uzkl\u0101t nelielu daudzumu balzama uz p\u0113d\u0101m. Efekta pastiprin\u0101\u0161anai k\u0101j\u0101s uzvilkt vilnas ze\u0137es. Proced\u016bru veikt 1 &#8211; 2 reizes dien\u0101, efekt\u012bv\u0101k veikt pirms gul\u0113tie\u0161anas.<\/p>\n<p>KONTRINDIK\u0100CIJAS: individu\u0101la sast\u0101vda\u013cu nepanesam\u012bba, vecums -l\u012bdz 3 gadiem.<br \/>\nTikai \u0101r\u012bgai lieto\u0161anai. Izvair\u012bties no nok\u013c\u016b\u0161anas uz ac\u012bm, atkl\u0101t\u0101m br\u016bc\u0113m.<\/p>\n<p>Uzglab\u0101\u0161ana: no +5\u00b0\u0421 l\u012bdz +25\u00b0\u0421.<\/p>\n","protected":false},"excerpt":{"rendered":"<p>Sinepju iedarb\u012bba: -pretiekaisuma iedarb\u012bba pret saaukst\u0113\u0161an\u0101s un bronhu &#8211; plau\u0161u slim\u012bb\u0101m, gripu. Sildo\u0161s. Indik\u0101cijas: Balz\u0101ma efektivit\u0101tes pamat\u0101 ir atsevi\u0161\u0137u sast\u0101vda\u013cu \u012bpa\u0161\u012bbas, kas ietilpst balzama sast\u0101v\u0101. Sinepes izmanto k\u0101 sildo\u0161u l\u012bdzekli p\u0101rsal\u0161anas, saaukst\u0113\u0161an\u0101s un gripas gad\u012bjumos. Piem\u012bt \u0101du kairino\u0161a iedarb\u012bba, veicina viet\u0113jo asinsriti. LIETO\u0160ANA: uzkl\u0101t ar viegl\u0101m mas\u0113jo\u0161\u0101m kust\u012bb\u0101m. P\u0101rsal\u0161anas gad\u012bjum\u0101 uzkl\u0101t nelielu daudzumu balzama uz [&#8230;]\n","protected":false},"featured_media":96602,"template":"","meta":[],"product_cat":[2181],"product_tag":[],"class_list":{"0":"post-48099","1":"product","2":"type-product","3":"status-publish","4":"has-post-thumbnail","6":"product_brand-elfa_ua","7":"product_cat-bez-kategorijas-lt","9":"first","10":"instock","11":"taxable","12":"shipping-taxable","13":"product-type-simple"},"_links":{"self":[{"href":"https:\/\/e.kosmolat.eu\/lv\/wp-json\/wp\/v2\/product\/48099","targetHints":{"allow":["GET"]}}],"collection":[{"href":"https:\/\/e.kosmolat.eu\/lv\/wp-json\/wp\/v2\/product"}],"about":[{"href":"https:\/\/e.kosmolat.eu\/lv\/wp-json\/wp\/v2\/types\/product"}],"wp:featuredmedia":[{"embeddable":true,"href":"https:\/\/e.kosmolat.eu\/lv\/wp-json\/wp\/v2\/media\/96602"}],"wp:attachment":[{"href":"https:\/\/e.kosmolat.eu\/lv\/wp-json\/wp\/v2\/media?parent=48099"}],"wp:term":[{"taxonomy":"product_cat","embeddable":true,"href":"https:\/\/e.kosmolat.eu\/lv\/wp-json\/wp\/v2\/product_cat?post=48099"},{"taxonomy":"product_tag","embeddable":true,"href":"https:\/\/e.kosmolat.eu\/lv\/wp-json\/wp\/v2\/product_tag?post=48099"}],"curies":[{"name":"wp","href":"https:\/\/api.w.org\/{rel}","templated":true}]}}