{"id":48091,"date":"2024-04-01T04:37:52","date_gmt":"2024-04-01T04:37:52","guid":{"rendered":"https:\/\/e.kosmolat.eu\/product\/i_dk-maska-adai-ap-acim-antistress-tonizesana-un-atsvaidzinasana\/"},"modified":"2025-09-19T16:33:52","modified_gmt":"2025-09-19T16:33:52","slug":"i_dk-maska-adai-ap-acim-antistress-tonizesana-un-atsvaidzinasana","status":"publish","type":"product","link":"https:\/\/e.kosmolat.eu\/lv\/product\/i_dk-maska-adai-ap-acim-antistress-tonizesana-un-atsvaidzinasana\/","title":{"rendered":"I_&#8221;DK&#8221; Maska \u0101dai ap ac\u012bm &#8220;Antistress, toniz\u0113\u0161ana un atsvaidzin\u0101\u0161ana&#8221;"},"content":{"rendered":"<p>Maska ir paredz\u0113ta intens\u012bvai un vienlaic\u012bgi saudz\u012bgai \u0101das atjano\u0161anai ap ac\u012bm. Masku var lietot regul\u0101ri (1-2 reizes ned\u0113\u013c\u0101), gan k\u0101 ekspress-l\u012bdzekli, kur\u0161 ir sp\u0113j\u012bgs pie\u0161\u0137irt \u0101dai svaigumu un gludumu.<\/p>\n<p>Dab\u012bgs augu komplekss <b>Regu Age\u00ae<\/b> satur r\u012bsa kliju prote\u012bnus un sojas pept\u012bdus, kuri pal\u0113nina priek\u0161laic\u012bgu \u0101das noveco\u0161anu un izl\u012bdzina grumbas ap ac\u012bm.<\/p>\n<p>\u0160\u012b kompleksa siner\u0123\u0113tiski atlas\u012btas sast\u0101vda\u013cas samazina tum\u0161us lokus un piet\u016bkums ap ac\u012bm, viecina \u0101das bag\u0101tin\u0101\u0161anu ar sk\u0101bekli. Kompleksa \u012bpa\u0161ie fermenti atjauno \u0101das dz\u012bvei svar\u012bgas olbaltumvielas &#8211; kolag\u0113nu un elast\u012bnu, kuri atbild par t\u0101s tvirtumu. Pateicoties tam &#8220;kapr\u012bz\u0101&#8221; \u0101das ap ac\u012bm k\u013c\u016bst jauna un maiga, skatiens &#8211; izteiksm\u012bgs un svaigs.\u00a0<\/p>\n<h4>Lieto\u0161ana:<\/h4>\n<p> Atveriet iepakojumu, pa\u0146emiet masku un uzlieciet to uz att\u012br\u012btas \u0101das ap ac\u012bm k\u0101 ir nor\u0101d\u012bts z\u012bm\u0113jum\u0101! No\u0146emiet p\u0113c 20 &#8211; 25 min.! \u0160\u0137idruma p\u0101rpalikumus maigi iespiediet \u0101d\u0101 ar pirkstu gali\u0146iem! P\u0113c tam, ja v\u0113laties, uzkl\u0101jiet kr\u0113mu \u0101dai ap ac\u012bm! Maska ir apr\u0113\u0137in\u0101ta vienreiz\u0113jai lieto\u0161anai.<\/p>\n<p>Uzglab\u0101\u0161anas temperat\u016bra +5\u00b0 l\u012bdz +25\u00b0C.<\/p>\n","protected":false},"excerpt":{"rendered":"<p>Maska ir paredz\u0113ta intens\u012bvai un vienlaic\u012bgi saudz\u012bgai \u0101das atjano\u0161anai ap ac\u012bm. Masku var lietot regul\u0101ri (1-2 reizes ned\u0113\u013c\u0101), gan k\u0101 ekspress-l\u012bdzekli, kur\u0161 ir sp\u0113j\u012bgs pie\u0161\u0137irt \u0101dai svaigumu un gludumu. Dab\u012bgs augu komplekss Regu Age\u00ae satur r\u012bsa kliju prote\u012bnus un sojas pept\u012bdus, kuri pal\u0113nina priek\u0161laic\u012bgu \u0101das noveco\u0161anu un izl\u012bdzina grumbas ap ac\u012bm. \u0160\u012b kompleksa siner\u0123\u0113tiski atlas\u012btas [&#8230;]\n","protected":false},"featured_media":79758,"template":"","meta":[],"product_cat":[1369],"product_tag":[],"class_list":{"0":"post-48091","1":"product","2":"type-product","3":"status-publish","4":"has-post-thumbnail","6":"product_brand-malina-akcija","7":"product_cat-veido-kaukes","9":"first","10":"outofstock","11":"taxable","12":"shipping-taxable","13":"product-type-simple"},"_links":{"self":[{"href":"https:\/\/e.kosmolat.eu\/lv\/wp-json\/wp\/v2\/product\/48091","targetHints":{"allow":["GET"]}}],"collection":[{"href":"https:\/\/e.kosmolat.eu\/lv\/wp-json\/wp\/v2\/product"}],"about":[{"href":"https:\/\/e.kosmolat.eu\/lv\/wp-json\/wp\/v2\/types\/product"}],"wp:featuredmedia":[{"embeddable":true,"href":"https:\/\/e.kosmolat.eu\/lv\/wp-json\/wp\/v2\/media\/79758"}],"wp:attachment":[{"href":"https:\/\/e.kosmolat.eu\/lv\/wp-json\/wp\/v2\/media?parent=48091"}],"wp:term":[{"taxonomy":"product_cat","embeddable":true,"href":"https:\/\/e.kosmolat.eu\/lv\/wp-json\/wp\/v2\/product_cat?post=48091"},{"taxonomy":"product_tag","embeddable":true,"href":"https:\/\/e.kosmolat.eu\/lv\/wp-json\/wp\/v2\/product_tag?post=48091"}],"curies":[{"name":"wp","href":"https:\/\/api.w.org\/{rel}","templated":true}]}}