{"id":48075,"date":"2024-04-01T04:37:19","date_gmt":"2024-04-01T04:37:19","guid":{"rendered":"https:\/\/e.kosmolat.eu\/product\/i_dd-balzams-matiem-sarkanie-pipari-intensiva-atjaunosana-480-ml\/"},"modified":"2025-09-19T20:41:16","modified_gmt":"2025-09-19T20:41:16","slug":"i_dd-balzams-matiem-sarkanie-pipari-intensiva-atjaunosana-480-ml","status":"publish","type":"product","link":"https:\/\/e.kosmolat.eu\/lv\/product\/i_dd-balzams-matiem-sarkanie-pipari-intensiva-atjaunosana-480-ml\/","title":{"rendered":"I_&#8221;DD&#8221; Balzams matiem Sarkanie pipari Intens\u012bv\u0101 atjauno\u0161ana, 480 ml"},"content":{"rendered":"<p>Mitrina un atvieglo matu \u0137emm\u0113\u0161anu. Aso sarkano piparu ekstrakts un melno piparu \u0113terisk\u0101 e\u013c\u013ca sniedz stimul\u0113jo\u0161u iedarb\u012bbu uz \u0101du. Sast\u0101vs ir bag\u0101tin\u0101ts ar PP vitam\u012bnu, pundurpalmas ekstraktu, linu, r\u012bcine\u013c\u013cas un dad\u017eu e\u013c\u013cain\u0101 ekstrakta speci\u0101lu kompleksu. Lieto\u0161ana: uz t\u012briem mitriem matiem, vienm\u0113r\u012bgi uzkl\u0101t vis\u0101 matu garum\u0101, nomazg\u0101t ar \u016bdeni. Piesardz\u012bbas pas\u0101kumi: ja iek\u013c\u016bst ac\u012bs, nomazg\u0101t ar \u016bdeni. Ir iesp\u0113jama paaugstin\u0101ta individu\u0101l\u0101 jut\u012bba uz atsevi\u0161\u0137\u0101m sast\u0101vda\u013c\u0101m.\u00a0<\/p>\n","protected":false},"excerpt":{"rendered":"<p>Mitrina un atvieglo matu \u0137emm\u0113\u0161anu. Aso sarkano piparu ekstrakts un melno piparu \u0113terisk\u0101 e\u013c\u013ca sniedz stimul\u0113jo\u0161u iedarb\u012bbu uz \u0101du. Sast\u0101vs ir bag\u0101tin\u0101ts ar PP vitam\u012bnu, pundurpalmas ekstraktu, linu, r\u012bcine\u013c\u013cas un dad\u017eu e\u013c\u013cain\u0101 ekstrakta speci\u0101lu kompleksu. Lieto\u0161ana: uz t\u012briem mitriem matiem, vienm\u0113r\u012bgi uzkl\u0101t vis\u0101 matu garum\u0101, nomazg\u0101t ar \u016bdeni. Piesardz\u012bbas pas\u0101kumi: ja iek\u013c\u016bst ac\u012bs, nomazg\u0101t ar [&#8230;]\n","protected":false},"featured_media":84198,"template":"","meta":[],"product_cat":[1638],"product_tag":[],"class_list":{"0":"post-48075","1":"product","2":"type-product","3":"status-publish","4":"has-post-thumbnail","6":"product_brand-elfa_ua","7":"product_cat-balzami","9":"first","10":"outofstock","11":"taxable","12":"shipping-taxable","13":"product-type-simple"},"_links":{"self":[{"href":"https:\/\/e.kosmolat.eu\/lv\/wp-json\/wp\/v2\/product\/48075","targetHints":{"allow":["GET"]}}],"collection":[{"href":"https:\/\/e.kosmolat.eu\/lv\/wp-json\/wp\/v2\/product"}],"about":[{"href":"https:\/\/e.kosmolat.eu\/lv\/wp-json\/wp\/v2\/types\/product"}],"wp:featuredmedia":[{"embeddable":true,"href":"https:\/\/e.kosmolat.eu\/lv\/wp-json\/wp\/v2\/media\/84198"}],"wp:attachment":[{"href":"https:\/\/e.kosmolat.eu\/lv\/wp-json\/wp\/v2\/media?parent=48075"}],"wp:term":[{"taxonomy":"product_cat","embeddable":true,"href":"https:\/\/e.kosmolat.eu\/lv\/wp-json\/wp\/v2\/product_cat?post=48075"},{"taxonomy":"product_tag","embeddable":true,"href":"https:\/\/e.kosmolat.eu\/lv\/wp-json\/wp\/v2\/product_tag?post=48075"}],"curies":[{"name":"wp","href":"https:\/\/api.w.org\/{rel}","templated":true}]}}