{"id":48059,"date":"2024-04-01T04:36:33","date_gmt":"2024-04-01T04:36:33","guid":{"rendered":"https:\/\/e.kosmolat.eu\/product\/i_dd-matu-balzams-ciedru-sveki-spidums-un-speks-480-ml\/"},"modified":"2025-09-23T09:53:58","modified_gmt":"2025-09-23T09:53:58","slug":"i_dd-matu-balzams-ciedru-sveki-spidums-un-speks-480-ml","status":"publish","type":"product","link":"https:\/\/e.kosmolat.eu\/lv\/product\/i_dd-matu-balzams-ciedru-sveki-spidums-un-speks-480-ml\/","title":{"rendered":"I_&#8221;DD&#8221; Matu balzams &#8220;Ciedru sve\u0137i&#8221; Sp\u012bdums un sp\u0113ks, 480 ml"},"content":{"rendered":"<p>Visiem matu tipiem. Balzams nodro\u0161ina pilv\u0113rt\u012bgu kop\u0161anu, pie\u0161\u0137ir tiem sp\u012bdumu, gludumu un sp\u0113ku. P\u0113c balzama mati izskat\u0101s kopti un ir viegli \u0137emm\u0113jami. Ciedru sve\u0137i stiprina matus, pasarg\u0101 tos no l\u016b\u0161anas un bl\u0101vuma. Speci\u0101ls lins\u0113klu e\u013c\u013cas , ric\u012bne\u013c\u013cas un un dad\u017ea ekstrakta komplekss stimul\u0113 matu aug\u0161anu, padara tos gludus un elast\u012bgus. <\/p>\n<p>Lieto\u0161ana: <\/p>\n<p>uzkl\u0101t uz t\u012briem mitriem matiem, vienm\u0113r\u012bgi izl\u012bdzin\u0101t vis\u0101 matu gatum\u0101, nomazg\u0101t ar \u016bdeni. <\/p>\n<p>Piesardz\u012bbas pas\u0101kumi: <\/p>\n<p>ja iek\u013c\u016bst ac\u012bs, nomazg\u0101t ar \u016bdeni. Ir iesp\u0113jama individu\u0101l\u0101 paaugstin\u0101ta jut\u012bba uz atsevi\u0161\u0137\u0101m sast\u0101vda\u013c\u0101m.<\/p>\n","protected":false},"excerpt":{"rendered":"<p>Visiem matu tipiem. Balzams nodro\u0161ina pilv\u0113rt\u012bgu kop\u0161anu, pie\u0161\u0137ir tiem sp\u012bdumu, gludumu un sp\u0113ku. P\u0113c balzama mati izskat\u0101s kopti un ir viegli \u0137emm\u0113jami. Ciedru sve\u0137i stiprina matus, pasarg\u0101 tos no l\u016b\u0161anas un bl\u0101vuma. Speci\u0101ls lins\u0113klu e\u013c\u013cas , ric\u012bne\u013c\u013cas un un dad\u017ea ekstrakta komplekss stimul\u0113 matu aug\u0161anu, padara tos gludus un elast\u012bgus. Lieto\u0161ana: uzkl\u0101t uz t\u012briem mitriem [&#8230;]\n","protected":false},"featured_media":78272,"template":"","meta":[],"product_cat":[1638],"product_tag":[],"class_list":{"0":"post-48059","1":"product","2":"type-product","3":"status-publish","4":"has-post-thumbnail","6":"product_brand-sale","7":"product_cat-balzami","9":"first","10":"outofstock","11":"taxable","12":"shipping-taxable","13":"product-type-simple"},"_links":{"self":[{"href":"https:\/\/e.kosmolat.eu\/lv\/wp-json\/wp\/v2\/product\/48059","targetHints":{"allow":["GET"]}}],"collection":[{"href":"https:\/\/e.kosmolat.eu\/lv\/wp-json\/wp\/v2\/product"}],"about":[{"href":"https:\/\/e.kosmolat.eu\/lv\/wp-json\/wp\/v2\/types\/product"}],"wp:featuredmedia":[{"embeddable":true,"href":"https:\/\/e.kosmolat.eu\/lv\/wp-json\/wp\/v2\/media\/78272"}],"wp:attachment":[{"href":"https:\/\/e.kosmolat.eu\/lv\/wp-json\/wp\/v2\/media?parent=48059"}],"wp:term":[{"taxonomy":"product_cat","embeddable":true,"href":"https:\/\/e.kosmolat.eu\/lv\/wp-json\/wp\/v2\/product_cat?post=48059"},{"taxonomy":"product_tag","embeddable":true,"href":"https:\/\/e.kosmolat.eu\/lv\/wp-json\/wp\/v2\/product_tag?post=48059"}],"curies":[{"name":"wp","href":"https:\/\/api.w.org\/{rel}","templated":true}]}}