{"id":48051,"date":"2024-04-01T04:36:18","date_gmt":"2024-04-01T04:36:18","guid":{"rendered":"https:\/\/e.kosmolat.eu\/product\/i_dd-matu-balzams-bisofits-stimule-matu-augsanu-480-ml\/"},"modified":"2025-09-23T09:53:42","modified_gmt":"2025-09-23T09:53:42","slug":"i_dd-matu-balzams-bisofits-stimule-matu-augsanu-480-ml","status":"publish","type":"product","link":"https:\/\/e.kosmolat.eu\/lv\/product\/i_dd-matu-balzams-bisofits-stimule-matu-augsanu-480-ml\/","title":{"rendered":"I_&#8221;DD&#8221; Matu balzams &#8220;Bi\u0161ofits&#8221; Stimul\u0113 matu aug\u0161anu, 480 ml"},"content":{"rendered":"<p>Visiem matu tipiem. Balzams mitrina, atjauno matu strukt\u016bru, atvieglo \u0137emm\u0113\u0161anu. Bi\u0161ofits \u2013 dab\u012bgs produkts, kur\u0161 pies\u0101tina galvas \u0101du ar miner\u0101liem. Speci\u0101ls lins\u0113klu, ric\u012bne\u013c\u013cu un un dad\u017ea ekstrakts stimul\u0113 matu aug\u0161anu, padara tos gludus un elast\u012bgus. <\/p>\n<p>Lieto\u0161ana: <\/p>\n<p>uzkl\u0101t uz t\u012briem mitriem matiem, vienm\u0113r\u012bgi izl\u012bdzin\u0101t vis\u0101 matu gatum\u0101, nomazg\u0101t ar \u016bdeni. <\/p>\n<p>Piesardz\u012bbas pas\u0101kumi: <\/p>\n<p>ja iek\u013c\u016bst ac\u012bs, nomazg\u0101t ar \u016bdeni. Ir iesp\u0113jama individu\u0101l\u0101 paaugstin\u0101ta jut\u012bba uz atsevi\u0161\u0137\u0101m sast\u0101vda\u013c\u0101m.&nbsp;<\/p>\n","protected":false},"excerpt":{"rendered":"<p>Visiem matu tipiem. Balzams mitrina, atjauno matu strukt\u016bru, atvieglo \u0137emm\u0113\u0161anu. Bi\u0161ofits \u2013 dab\u012bgs produkts, kur\u0161 pies\u0101tina galvas \u0101du ar miner\u0101liem. Speci\u0101ls lins\u0113klu, ric\u012bne\u013c\u013cu un un dad\u017ea ekstrakts stimul\u0113 matu aug\u0161anu, padara tos gludus un elast\u012bgus. Lieto\u0161ana: uzkl\u0101t uz t\u012briem mitriem matiem, vienm\u0113r\u012bgi izl\u012bdzin\u0101t vis\u0101 matu gatum\u0101, nomazg\u0101t ar \u016bdeni. Piesardz\u012bbas pas\u0101kumi: ja iek\u013c\u016bst ac\u012bs, nomazg\u0101t [&#8230;]\n","protected":false},"featured_media":78268,"template":"","meta":[],"product_cat":[1638],"product_tag":[],"class_list":{"0":"post-48051","1":"product","2":"type-product","3":"status-publish","4":"has-post-thumbnail","6":"product_brand-sale","7":"product_cat-balzami","9":"first","10":"outofstock","11":"taxable","12":"shipping-taxable","13":"product-type-simple"},"_links":{"self":[{"href":"https:\/\/e.kosmolat.eu\/lv\/wp-json\/wp\/v2\/product\/48051","targetHints":{"allow":["GET"]}}],"collection":[{"href":"https:\/\/e.kosmolat.eu\/lv\/wp-json\/wp\/v2\/product"}],"about":[{"href":"https:\/\/e.kosmolat.eu\/lv\/wp-json\/wp\/v2\/types\/product"}],"wp:featuredmedia":[{"embeddable":true,"href":"https:\/\/e.kosmolat.eu\/lv\/wp-json\/wp\/v2\/media\/78268"}],"wp:attachment":[{"href":"https:\/\/e.kosmolat.eu\/lv\/wp-json\/wp\/v2\/media?parent=48051"}],"wp:term":[{"taxonomy":"product_cat","embeddable":true,"href":"https:\/\/e.kosmolat.eu\/lv\/wp-json\/wp\/v2\/product_cat?post=48051"},{"taxonomy":"product_tag","embeddable":true,"href":"https:\/\/e.kosmolat.eu\/lv\/wp-json\/wp\/v2\/product_tag?post=48051"}],"curies":[{"name":"wp","href":"https:\/\/api.w.org\/{rel}","templated":true}]}}