{"id":48027,"date":"2024-04-01T04:35:30","date_gmt":"2024-04-01T04:35:30","guid":{"rendered":"https:\/\/e.kosmolat.eu\/product\/i_dd-skidras-ziepes-ciedru-sveki-480-ml\/"},"modified":"2025-09-19T18:33:28","modified_gmt":"2025-09-19T18:33:28","slug":"i_dd-skidras-ziepes-ciedru-sveki-480-ml","status":"publish","type":"product","link":"https:\/\/e.kosmolat.eu\/lv\/product\/i_dd-skidras-ziepes-ciedru-sveki-480-ml\/","title":{"rendered":"I_&#8221;DD&#8221; \u0160\u0137idr\u0101s ziepes &#8220;Ciedru sve\u0137i&#8221;, 480 ml"},"content":{"rendered":"<p>Nomierina \u0101du. \u0100dai neitr\u0101ls pH. Tiek rekomend\u0113tas visai \u0123imenei. &Scaron;\u0137idr\u0101s ziepes att\u012bra \u0101du, nesausina \u0101du un nesavelk to. Pateicoties maigai formulai piem\u0113rots visai \u0123imenei. Ciedru sve\u0137i re\u0123ener\u0113 un aizsarg\u0101 \u0101du.<\/p>\n<p><strong>Lieto&scaron;ana: <\/strong>uzkl\u0101t nepiecie&scaron;amu &scaron;\u0137idro ziepju daudzumu uz mitr\u0101s \u0101das, saputot, nomazg\u0101t ar \u016bdeni. Iesp\u0113jama paaugstin\u0101ta individu\u0101la jut\u012bba uz atsevi&scaron;\u0137\u0101m sast\u0101vda\u013c\u0101m.<\/p>\n","protected":false},"excerpt":{"rendered":"<p>Nomierina \u0101du. \u0100dai neitr\u0101ls pH. Tiek rekomend\u0113tas visai \u0123imenei. &Scaron;\u0137idr\u0101s ziepes att\u012bra \u0101du, nesausina \u0101du un nesavelk to. Pateicoties maigai formulai piem\u0113rots visai \u0123imenei. Ciedru sve\u0137i re\u0123ener\u0113 un aizsarg\u0101 \u0101du. Lieto&scaron;ana: uzkl\u0101t nepiecie&scaron;amu &scaron;\u0137idro ziepju daudzumu uz mitr\u0101s \u0101das, saputot, nomazg\u0101t ar \u016bdeni. Iesp\u0113jama paaugstin\u0101ta individu\u0101la jut\u012bba uz atsevi&scaron;\u0137\u0101m sast\u0101vda\u013c\u0101m.<\/p>\n","protected":false},"featured_media":81894,"template":"","meta":[],"product_cat":[1607],"product_tag":[],"class_list":{"0":"post-48027","1":"product","2":"type-product","3":"status-publish","4":"has-post-thumbnail","6":"product_brand-elfa_ua","7":"product_cat-ziepes","9":"first","10":"outofstock","11":"taxable","12":"shipping-taxable","13":"product-type-simple"},"_links":{"self":[{"href":"https:\/\/e.kosmolat.eu\/lv\/wp-json\/wp\/v2\/product\/48027","targetHints":{"allow":["GET"]}}],"collection":[{"href":"https:\/\/e.kosmolat.eu\/lv\/wp-json\/wp\/v2\/product"}],"about":[{"href":"https:\/\/e.kosmolat.eu\/lv\/wp-json\/wp\/v2\/types\/product"}],"wp:featuredmedia":[{"embeddable":true,"href":"https:\/\/e.kosmolat.eu\/lv\/wp-json\/wp\/v2\/media\/81894"}],"wp:attachment":[{"href":"https:\/\/e.kosmolat.eu\/lv\/wp-json\/wp\/v2\/media?parent=48027"}],"wp:term":[{"taxonomy":"product_cat","embeddable":true,"href":"https:\/\/e.kosmolat.eu\/lv\/wp-json\/wp\/v2\/product_cat?post=48027"},{"taxonomy":"product_tag","embeddable":true,"href":"https:\/\/e.kosmolat.eu\/lv\/wp-json\/wp\/v2\/product_tag?post=48027"}],"curies":[{"name":"wp","href":"https:\/\/api.w.org\/{rel}","templated":true}]}}