{"id":48019,"date":"2024-04-01T04:34:46","date_gmt":"2024-04-01T04:34:46","guid":{"rendered":"https:\/\/e.kosmolat.eu\/product\/i_dd-skidras-ziepes-berza-darva-480-ml\/"},"modified":"2025-09-19T18:33:15","modified_gmt":"2025-09-19T18:33:15","slug":"i_dd-skidras-ziepes-berza-darva-480-ml","status":"publish","type":"product","link":"https:\/\/e.kosmolat.eu\/lv\/product\/i_dd-skidras-ziepes-berza-darva-480-ml\/","title":{"rendered":"I_&#8221;DD&#8221; \u0160\u0137idr\u0101s ziepes &#8220;B\u0113rza darva&#8221;, 480 ml"},"content":{"rendered":"<p>Problem\u0101tiskai \u0101dai. \u0100dai neitr\u0101ls pH. Tiek rekomend\u0113tas visai \u0123imenei. \u0160\u0137idr\u0101s ziepes att\u012bra \u0101du, nesausina \u0101du un nesavelk to. Pateicoties maigai formulai piem\u0113rots visai \u0123imenei. B\u0113rzu darva nomierina \u0101du, nov\u0113r\u0161 niezi un kairin\u0101jumu. Lieto\u0161ana: uzkl\u0101t nepiecie\u0161amu \u0161\u0137idro ziepju daudzumu uz mitr\u0101s \u0101das, saputot, nomazg\u0101t ar \u016bdeni. Lieto\u0161ana: ir iesp\u0113jama paaugstin\u0101ta individu\u0101la jut\u012bba uz atsevi\u0161\u0137\u0101m sast\u0101vda\u013c\u0101m.<\/p>\n","protected":false},"excerpt":{"rendered":"<p>Problem\u0101tiskai \u0101dai. \u0100dai neitr\u0101ls pH. Tiek rekomend\u0113tas visai \u0123imenei. \u0160\u0137idr\u0101s ziepes att\u012bra \u0101du, nesausina \u0101du un nesavelk to. Pateicoties maigai formulai piem\u0113rots visai \u0123imenei. B\u0113rzu darva nomierina \u0101du, nov\u0113r\u0161 niezi un kairin\u0101jumu. Lieto\u0161ana: uzkl\u0101t nepiecie\u0161amu \u0161\u0137idro ziepju daudzumu uz mitr\u0101s \u0101das, saputot, nomazg\u0101t ar \u016bdeni. Lieto\u0161ana: ir iesp\u0113jama paaugstin\u0101ta individu\u0101la jut\u012bba uz atsevi\u0161\u0137\u0101m sast\u0101vda\u013c\u0101m.<\/p>\n","protected":false},"featured_media":81890,"template":"","meta":[],"product_cat":[1609],"product_tag":[],"class_list":{"0":"post-48019","1":"product","2":"type-product","3":"status-publish","4":"has-post-thumbnail","6":"product_brand-elfa_ua","7":"product_cat-muilas","9":"first","10":"outofstock","11":"taxable","12":"shipping-taxable","13":"product-type-simple"},"_links":{"self":[{"href":"https:\/\/e.kosmolat.eu\/lv\/wp-json\/wp\/v2\/product\/48019","targetHints":{"allow":["GET"]}}],"collection":[{"href":"https:\/\/e.kosmolat.eu\/lv\/wp-json\/wp\/v2\/product"}],"about":[{"href":"https:\/\/e.kosmolat.eu\/lv\/wp-json\/wp\/v2\/types\/product"}],"wp:featuredmedia":[{"embeddable":true,"href":"https:\/\/e.kosmolat.eu\/lv\/wp-json\/wp\/v2\/media\/81890"}],"wp:attachment":[{"href":"https:\/\/e.kosmolat.eu\/lv\/wp-json\/wp\/v2\/media?parent=48019"}],"wp:term":[{"taxonomy":"product_cat","embeddable":true,"href":"https:\/\/e.kosmolat.eu\/lv\/wp-json\/wp\/v2\/product_cat?post=48019"},{"taxonomy":"product_tag","embeddable":true,"href":"https:\/\/e.kosmolat.eu\/lv\/wp-json\/wp\/v2\/product_tag?post=48019"}],"curies":[{"name":"wp","href":"https:\/\/api.w.org\/{rel}","templated":true}]}}