{"id":47947,"date":"2024-04-01T04:30:30","date_gmt":"2024-04-01T04:30:30","guid":{"rendered":"https:\/\/e.kosmolat.eu\/product\/lv-kosmetikas-ota-nr-3-acu-enam-mucinas-forma-mini\/"},"modified":"2025-09-19T18:24:18","modified_gmt":"2025-09-19T18:24:18","slug":"lv-kosmetikas-ota-nr-3-acu-enam-mucinas-forma-mini","status":"publish","type":"product","link":"https:\/\/e.kosmolat.eu\/lv\/product\/lv-kosmetikas-ota-nr-3-acu-enam-mucinas-forma-mini\/","title":{"rendered":"LV Kosm\u0113tikas ota Nr 3 acu \u0113nam (muci\u0146as forma) mini"},"content":{"rendered":"<\/p>\n","protected":false},"excerpt":{"rendered":"","protected":false},"featured_media":81750,"template":"","meta":[],"product_cat":[1546],"product_tag":[],"class_list":{"0":"post-47947","1":"product","2":"type-product","3":"status-publish","4":"has-post-thumbnail","6":"product_brand-lux-visage_by","7":"product_cat-otinas","9":"first","10":"outofstock","11":"taxable","12":"shipping-taxable","13":"product-type-simple"},"_links":{"self":[{"href":"https:\/\/e.kosmolat.eu\/lv\/wp-json\/wp\/v2\/product\/47947","targetHints":{"allow":["GET"]}}],"collection":[{"href":"https:\/\/e.kosmolat.eu\/lv\/wp-json\/wp\/v2\/product"}],"about":[{"href":"https:\/\/e.kosmolat.eu\/lv\/wp-json\/wp\/v2\/types\/product"}],"wp:featuredmedia":[{"embeddable":true,"href":"https:\/\/e.kosmolat.eu\/lv\/wp-json\/wp\/v2\/media\/81750"}],"wp:attachment":[{"href":"https:\/\/e.kosmolat.eu\/lv\/wp-json\/wp\/v2\/media?parent=47947"}],"wp:term":[{"taxonomy":"product_cat","embeddable":true,"href":"https:\/\/e.kosmolat.eu\/lv\/wp-json\/wp\/v2\/product_cat?post=47947"},{"taxonomy":"product_tag","embeddable":true,"href":"https:\/\/e.kosmolat.eu\/lv\/wp-json\/wp\/v2\/product_tag?post=47947"}],"curies":[{"name":"wp","href":"https:\/\/api.w.org\/{rel}","templated":true}]}}