{"id":47939,"date":"2024-04-01T04:29:35","date_gmt":"2024-04-01T04:29:35","guid":{"rendered":"https:\/\/e.kosmolat.eu\/product\/i_ap-vannas-tablete-ciedru-100-g\/"},"modified":"2025-09-19T23:35:10","modified_gmt":"2025-09-19T23:35:10","slug":"i_ap-vannas-tablete-ciedru-100-g","status":"publish","type":"product","link":"https:\/\/e.kosmolat.eu\/lv\/product\/i_ap-vannas-tablete-ciedru-100-g\/","title":{"rendered":"I_AP Vannas tablete Ciedru, 100 g"},"content":{"rendered":"<p>Mo\u017eums. Ener\u0123ija. Toniz\u0113&scaron;ana.<\/p>\n<p><strong>Lieto&scaron;ana: <\/strong>no\u0146emiet pl\u0113vi, iem\u0113rciet arom\u0101tisko tableti silta \u016bdens vann\u0101. Tas burbu\u013cos k\u0101 geizers. Pagaidiet, l\u012bdz tas iz&scaron;\u0137\u012bst un baudiet SPA proced\u016bru sav\u0101s m\u0101j\u0101s.<\/p>\n","protected":false},"excerpt":{"rendered":"<p>Mo\u017eums. Ener\u0123ija. Toniz\u0113&scaron;ana. Lieto&scaron;ana: no\u0146emiet pl\u0113vi, iem\u0113rciet arom\u0101tisko tableti silta \u016bdens vann\u0101. Tas burbu\u013cos k\u0101 geizers. Pagaidiet, l\u012bdz tas iz&scaron;\u0137\u012bst un baudiet SPA proced\u016bru sav\u0101s m\u0101j\u0101s.<\/p>\n","protected":false},"featured_media":87190,"template":"","meta":[],"product_cat":[1610],"product_tag":[],"class_list":{"0":"post-47939","1":"product","2":"type-product","3":"status-publish","4":"has-post-thumbnail","6":"product_brand-modum_by","7":"product_cat-vannas-putas-sali-bumbas","9":"first","10":"outofstock","11":"taxable","12":"shipping-taxable","13":"product-type-simple"},"_links":{"self":[{"href":"https:\/\/e.kosmolat.eu\/lv\/wp-json\/wp\/v2\/product\/47939","targetHints":{"allow":["GET"]}}],"collection":[{"href":"https:\/\/e.kosmolat.eu\/lv\/wp-json\/wp\/v2\/product"}],"about":[{"href":"https:\/\/e.kosmolat.eu\/lv\/wp-json\/wp\/v2\/types\/product"}],"wp:featuredmedia":[{"embeddable":true,"href":"https:\/\/e.kosmolat.eu\/lv\/wp-json\/wp\/v2\/media\/87190"}],"wp:attachment":[{"href":"https:\/\/e.kosmolat.eu\/lv\/wp-json\/wp\/v2\/media?parent=47939"}],"wp:term":[{"taxonomy":"product_cat","embeddable":true,"href":"https:\/\/e.kosmolat.eu\/lv\/wp-json\/wp\/v2\/product_cat?post=47939"},{"taxonomy":"product_tag","embeddable":true,"href":"https:\/\/e.kosmolat.eu\/lv\/wp-json\/wp\/v2\/product_tag?post=47939"}],"curies":[{"name":"wp","href":"https:\/\/api.w.org\/{rel}","templated":true}]}}