{"id":47923,"date":"2024-04-01T04:29:05","date_gmt":"2024-04-01T04:29:05","guid":{"rendered":"https:\/\/e.kosmolat.eu\/product\/i_dd-majas-dusas-ziepes-alvveja-un-olivu-ella-500-ml\/"},"modified":"2025-09-19T22:52:22","modified_gmt":"2025-09-19T22:52:22","slug":"i_dd-majas-dusas-ziepes-alveja-un-olivu-ella-500-ml","status":"publish","type":"product","link":"https:\/\/e.kosmolat.eu\/lv\/product\/i_dd-majas-dusas-ziepes-alveja-un-olivu-ella-500-ml\/","title":{"rendered":"I_&#8221;DD&#8221; M\u0101jas du\u0161as ziepes &#8220;Alveja un ol\u012bvu e\u013c\u013ca&#8221;, 500 ml"},"content":{"rendered":"<p>Satur ol\u012bvu e\u013c\u013cu, kas ir paz\u012bstama ar sav\u0101m v\u0113rt\u012bg\u0101m \u012bpa&scaron;\u012bbam, k\u0101 ar\u012b kompleksu jut\u012bgai \u0101dai no kumel\u012b&scaron;u, melisas, me\u017ea malvas, altejas, kli\u0146\u0123er\u012btes un alvejas ekstraktiem. &nbsp;Ziepes lieliski puto un r\u016bp\u0113jas par \u0101das t\u012br\u012bbu. Piem\u012bt viegls ziedu arom\u0101ts.&nbsp;<\/p>\n<p><strong>Lieto&scaron;ana:&nbsp;<\/strong>saputot uz mitr\u0101s \u0101das, nomazg\u0101t ar \u016bdeni.&nbsp;<\/p>\n<p><strong>Piesardz\u012bbas pas\u0101kumi:&nbsp;<\/strong>paaugstin\u0101ta individu\u0101la jut\u012bba uz atsevi&scaron;\u0137\u0101m sast\u0101vda\u013c\u0101m.&nbsp;<\/p>\n<p>&nbsp;<\/p>\n","protected":false},"excerpt":{"rendered":"<p>Satur ol\u012bvu e\u013c\u013cu, kas ir paz\u012bstama ar sav\u0101m v\u0113rt\u012bg\u0101m \u012bpa&scaron;\u012bbam, k\u0101 ar\u012b kompleksu jut\u012bgai \u0101dai no kumel\u012b&scaron;u, melisas, me\u017ea malvas, altejas, kli\u0146\u0123er\u012btes un alvejas ekstraktiem. &nbsp;Ziepes lieliski puto un r\u016bp\u0113jas par \u0101das t\u012br\u012bbu. Piem\u012bt viegls ziedu arom\u0101ts.&nbsp; Lieto&scaron;ana:&nbsp;saputot uz mitr\u0101s \u0101das, nomazg\u0101t ar \u016bdeni.&nbsp; Piesardz\u012bbas pas\u0101kumi:&nbsp;paaugstin\u0101ta individu\u0101la jut\u012bba uz atsevi&scaron;\u0137\u0101m sast\u0101vda\u013c\u0101m.&nbsp; &nbsp;<\/p>\n","protected":false},"featured_media":86534,"template":"","meta":[],"product_cat":[1607],"product_tag":[],"class_list":{"0":"post-47923","1":"product","2":"type-product","3":"status-publish","4":"has-post-thumbnail","6":"product_brand-elfa_ua","7":"product_cat-ziepes","9":"first","10":"outofstock","11":"taxable","12":"shipping-taxable","13":"product-type-simple"},"_links":{"self":[{"href":"https:\/\/e.kosmolat.eu\/lv\/wp-json\/wp\/v2\/product\/47923","targetHints":{"allow":["GET"]}}],"collection":[{"href":"https:\/\/e.kosmolat.eu\/lv\/wp-json\/wp\/v2\/product"}],"about":[{"href":"https:\/\/e.kosmolat.eu\/lv\/wp-json\/wp\/v2\/types\/product"}],"wp:featuredmedia":[{"embeddable":true,"href":"https:\/\/e.kosmolat.eu\/lv\/wp-json\/wp\/v2\/media\/86534"}],"wp:attachment":[{"href":"https:\/\/e.kosmolat.eu\/lv\/wp-json\/wp\/v2\/media?parent=47923"}],"wp:term":[{"taxonomy":"product_cat","embeddable":true,"href":"https:\/\/e.kosmolat.eu\/lv\/wp-json\/wp\/v2\/product_cat?post=47923"},{"taxonomy":"product_tag","embeddable":true,"href":"https:\/\/e.kosmolat.eu\/lv\/wp-json\/wp\/v2\/product_tag?post=47923"}],"curies":[{"name":"wp","href":"https:\/\/api.w.org\/{rel}","templated":true}]}}