{"id":47915,"date":"2024-04-01T04:28:36","date_gmt":"2024-04-01T04:28:36","guid":{"rendered":"https:\/\/e.kosmolat.eu\/product\/viorica-parfimerijas-udens-sievietem-paeonia-augusta-60-ml\/"},"modified":"2026-04-11T18:40:39","modified_gmt":"2026-04-11T18:40:39","slug":"viorica-parfimerijas-udens-sievietem-paeonia-augusta-60-ml","status":"publish","type":"product","link":"https:\/\/e.kosmolat.eu\/lv\/product\/viorica-parfimerijas-udens-sievietem-paeonia-augusta-60-ml\/","title":{"rendered":"VIORICA Parfim\u0113rijas \u016bdens sieviet\u0113m Paeonia Augusta, 60 ml"},"content":{"rendered":"<p>Tikai \u0101r\u012bgai lieto&scaron;anai. Izvair\u012bties no saskares ar ac\u012bm. Ja iek\u013c\u016bst ac\u012bs, izskalot ar lielu daudzumu \u016bdens.<\/p>\n<p>Uzglab\u0101t t&deg; no +5 &deg;\u0421 l\u012bdz +25 &deg;\u0421, sarg\u0101jot no tie&scaron;iem saules stariem un siltuma avotiem. Uzglab\u0101t b\u0113rniem nepieejam\u0101 viet\u0101.&nbsp;<\/p>\n<p><strong>Br\u012bdin\u0101jums: <\/strong>Uzliesmojo&scaron;s &scaron;\u0137idrums. Neizsmidzin\u0101t uz atkl\u0101tas uguns vai citiem aizdeg&scaron;an\u0101s avotiem.&nbsp;<br \/>\n&nbsp;<\/p>\n","protected":false},"excerpt":{"rendered":"<p>Tikai \u0101r\u012bgai lieto&scaron;anai. Izvair\u012bties no saskares ar ac\u012bm. Ja iek\u013c\u016bst ac\u012bs, izskalot ar lielu daudzumu \u016bdens. Uzglab\u0101t t&deg; no +5 &deg;\u0421 l\u012bdz +25 &deg;\u0421, sarg\u0101jot no tie&scaron;iem saules stariem un siltuma avotiem. Uzglab\u0101t b\u0113rniem nepieejam\u0101 viet\u0101.&nbsp; Br\u012bdin\u0101jums: Uzliesmojo&scaron;s &scaron;\u0137idrums. Neizsmidzin\u0101t uz atkl\u0101tas uguns vai citiem aizdeg&scaron;an\u0101s avotiem.&nbsp; &nbsp;<\/p>\n","protected":false},"featured_media":88302,"template":"","meta":[],"product_cat":[1447],"product_tag":[],"class_list":{"0":"post-47915","1":"product","2":"type-product","3":"status-publish","4":"has-post-thumbnail","6":"product_brand-viorica-cosmeplant_bg","7":"product_cat-kvepalai-ir-tualetinis-vanduo-moterims","9":"first","10":"instock","11":"taxable","12":"shipping-taxable","13":"product-type-simple"},"_links":{"self":[{"href":"https:\/\/e.kosmolat.eu\/lv\/wp-json\/wp\/v2\/product\/47915","targetHints":{"allow":["GET"]}}],"collection":[{"href":"https:\/\/e.kosmolat.eu\/lv\/wp-json\/wp\/v2\/product"}],"about":[{"href":"https:\/\/e.kosmolat.eu\/lv\/wp-json\/wp\/v2\/types\/product"}],"wp:featuredmedia":[{"embeddable":true,"href":"https:\/\/e.kosmolat.eu\/lv\/wp-json\/wp\/v2\/media\/88302"}],"wp:attachment":[{"href":"https:\/\/e.kosmolat.eu\/lv\/wp-json\/wp\/v2\/media?parent=47915"}],"wp:term":[{"taxonomy":"product_cat","embeddable":true,"href":"https:\/\/e.kosmolat.eu\/lv\/wp-json\/wp\/v2\/product_cat?post=47915"},{"taxonomy":"product_tag","embeddable":true,"href":"https:\/\/e.kosmolat.eu\/lv\/wp-json\/wp\/v2\/product_tag?post=47915"}],"curies":[{"name":"wp","href":"https:\/\/api.w.org\/{rel}","templated":true}]}}