{"id":47911,"date":"2024-04-01T04:28:25","date_gmt":"2024-04-01T04:28:25","guid":{"rendered":"https:\/\/e.kosmolat.eu\/product\/viorica-vie-attir-putas-sejas-mazgasanai-200-ml\/"},"modified":"2026-04-24T05:30:33","modified_gmt":"2026-04-24T05:30:33","slug":"viorica-vie-attir-putas-sejas-mazgasanai-200-ml","status":"publish","type":"product","link":"https:\/\/e.kosmolat.eu\/lv\/product\/viorica-vie-attir-putas-sejas-mazgasanai-200-ml\/","title":{"rendered":"VIORICA VIE Att\u012br.putas sejas mazg\u0101\u0161anai, 200 ml"},"content":{"rendered":"<p>Viephenol&trade; nodro&scaron;ina sp\u0113c\u012bgu antioksidantu aizsardz\u012bbu un stimul\u0113 \u0101das &scaron;\u016bnu atjauno&scaron;anos. Upenes lapu ekstrakts att\u012bra \u0101du un sa&scaron;aurina poras. Alvejas sula nomierina un m\u012bkstina \u0101du.&nbsp;<\/p>\n<p><strong>Lieto&scaron;ana:<\/strong> uzkl\u0101t uz mitras \u0101das, pamas\u0113t, noskalot ar \u016bdeni. Pirms lieto&scaron;anas p\u0101rbaud\u012bt l\u012bdzekli uz apak&scaron;delma iek&scaron;\u0113j\u0101s virsmas.&nbsp;<\/p>\n<p>Uzglab\u0101t t&deg; no +5 &deg;\u0421 l\u012bdz +25 &deg;\u0421, sarg\u0101jot no tie&scaron;iem saules stariem.<br \/>\n&nbsp;<\/p>\n","protected":false},"excerpt":{"rendered":"<p>Viephenol&trade; nodro&scaron;ina sp\u0113c\u012bgu antioksidantu aizsardz\u012bbu un stimul\u0113 \u0101das &scaron;\u016bnu atjauno&scaron;anos. Upenes lapu ekstrakts att\u012bra \u0101du un sa&scaron;aurina poras. Alvejas sula nomierina un m\u012bkstina \u0101du.&nbsp; Lieto&scaron;ana: uzkl\u0101t uz mitras \u0101das, pamas\u0113t, noskalot ar \u016bdeni. Pirms lieto&scaron;anas p\u0101rbaud\u012bt l\u012bdzekli uz apak&scaron;delma iek&scaron;\u0113j\u0101s virsmas.&nbsp; Uzglab\u0101t t&deg; no +5 &deg;\u0421 l\u012bdz +25 &deg;\u0421, sarg\u0101jot no tie&scaron;iem saules stariem. &nbsp;<\/p>\n","protected":false},"featured_media":88278,"template":"","meta":[],"product_cat":[1835],"product_tag":[],"class_list":{"0":"post-47911","1":"product","2":"type-product","3":"status-publish","4":"has-post-thumbnail","6":"product_brand-viorica-cosmeplant_bg","7":"product_cat-prausimosi-putos","9":"first","10":"instock","11":"taxable","12":"shipping-taxable","13":"product-type-simple"},"_links":{"self":[{"href":"https:\/\/e.kosmolat.eu\/lv\/wp-json\/wp\/v2\/product\/47911","targetHints":{"allow":["GET"]}}],"collection":[{"href":"https:\/\/e.kosmolat.eu\/lv\/wp-json\/wp\/v2\/product"}],"about":[{"href":"https:\/\/e.kosmolat.eu\/lv\/wp-json\/wp\/v2\/types\/product"}],"wp:featuredmedia":[{"embeddable":true,"href":"https:\/\/e.kosmolat.eu\/lv\/wp-json\/wp\/v2\/media\/88278"}],"wp:attachment":[{"href":"https:\/\/e.kosmolat.eu\/lv\/wp-json\/wp\/v2\/media?parent=47911"}],"wp:term":[{"taxonomy":"product_cat","embeddable":true,"href":"https:\/\/e.kosmolat.eu\/lv\/wp-json\/wp\/v2\/product_cat?post=47911"},{"taxonomy":"product_tag","embeddable":true,"href":"https:\/\/e.kosmolat.eu\/lv\/wp-json\/wp\/v2\/product_tag?post=47911"}],"curies":[{"name":"wp","href":"https:\/\/api.w.org\/{rel}","templated":true}]}}