{"id":47907,"date":"2024-04-01T04:28:12","date_gmt":"2024-04-01T04:28:12","guid":{"rendered":"https:\/\/e.kosmolat.eu\/product\/rocs-baby-zobu-pasta-mazuliem-maiga-kopsana-ar-abolu-35-ml\/"},"modified":"2024-11-05T13:32:13","modified_gmt":"2024-11-05T13:32:13","slug":"rocs-baby-zobu-pasta-mazuliem-maiga-kopsana-ar-abolu-35-ml","status":"publish","type":"product","link":"https:\/\/e.kosmolat.eu\/lv\/product\/rocs-baby-zobu-pasta-mazuliem-maiga-kopsana-ar-abolu-35-ml\/","title":{"rendered":"ROCS Baby  Zobu pasta mazu\u013ciem Maiga kop\u0161ana ar \u0101bolu, 35 ml"},"content":{"rendered":"<p>Dabiska un dro&scaron;a mazu\u013cu zobu un smaganu aizsardz\u012bba no dzim&scaron;anas. Ksil\u012bts (10%) un algin\u0101ts maigi aizsarg\u0101 pret kariesu izraiso&scaron;\u0101m bakt\u0113rij\u0101m un smaganu iekaisumu.patenti un patentu pieteikumi apstiprina formulas unikalit\u0101ti.<\/p>\n<p>Der\u012bguma termi\u0146&scaron;: 3 gadi.<br \/>\n<em>*Kl\u012bniski pier\u0101d\u012bts<\/em><\/p>\n","protected":false},"excerpt":{"rendered":"<p>Dabiska un dro&scaron;a mazu\u013cu zobu un smaganu aizsardz\u012bba no dzim&scaron;anas. Ksil\u012bts (10%) un algin\u0101ts maigi aizsarg\u0101 pret kariesu izraiso&scaron;\u0101m bakt\u0113rij\u0101m un smaganu iekaisumu.patenti un patentu pieteikumi apstiprina formulas unikalit\u0101ti. Der\u012bguma termi\u0146&scaron;: 3 gadi. *Kl\u012bniski pier\u0101d\u012bts<\/p>\n","protected":false},"featured_media":26838,"template":"","meta":[],"product_cat":[1335],"product_tag":[],"class_list":{"0":"post-47907","1":"product","2":"type-product","3":"status-publish","4":"has-post-thumbnail","6":"product_brand-rocs","7":"product_cat-bernu-mutes-dobuma-higiena","9":"first","10":"outofstock","11":"taxable","12":"shipping-taxable","13":"product-type-simple"},"_links":{"self":[{"href":"https:\/\/e.kosmolat.eu\/lv\/wp-json\/wp\/v2\/product\/47907","targetHints":{"allow":["GET"]}}],"collection":[{"href":"https:\/\/e.kosmolat.eu\/lv\/wp-json\/wp\/v2\/product"}],"about":[{"href":"https:\/\/e.kosmolat.eu\/lv\/wp-json\/wp\/v2\/types\/product"}],"wp:featuredmedia":[{"embeddable":true,"href":"https:\/\/e.kosmolat.eu\/lv\/wp-json\/wp\/v2\/media\/26838"}],"wp:attachment":[{"href":"https:\/\/e.kosmolat.eu\/lv\/wp-json\/wp\/v2\/media?parent=47907"}],"wp:term":[{"taxonomy":"product_cat","embeddable":true,"href":"https:\/\/e.kosmolat.eu\/lv\/wp-json\/wp\/v2\/product_cat?post=47907"},{"taxonomy":"product_tag","embeddable":true,"href":"https:\/\/e.kosmolat.eu\/lv\/wp-json\/wp\/v2\/product_tag?post=47907"}],"curies":[{"name":"wp","href":"https:\/\/api.w.org\/{rel}","templated":true}]}}