{"id":47899,"date":"2024-04-01T04:26:26","date_gmt":"2024-04-01T04:26:26","guid":{"rendered":"https:\/\/e.kosmolat.eu\/product\/i_me-too-2in1-dusas-zel-un-samp-berniem-wild-panda-500-ml\/"},"modified":"2025-09-20T00:35:29","modified_gmt":"2025-09-20T00:35:29","slug":"i_me-too-2in1-dusas-zel-un-samp-berniem-wild-panda-500-ml","status":"publish","type":"product","link":"https:\/\/e.kosmolat.eu\/lv\/product\/i_me-too-2in1-dusas-zel-un-samp-berniem-wild-panda-500-ml\/","title":{"rendered":"I_ME TOO 2in1 Du\u0161as \u017eel.un \u0161amp.b\u0113rniem Wild Panda, 500 ml"},"content":{"rendered":"<p>B\u0113rna \u0101das ikdienas kop&scaron;anai. Satur sast\u0101vda\u013cas, kas maigi att\u012bra un atsvaidzina \u0101du.<\/p>\n","protected":false},"excerpt":{"rendered":"<p>B\u0113rna \u0101das ikdienas kop&scaron;anai. Satur sast\u0101vda\u013cas, kas maigi att\u012bra un atsvaidzina \u0101du.<\/p>\n","protected":false},"featured_media":88138,"template":"","meta":[],"product_cat":[1798],"product_tag":[],"class_list":{"0":"post-47899","1":"product","2":"type-product","3":"status-publish","4":"has-post-thumbnail","6":"product_brand-vento_cz","7":"product_cat-1798","9":"first","10":"outofstock","11":"taxable","12":"shipping-taxable","13":"product-type-simple"},"_links":{"self":[{"href":"https:\/\/e.kosmolat.eu\/lv\/wp-json\/wp\/v2\/product\/47899","targetHints":{"allow":["GET"]}}],"collection":[{"href":"https:\/\/e.kosmolat.eu\/lv\/wp-json\/wp\/v2\/product"}],"about":[{"href":"https:\/\/e.kosmolat.eu\/lv\/wp-json\/wp\/v2\/types\/product"}],"wp:featuredmedia":[{"embeddable":true,"href":"https:\/\/e.kosmolat.eu\/lv\/wp-json\/wp\/v2\/media\/88138"}],"wp:attachment":[{"href":"https:\/\/e.kosmolat.eu\/lv\/wp-json\/wp\/v2\/media?parent=47899"}],"wp:term":[{"taxonomy":"product_cat","embeddable":true,"href":"https:\/\/e.kosmolat.eu\/lv\/wp-json\/wp\/v2\/product_cat?post=47899"},{"taxonomy":"product_tag","embeddable":true,"href":"https:\/\/e.kosmolat.eu\/lv\/wp-json\/wp\/v2\/product_tag?post=47899"}],"curies":[{"name":"wp","href":"https:\/\/api.w.org\/{rel}","templated":true}]}}