{"id":47883,"date":"2024-04-01T04:25:30","date_gmt":"2024-04-01T04:25:30","guid":{"rendered":"https:\/\/e.kosmolat.eu\/product\/shary-aktivi-atjaunojosa-auduma-sejas-maska-antistress-un-jaunibas-saglabasana-22-g\/"},"modified":"2025-09-19T22:30:38","modified_gmt":"2025-09-19T22:30:38","slug":"shary-aktivi-atjaunojosa-auduma-sejas-maska-antistress-un-jaunibas-saglabasana-22-g","status":"publish","type":"product","link":"https:\/\/e.kosmolat.eu\/lv\/product\/shary-aktivi-atjaunojosa-auduma-sejas-maska-antistress-un-jaunibas-saglabasana-22-g\/","title":{"rendered":"Shary Akt\u012bvi atjaunojo\u0161a auduma sejas maska &#8220;Antistress un jaun\u012bbas saglab\u0101\u0161ana&#8221;, 22 g"},"content":{"rendered":"<p>Stress un citi \u0101r\u0113jie faktori negat\u012bvi ietekm\u0113 \u0101das st\u0101vokli.<br \/>\nAtjaunojo\u0161a kop\u0161ana ir v\u0113rsta uz tvirtuma paaugstin\u0101\u0161anu, grumbu samazin\u0101\u0161anu un mirdzumu. Auduma maska ar niacinam\u012bdu un pept\u012bdiem nov\u0113r\u0161 noguruma p\u0113das, izl\u012bdzina, c\u012bn\u0101s ar vecuma izmai\u0146\u0101m. Maskas kr\u0113mveida tekst\u016bra nomierina jut\u012bgu sejas \u0101du.<br \/>\n<strong>Akt\u012bvas sast\u0101vda\u013cas: <\/strong><\/p>\n<p>pept\u012bdi, niacinam\u012bds, hialuronsk\u0101be, argin\u012bns, inul\u012bns, alanto\u012bns, beta\u012bns, piena ekstrakts, piena prote\u012bns, pantenols, \u0161\u012b sviests.<br \/>\n<strong>Lieto\u0161ana: <\/strong><\/p>\n<p>uz t\u012bras sausas sejas \u0101das pielieciet auduma masku un izl\u012bdziniet to. P\u0113c 10-15 min\u016bt\u0113m no\u0146emiet masku, izsm\u0113r\u0113jiet seruma p\u0101rpalikumus pa seju un pamas\u0113jiet.<br \/>\n<strong>Piesardz\u012bbas pas\u0101kumi: <\/strong><\/p>\n<p>tikai \u0101r\u012bgai lieto\u0161anai. Ja nok\u013c\u016bst uz acu g\u013cot\u0101du, nomazg\u0101t ar \u016bdeni. Nelietot uz boj\u0101tas \u0101das. Ja rodas kairin\u0101jums, p\u0101rtraukt lieto\u0161anu. Uzglab\u0101\u0161anas noteikumi: uzglab\u0101t temperat\u016br\u0101 no +5&deg;C l\u012bdz +25&deg;C, nepak\u013caujot saules stariem, b\u0113rniem nepieejam\u0101 viet\u0101.&nbsp;<br \/>\n&nbsp;<\/p>\n","protected":false},"excerpt":{"rendered":"<p>Stress un citi \u0101r\u0113jie faktori negat\u012bvi ietekm\u0113 \u0101das st\u0101vokli. Atjaunojo\u0161a kop\u0161ana ir v\u0113rsta uz tvirtuma paaugstin\u0101\u0161anu, grumbu samazin\u0101\u0161anu un mirdzumu. Auduma maska ar niacinam\u012bdu un pept\u012bdiem nov\u0113r\u0161 noguruma p\u0113das, izl\u012bdzina, c\u012bn\u0101s ar vecuma izmai\u0146\u0101m. Maskas kr\u0113mveida tekst\u016bra nomierina jut\u012bgu sejas \u0101du. Akt\u012bvas sast\u0101vda\u013cas: pept\u012bdi, niacinam\u012bds, hialuronsk\u0101be, argin\u012bns, inul\u012bns, alanto\u012bns, beta\u012bns, piena ekstrakts, piena prote\u012bns, pantenols, [&#8230;]\n","protected":false},"featured_media":86182,"template":"","meta":[],"product_cat":[1369],"product_tag":[],"class_list":{"0":"post-47883","1":"product","2":"type-product","3":"status-publish","4":"has-post-thumbnail","6":"product_brand-malina-akcija","7":"product_cat-veido-kaukes","9":"first","10":"outofstock","11":"taxable","12":"shipping-taxable","13":"product-type-simple"},"_links":{"self":[{"href":"https:\/\/e.kosmolat.eu\/lv\/wp-json\/wp\/v2\/product\/47883","targetHints":{"allow":["GET"]}}],"collection":[{"href":"https:\/\/e.kosmolat.eu\/lv\/wp-json\/wp\/v2\/product"}],"about":[{"href":"https:\/\/e.kosmolat.eu\/lv\/wp-json\/wp\/v2\/types\/product"}],"wp:featuredmedia":[{"embeddable":true,"href":"https:\/\/e.kosmolat.eu\/lv\/wp-json\/wp\/v2\/media\/86182"}],"wp:attachment":[{"href":"https:\/\/e.kosmolat.eu\/lv\/wp-json\/wp\/v2\/media?parent=47883"}],"wp:term":[{"taxonomy":"product_cat","embeddable":true,"href":"https:\/\/e.kosmolat.eu\/lv\/wp-json\/wp\/v2\/product_cat?post=47883"},{"taxonomy":"product_tag","embeddable":true,"href":"https:\/\/e.kosmolat.eu\/lv\/wp-json\/wp\/v2\/product_tag?post=47883"}],"curies":[{"name":"wp","href":"https:\/\/api.w.org\/{rel}","templated":true}]}}