{"id":47875,"date":"2024-04-01T04:25:07","date_gmt":"2024-04-01T04:25:07","guid":{"rendered":"https:\/\/e.kosmolat.eu\/product\/shary-dzili-mitrinosa-auduma-sejas-maska-akva-kopsana-un-tulitejs-mikstums-22-g\/"},"modified":"2025-09-19T22:30:21","modified_gmt":"2025-09-19T22:30:21","slug":"shary-dzili-mitrinosa-auduma-sejas-maska-akva-kopsana-un-tulitejs-mikstums-22-g","status":"publish","type":"product","link":"https:\/\/e.kosmolat.eu\/lv\/product\/shary-dzili-mitrinosa-auduma-sejas-maska-akva-kopsana-un-tulitejs-mikstums-22-g\/","title":{"rendered":"Shary Dzi\u013ci mitrino\u0161a auduma sejas maska &#8220;Akva kop\u0161ana un t\u016bl\u012bt\u0113js m\u012bkstums&#8221;, 22 g"},"content":{"rendered":"<p>Regul\u0101ra \u0101das mitrin\u0101\u0161ana &ndash; skaistuma un jaun\u012bbas priek\u0161nosac\u012bjums. Mitruma tr\u016bkums epidermas \u0161\u016bn\u0101s izraisa \u0101das sausumu, elast\u012bbas zudumu. Auduma maska ar hialuronsk\u0101bi un augu ekstraktiem atjauno \u016bdens l\u012bdzsvaru, paaugstina tonusu un izl\u012bdzina s\u012bkas grumbi\u0146as. \u017delejveida serums atsvaidzina, nodro\u0161ina maksim\u0101lu komfortu un m\u012bkstumu.<br \/>\nAkt\u012bvas sast\u0101vda\u013cas: hialuronsk\u0101be, n\u0101trija hialuron\u0101ts, beta\u012bns, Konjac Mannan ekstrakts, alvejas ekstrakts, skval\u0113ns, pantenols, r\u012bsu ekstrakts, mande\u013cu e\u013c\u013ca.<\/p>\n<p><strong>Lieto\u0161ana:<\/strong><\/p>\n<p>uz t\u012bras sausas sejas \u0101das pielieciet auduma masku un izl\u012bdziniet to. P\u0113c 10-15 min\u016bt\u0113m no\u0146emiet masku, izsm\u0113r\u0113jiet seruma p\u0101rpalikumus pa seju un pamas\u0113jiet.<\/p>\n<p><strong>Piesardz\u012bbas pas\u0101kumi:<\/strong><\/p>\n<p>tikai \u0101r\u012bgai lieto\u0161anai. Ja nok\u013c\u016bst uz acu g\u013cot\u0101du, nomazg\u0101t ar \u016bdeni. Nelietot uz boj\u0101tas \u0101das. Ja rodas kairin\u0101jums, p\u0101rtraukt lieto\u0161anu.<\/p>\n<p><strong>Uzglab\u0101\u0161anas noteikumi: <\/strong><\/p>\n<p>uzglab\u0101t temperat\u016br\u0101 no +5&deg;C l\u012bdz +25&deg;C, nepak\u013caujot saules stariem, b\u0113rniem nepieejam\u0101 viet\u0101.<\/p>\n","protected":false},"excerpt":{"rendered":"<p>Regul\u0101ra \u0101das mitrin\u0101\u0161ana &ndash; skaistuma un jaun\u012bbas priek\u0161nosac\u012bjums. Mitruma tr\u016bkums epidermas \u0161\u016bn\u0101s izraisa \u0101das sausumu, elast\u012bbas zudumu. Auduma maska ar hialuronsk\u0101bi un augu ekstraktiem atjauno \u016bdens l\u012bdzsvaru, paaugstina tonusu un izl\u012bdzina s\u012bkas grumbi\u0146as. \u017delejveida serums atsvaidzina, nodro\u0161ina maksim\u0101lu komfortu un m\u012bkstumu. Akt\u012bvas sast\u0101vda\u013cas: hialuronsk\u0101be, n\u0101trija hialuron\u0101ts, beta\u012bns, Konjac Mannan ekstrakts, alvejas ekstrakts, skval\u0113ns, pantenols, r\u012bsu [&#8230;]\n","protected":false},"featured_media":86178,"template":"","meta":[],"product_cat":[1369],"product_tag":[],"class_list":{"0":"post-47875","1":"product","2":"type-product","3":"status-publish","4":"has-post-thumbnail","6":"product_brand-malina-akcija","7":"product_cat-veido-kaukes","9":"first","10":"outofstock","11":"taxable","12":"shipping-taxable","13":"product-type-simple"},"_links":{"self":[{"href":"https:\/\/e.kosmolat.eu\/lv\/wp-json\/wp\/v2\/product\/47875","targetHints":{"allow":["GET"]}}],"collection":[{"href":"https:\/\/e.kosmolat.eu\/lv\/wp-json\/wp\/v2\/product"}],"about":[{"href":"https:\/\/e.kosmolat.eu\/lv\/wp-json\/wp\/v2\/types\/product"}],"wp:featuredmedia":[{"embeddable":true,"href":"https:\/\/e.kosmolat.eu\/lv\/wp-json\/wp\/v2\/media\/86178"}],"wp:attachment":[{"href":"https:\/\/e.kosmolat.eu\/lv\/wp-json\/wp\/v2\/media?parent=47875"}],"wp:term":[{"taxonomy":"product_cat","embeddable":true,"href":"https:\/\/e.kosmolat.eu\/lv\/wp-json\/wp\/v2\/product_cat?post=47875"},{"taxonomy":"product_tag","embeddable":true,"href":"https:\/\/e.kosmolat.eu\/lv\/wp-json\/wp\/v2\/product_tag?post=47875"}],"curies":[{"name":"wp","href":"https:\/\/api.w.org\/{rel}","templated":true}]}}