{"id":47835,"date":"2024-04-01T04:23:43","date_gmt":"2024-04-01T04:23:43","guid":{"rendered":"https:\/\/e.kosmolat.eu\/product\/mr-mattes-tualetes-bl-3in1-ar-meza-arom-40-g\/"},"modified":"2026-02-28T06:44:25","modified_gmt":"2026-02-28T06:44:25","slug":"mr-mattes-tualetes-bl-3in1-ar-meza-arom-40-g","status":"publish","type":"product","link":"https:\/\/e.kosmolat.eu\/lv\/product\/mr-mattes-tualetes-bl-3in1-ar-meza-arom-40-g\/","title":{"rendered":"MR. MATTES Tualetes bl. 3in1 ar me\u017ea arom., 40 g"},"content":{"rendered":"<p>Att\u012bra, veido putas un pie&scaron;\u0137ir svaigu arom\u0101tu.<\/p>\n<p><strong>Lieto&scaron;ana: <\/strong>paceliet tualetes poda v\u0101ku un s\u0113dekli, iz\u0146emiet bloku no iepakojuma un piekariet to uz tualetes poda malas.Viens bloks ilgst apm\u0113ram 3 &#8211; 4 ned\u0113\u013cas.<\/p>\n<p><strong>Sast\u0101v\u0101:<\/strong> 30 % un vair\u0101k anjonu virsmakt\u012bvo vielu, maz\u0101k par 5 % nejonu virsmakt\u012bvo vielu, maz\u0101k par 5 % fosf\u0101tu. Smar\u017eas un arom\u0101tisk\u0101s kompoz\u012bcijas.<\/p>\n<p>\n<strong><img decoding=\"async\" alt=\"\" src=\"file:\/\/\/C:\/Users\/masha\/Desktop\/GHS05.jpg\" style=\"height:40px; width:40px\" \/>GHS05&nbsp;B\u012bstami<\/strong><br \/>\n<strong>H318 <\/strong>Izraisa nopietnus acu boj\u0101jumus&nbsp;<br \/>\n<strong>H315 <\/strong>Kairina \u0101du<br \/>\n<strong>H412 <\/strong>Kait\u012bgs \u016bdens organismiem ar ilgsto&scaron;\u0101m sek\u0101m.<br \/>\nDro&scaron;\u012bbas pras\u012bbu apz\u012bm\u0113jumi:<br \/>\nP102 Sarg\u0101t no b\u0113rniem.<br \/>\nP264 P\u0113c izmanto&scaron;anas rokas k\u0101rt\u012bgi nomazg\u0101t.<br \/>\nP273 Izvair\u012bties no izplat\u012b&scaron;anas apk\u0101rt\u0113j\u0101 vid\u0113.<br \/>\nP280 Izmantot aizsargcimdus\/aizsargdr\u0113bes\/ acu aizsargus\/sejas aizsargus.<\/p>\n<p>P305+P351+P338 SASKAR\u0112 AR AC\u012aM: Uzman\u012bgi izskalot ar \u016bdeni vair\u0101kas min\u016btes. Iz\u0146emt kontaktl\u0113cas, ja t\u0101s ir ievietotas un ja to var vienk\u0101r&scaron;i izdar\u012bt. Turpin\u0101t skalot.<br \/>\nP302+P352 SASKAR\u0112 AR \u0100DU: nomazg\u0101t ar lielu ziepju un \u016bdens daudzumu. &nbsp;&nbsp;<br \/>\nP332+P313 Ja rodas \u0101das iekaisums: l\u016bdziet medi\u0137u pal\u012bdz\u012bbu.<br \/>\nP310 Nekav\u0113joties sazinieties ar SAIND\u0112&Scaron;AN\u0100S INFORM\u0100CIJAS CENTRU\/\u0101rstu ja jums ir slikta pa&scaron;saj\u016bta.<br \/>\nP501 Atbr\u012bvoties no satura\/tvertnes\/iepakojuma saska\u0146\u0101 ar valsts noteikumiem.<br \/>\n&nbsp;<\/p>\n","protected":false},"excerpt":{"rendered":"<p>Att\u012bra, veido putas un pie&scaron;\u0137ir svaigu arom\u0101tu. Lieto&scaron;ana: paceliet tualetes poda v\u0101ku un s\u0113dekli, iz\u0146emiet bloku no iepakojuma un piekariet to uz tualetes poda malas.Viens bloks ilgst apm\u0113ram 3 &#8211; 4 ned\u0113\u013cas. Sast\u0101v\u0101: 30 % un vair\u0101k anjonu virsmakt\u012bvo vielu, maz\u0101k par 5 % nejonu virsmakt\u012bvo vielu, maz\u0101k par 5 % fosf\u0101tu. Smar\u017eas un arom\u0101tisk\u0101s [&#8230;]\n","protected":false},"featured_media":91610,"template":"","meta":[],"product_cat":[1522],"product_tag":[],"class_list":{"0":"post-47835","1":"product","2":"type-product","3":"status-publish","4":"has-post-thumbnail","6":"product_brand-mattes_pl","7":"product_cat-gaisa-atsvaidzinataji-majas-aromati","9":"first","10":"outofstock","11":"taxable","12":"shipping-taxable","13":"product-type-simple"},"_links":{"self":[{"href":"https:\/\/e.kosmolat.eu\/lv\/wp-json\/wp\/v2\/product\/47835","targetHints":{"allow":["GET"]}}],"collection":[{"href":"https:\/\/e.kosmolat.eu\/lv\/wp-json\/wp\/v2\/product"}],"about":[{"href":"https:\/\/e.kosmolat.eu\/lv\/wp-json\/wp\/v2\/types\/product"}],"wp:featuredmedia":[{"embeddable":true,"href":"https:\/\/e.kosmolat.eu\/lv\/wp-json\/wp\/v2\/media\/91610"}],"wp:attachment":[{"href":"https:\/\/e.kosmolat.eu\/lv\/wp-json\/wp\/v2\/media?parent=47835"}],"wp:term":[{"taxonomy":"product_cat","embeddable":true,"href":"https:\/\/e.kosmolat.eu\/lv\/wp-json\/wp\/v2\/product_cat?post=47835"},{"taxonomy":"product_tag","embeddable":true,"href":"https:\/\/e.kosmolat.eu\/lv\/wp-json\/wp\/v2\/product_tag?post=47835"}],"curies":[{"name":"wp","href":"https:\/\/api.w.org\/{rel}","templated":true}]}}