{"id":47803,"date":"2024-04-01T04:22:45","date_gmt":"2024-04-01T04:22:45","guid":{"rendered":"https:\/\/e.kosmolat.eu\/product\/lybar-original-kosmetiskie-vates-diski-120-gab\/"},"modified":"2025-12-23T07:33:45","modified_gmt":"2025-12-23T07:33:45","slug":"lybar-original-kosmetiskie-vates-diski-120-gab","status":"publish","type":"product","link":"https:\/\/e.kosmolat.eu\/lv\/product\/lybar-original-kosmetiskie-vates-diski-120-gab\/","title":{"rendered":"LYBAR ORIGINAL Kosm\u0113tiskie vates diski, 120 gab."},"content":{"rendered":"<p>Kosm\u0113tiskie vates diski grima no\u0146em&scaron;anai ir izgatavoti no 100% kokvilnas. Piem\u0113roti ikdienas sejas, kakla un dekolt\u0113 \u0101das kop&scaron;anai.<\/p>\n","protected":false},"excerpt":{"rendered":"<p>Kosm\u0113tiskie vates diski grima no\u0146em&scaron;anai ir izgatavoti no 100% kokvilnas. Piem\u0113roti ikdienas sejas, kakla un dekolt\u0113 \u0101das kop&scaron;anai.<\/p>\n","protected":false},"featured_media":91594,"template":"","meta":[],"product_cat":[1810],"product_tag":[],"class_list":{"0":"post-47803","1":"product","2":"type-product","3":"status-publish","4":"has-post-thumbnail","6":"product_brand-mattes_pl","7":"product_cat-vates-izstradajumi","9":"first","10":"outofstock","11":"taxable","12":"shipping-taxable","13":"product-type-simple"},"_links":{"self":[{"href":"https:\/\/e.kosmolat.eu\/lv\/wp-json\/wp\/v2\/product\/47803","targetHints":{"allow":["GET"]}}],"collection":[{"href":"https:\/\/e.kosmolat.eu\/lv\/wp-json\/wp\/v2\/product"}],"about":[{"href":"https:\/\/e.kosmolat.eu\/lv\/wp-json\/wp\/v2\/types\/product"}],"wp:featuredmedia":[{"embeddable":true,"href":"https:\/\/e.kosmolat.eu\/lv\/wp-json\/wp\/v2\/media\/91594"}],"wp:attachment":[{"href":"https:\/\/e.kosmolat.eu\/lv\/wp-json\/wp\/v2\/media?parent=47803"}],"wp:term":[{"taxonomy":"product_cat","embeddable":true,"href":"https:\/\/e.kosmolat.eu\/lv\/wp-json\/wp\/v2\/product_cat?post=47803"},{"taxonomy":"product_tag","embeddable":true,"href":"https:\/\/e.kosmolat.eu\/lv\/wp-json\/wp\/v2\/product_tag?post=47803"}],"curies":[{"name":"wp","href":"https:\/\/api.w.org\/{rel}","templated":true}]}}