{"id":47755,"date":"2024-04-01T04:19:46","date_gmt":"2024-04-01T04:19:46","guid":{"rendered":"https:\/\/e.kosmolat.eu\/product\/milo-mitras-salvetes-atomas-salona-tirisanai-25-gab\/"},"modified":"2026-05-08T22:40:15","modified_gmt":"2026-05-08T22:40:15","slug":"milo-mitras-salvetes-automasinas-salona-tirisanai-25-gab","status":"publish","type":"product","link":"https:\/\/e.kosmolat.eu\/lv\/product\/milo-mitras-salvetes-automasinas-salona-tirisanai-25-gab\/","title":{"rendered":"MILO Mitr\u0101s salvetes Automa\u0161\u012bnas salona t\u012br\u012b\u0161anai, 25 gab."},"content":{"rendered":"<p>Mitr\u0101s salvetes ir paredz\u0113tas vis\u0101m plastmasas, vinila un gumijas deta\u013c\u0101m automa&scaron;\u012bnas salon\u0101. Ide\u0101li piem\u0113rotas \u0101trai t\u012br\u012b&scaron;anai, \u013caujot viegli un \u0101tri atbr\u012bvoties no net\u012brumiem.<\/p>\n<p><strong>Piesardz\u012bbas pas\u0101kumi:<\/strong> pirms lieto&scaron;anas salveti ieteicams p\u0101rbaud\u012bt uz neliela virsmas laukuma. Salvete ir paredz\u0113ta tikai vienreiz\u0113jai lieto&scaron;anai.<\/p>\n<p><strong>Lieto&scaron;ana:<\/strong> iz\u0146emiet salveti no iepakojuma un noslaukiet virsmu.<\/p>\n<p><strong>Sast\u0101v\u0101:<\/strong> maz\u0101k par 5 % nejonu virsmakt\u012bvo vielu, maz\u0101k par 5 % EDTA un t\u0101s s\u0101\u013cu. Konservanti.<\/p>\n<p>&nbsp;<\/p>\n<p><strong><img decoding=\"async\" alt=\"\" src=\"file:\/\/\/C:\/Users\/masha\/Desktop\/GHS07.png\" style=\"height:40px; width:40px\" \/>GHS07<\/strong><br \/>\nSign\u0101lv\u0101rds: Uzma\u012bbu<br \/>\nH317 Var izrais\u012bt aler\u0123isku \u0101das reakciju.<br \/>\nDro&scaron;\u012bbas pras\u012bbu apz\u012bm\u0113jumi:<br \/>\nP102 Sarg\u0101t no b\u0113rniem.<br \/>\nP264 P\u0113c izmanto&scaron;anas rokas k\u0101rt\u012bgi nomazg\u0101t.<br \/>\nP280 Izmantot aizsargcimdus.<br \/>\nP302+P352 SASKAR\u0112 AR \u0100DU: nomazg\u0101t ar lielu \u016bdens daudzumu. &nbsp;&nbsp;<br \/>\nP333+P313 Ja rodas \u0101das iekaisums vai izsitumi: l\u016bdziet medi\u0137u pal\u012bdz\u012bbu.<br \/>\nP403+P235 Glab\u0101t labi v\u0113din\u0101m\u0101s telp\u0101s. Tur\u0113t&nbsp;<br \/>\nv\u0113sum\u0101.<br \/>\nP402+P404 Glab\u0101t saus\u0101 viet\u0101. Glab\u0101t aizv\u0113rt\u0101 tvertn\u0113.<br \/>\nP410+P412 Aizsarg\u0101t no saules gaismas. Nepak\u013caut temperat\u016brai, kas p\u0101rsniedz 50 &deg;C.<br \/>\nP501 Atbr\u012bvoties no satura\/tvertnes\/iepakojuma saska\u0146\u0101 ar valsts noteikumiem.<br \/>\n&nbsp;<\/p>\n","protected":false},"excerpt":{"rendered":"<p>Mitr\u0101s salvetes ir paredz\u0113tas vis\u0101m plastmasas, vinila un gumijas deta\u013c\u0101m automa&scaron;\u012bnas salon\u0101. Ide\u0101li piem\u0113rotas \u0101trai t\u012br\u012b&scaron;anai, \u013caujot viegli un \u0101tri atbr\u012bvoties no net\u012brumiem. Piesardz\u012bbas pas\u0101kumi: pirms lieto&scaron;anas salveti ieteicams p\u0101rbaud\u012bt uz neliela virsmas laukuma. Salvete ir paredz\u0113ta tikai vienreiz\u0113jai lieto&scaron;anai. Lieto&scaron;ana: iz\u0146emiet salveti no iepakojuma un noslaukiet virsmu. Sast\u0101v\u0101: maz\u0101k par 5 % nejonu virsmakt\u012bvo [&#8230;]\n","protected":false},"featured_media":91654,"template":"","meta":[],"product_cat":[1724],"product_tag":[],"class_list":{"0":"post-47755","1":"product","2":"type-product","3":"status-publish","4":"has-post-thumbnail","6":"product_brand-mattes_pl","7":"product_cat-1724","9":"first","10":"instock","11":"taxable","12":"shipping-taxable","13":"product-type-simple"},"_links":{"self":[{"href":"https:\/\/e.kosmolat.eu\/lv\/wp-json\/wp\/v2\/product\/47755","targetHints":{"allow":["GET"]}}],"collection":[{"href":"https:\/\/e.kosmolat.eu\/lv\/wp-json\/wp\/v2\/product"}],"about":[{"href":"https:\/\/e.kosmolat.eu\/lv\/wp-json\/wp\/v2\/types\/product"}],"wp:featuredmedia":[{"embeddable":true,"href":"https:\/\/e.kosmolat.eu\/lv\/wp-json\/wp\/v2\/media\/91654"}],"wp:attachment":[{"href":"https:\/\/e.kosmolat.eu\/lv\/wp-json\/wp\/v2\/media?parent=47755"}],"wp:term":[{"taxonomy":"product_cat","embeddable":true,"href":"https:\/\/e.kosmolat.eu\/lv\/wp-json\/wp\/v2\/product_cat?post=47755"},{"taxonomy":"product_tag","embeddable":true,"href":"https:\/\/e.kosmolat.eu\/lv\/wp-json\/wp\/v2\/product_tag?post=47755"}],"curies":[{"name":"wp","href":"https:\/\/api.w.org\/{rel}","templated":true}]}}