{"id":47739,"date":"2024-04-01T04:19:16","date_gmt":"2024-04-01T04:19:16","guid":{"rendered":"https:\/\/e.kosmolat.eu\/product\/milo-mitras-salvetes-adas-izstradajumu-tirisanai-25-gab\/"},"modified":"2026-04-02T06:52:07","modified_gmt":"2026-04-02T06:52:07","slug":"milo-mitras-salvetes-adas-izstradajumu-tirisanai-25-gab","status":"publish","type":"product","link":"https:\/\/e.kosmolat.eu\/lv\/product\/milo-mitras-salvetes-adas-izstradajumu-tirisanai-25-gab\/","title":{"rendered":"MILO Mitr\u0101s salvetes \u0101das izstr\u0101d\u0101jumu t\u012br\u012b\u0161anai, 25 gab."},"content":{"rendered":"<p>Mitr\u0101s salvetes ir paredz\u0113tas \u0101das virsmu t\u012br\u012b&scaron;anai, piem\u0113ram, m\u0113bel\u0113m, apaviem un som\u0101m. Salvetes pie&scaron;\u0137ir att\u012br\u012btaj\u0101m virsm\u0101m sp\u012bdumu un pat\u012bkamu svaigu arom\u0101tu.<\/p>\n<p><strong>Piesardz\u012bbas pas\u0101kumi:<\/strong> pirms lieto&scaron;anas salveti ieteicams p\u0101rbaud\u012bt uz neliela virsmas laukuma. Salvete ir paredz\u0113ta tikai vienreiz\u0113jai lieto&scaron;anai.<\/p>\n<p><strong>Lieto&scaron;ana:<\/strong> iz\u0146emiet salveti no iepakojuma un noslaukiet virsmu.<\/p>\n<p><strong>Sast\u0101v\u0101:<\/strong> maz\u0101k par 5 % nejonu virsmakt\u012bvo vielu. Smar\u017eas un arom\u0101tisk\u0101s kompoz\u012bcijas. Konservanti.<\/p>\n<p><strong>Dro&scaron;\u012bbas pras\u012bbu apz\u012bm\u0113jumi:<\/strong><br \/>\nP102 Sarg\u0101t no b\u0113rniem.<br \/>\nP264 P\u0113c izmanto&scaron;anas rokas k\u0101rt\u012bgi nomazg\u0101t.<br \/>\nP280 Izmantot aizsargcimdus.<br \/>\nP403+P235 Glab\u0101t labi v\u0113din\u0101m\u0101s telp\u0101s. Tur\u0113t&nbsp;<br \/>\nv\u0113sum\u0101.<br \/>\nP402+P404 Glab\u0101t saus\u0101 viet\u0101. Glab\u0101t aizv\u0113rt\u0101 tvertn\u0113.<br \/>\nP410+P412 Aizsarg\u0101t no saules gaismas. Nepak\u013caut temperat\u016brai, kas p\u0101rsniedz 50 &deg;C.<br \/>\nP501 Atbr\u012bvoties no satura\/tvertnes\/iepakojuma saska\u0146\u0101 ar valsts noteikumiem.<\/p>\n","protected":false},"excerpt":{"rendered":"<p>Mitr\u0101s salvetes ir paredz\u0113tas \u0101das virsmu t\u012br\u012b&scaron;anai, piem\u0113ram, m\u0113bel\u0113m, apaviem un som\u0101m. Salvetes pie&scaron;\u0137ir att\u012br\u012btaj\u0101m virsm\u0101m sp\u012bdumu un pat\u012bkamu svaigu arom\u0101tu. Piesardz\u012bbas pas\u0101kumi: pirms lieto&scaron;anas salveti ieteicams p\u0101rbaud\u012bt uz neliela virsmas laukuma. Salvete ir paredz\u0113ta tikai vienreiz\u0113jai lieto&scaron;anai. Lieto&scaron;ana: iz\u0146emiet salveti no iepakojuma un noslaukiet virsmu. Sast\u0101v\u0101: maz\u0101k par 5 % nejonu virsmakt\u012bvo vielu. Smar\u017eas [&#8230;]\n","protected":false},"featured_media":91646,"template":"","meta":[],"product_cat":[1723],"product_tag":[],"class_list":{"0":"post-47739","1":"product","2":"type-product","3":"status-publish","4":"has-post-thumbnail","6":"product_brand-mattes_pl","7":"product_cat-mitras-salvetes","9":"first","10":"instock","11":"taxable","12":"shipping-taxable","13":"product-type-simple"},"_links":{"self":[{"href":"https:\/\/e.kosmolat.eu\/lv\/wp-json\/wp\/v2\/product\/47739","targetHints":{"allow":["GET"]}}],"collection":[{"href":"https:\/\/e.kosmolat.eu\/lv\/wp-json\/wp\/v2\/product"}],"about":[{"href":"https:\/\/e.kosmolat.eu\/lv\/wp-json\/wp\/v2\/types\/product"}],"wp:featuredmedia":[{"embeddable":true,"href":"https:\/\/e.kosmolat.eu\/lv\/wp-json\/wp\/v2\/media\/91646"}],"wp:attachment":[{"href":"https:\/\/e.kosmolat.eu\/lv\/wp-json\/wp\/v2\/media?parent=47739"}],"wp:term":[{"taxonomy":"product_cat","embeddable":true,"href":"https:\/\/e.kosmolat.eu\/lv\/wp-json\/wp\/v2\/product_cat?post=47739"},{"taxonomy":"product_tag","embeddable":true,"href":"https:\/\/e.kosmolat.eu\/lv\/wp-json\/wp\/v2\/product_tag?post=47739"}],"curies":[{"name":"wp","href":"https:\/\/api.w.org\/{rel}","templated":true}]}}