{"id":47715,"date":"2024-04-01T04:18:02","date_gmt":"2024-04-01T04:18:02","guid":{"rendered":"https:\/\/e.kosmolat.eu\/product\/tresemme-keratin-smooth-sampuns-685-ml\/"},"modified":"2025-09-20T04:06:42","modified_gmt":"2025-09-20T04:06:42","slug":"tresemme-keratin-smooth-sampuns-685-ml","status":"publish","type":"product","link":"https:\/\/e.kosmolat.eu\/lv\/product\/tresemme-keratin-smooth-sampuns-685-ml\/","title":{"rendered":"Tresemme Keratin Smooth \u0160amp\u016bns, 685 ml"},"content":{"rendered":"<p>&Scaron;amp\u016bns ar hidroliz\u0113tu kerat\u012bnu pal\u012bdz nov\u0113rst p\u016bko&scaron;anos, padarot matus grezni gludus un sp\u012bd\u012bgus 72 stundu garum\u0101. TRESemme PRO Style Tech ar aminosk\u0101b\u0113m un keram\u012bdiem, lieliski nostiprina matus, padarot tos paklaus\u012bg\u0101kus.<\/p>\n<p><strong>Lieto&scaron;ana:<\/strong> uzkl\u0101jiet uz mitriem matiem un iemas\u0113jiet, l\u012bdz par\u0101d\u0101s putas, p\u0113c tam noskalojiet ar siltu \u016bdeni.<\/p>\n<p><strong>Piesardz\u012bbas pas\u0101kumi:<\/strong> izvair\u012bties no iek\u013c\u016b&scaron;anas ac\u012bs. Ja nok\u013c\u016bst ac\u012bs, r\u016bp\u012bgi izskalot ar \u016bdeni.<\/p>\n<p>Uzglab\u0101t temperat\u016br\u0101 no +5 &deg;\u0421 l\u012bdz +25 &deg;\u0421.<\/p>\n","protected":false},"excerpt":{"rendered":"<p>&Scaron;amp\u016bns ar hidroliz\u0113tu kerat\u012bnu pal\u012bdz nov\u0113rst p\u016bko&scaron;anos, padarot matus grezni gludus un sp\u012bd\u012bgus 72 stundu garum\u0101. TRESemme PRO Style Tech ar aminosk\u0101b\u0113m un keram\u012bdiem, lieliski nostiprina matus, padarot tos paklaus\u012bg\u0101kus. Lieto&scaron;ana: uzkl\u0101jiet uz mitriem matiem un iemas\u0113jiet, l\u012bdz par\u0101d\u0101s putas, p\u0113c tam noskalojiet ar siltu \u016bdeni. Piesardz\u012bbas pas\u0101kumi: izvair\u012bties no iek\u013c\u016b&scaron;anas ac\u012bs. Ja nok\u013c\u016bst ac\u012bs, [&#8230;]\n","protected":false},"featured_media":91566,"template":"","meta":[],"product_cat":[1248],"product_tag":[],"class_list":{"0":"post-47715","1":"product","2":"type-product","3":"status-publish","4":"has-post-thumbnail","6":"product_brand-unilever-ua","7":"product_cat-sampuni","9":"first","10":"outofstock","11":"taxable","12":"shipping-taxable","13":"product-type-simple"},"_links":{"self":[{"href":"https:\/\/e.kosmolat.eu\/lv\/wp-json\/wp\/v2\/product\/47715","targetHints":{"allow":["GET"]}}],"collection":[{"href":"https:\/\/e.kosmolat.eu\/lv\/wp-json\/wp\/v2\/product"}],"about":[{"href":"https:\/\/e.kosmolat.eu\/lv\/wp-json\/wp\/v2\/types\/product"}],"wp:featuredmedia":[{"embeddable":true,"href":"https:\/\/e.kosmolat.eu\/lv\/wp-json\/wp\/v2\/media\/91566"}],"wp:attachment":[{"href":"https:\/\/e.kosmolat.eu\/lv\/wp-json\/wp\/v2\/media?parent=47715"}],"wp:term":[{"taxonomy":"product_cat","embeddable":true,"href":"https:\/\/e.kosmolat.eu\/lv\/wp-json\/wp\/v2\/product_cat?post=47715"},{"taxonomy":"product_tag","embeddable":true,"href":"https:\/\/e.kosmolat.eu\/lv\/wp-json\/wp\/v2\/product_tag?post=47715"}],"curies":[{"name":"wp","href":"https:\/\/api.w.org\/{rel}","templated":true}]}}